{"id":9474,"date":"2024-06-20T14:36:50","date_gmt":"2024-06-20T12:36:50","guid":{"rendered":"https:\/\/%20testpharmacieguillaume.mimaandcs.be\/?page_id=9474"},"modified":"2024-09-17T13:56:40","modified_gmt":"2024-09-17T11:56:40","slug":"infos-pratiques","status":"publish","type":"page","link":"https:\/\/www.pharmacie-guillaume.be\/index.php\/infos-pratiques\/","title":{"rendered":"Infos pratiques"},"content":{"rendered":"<div id=\"pl-9474\"  class=\"panel-layout\" ><div id=\"pg-9474-0\"  class=\"panel-grid panel-no-style\" ><div id=\"pgc-9474-0-0\"  class=\"panel-grid-cell\" ><div id=\"panel-9474-0-0-0\" class=\"so-panel widget widget_qt_feature_page widget-featured-page panel-first-child panel-last-child\" data-index=\"0\" >\n\t\t\t<div class=\"featured-page\">\n\t\t\t\t\t\t\t\t\t<div class=\"featured-page--image\">\n\t\t\t\t\t\t<a href=\"https:\/\/www.pharmacie-guillaume.be\/index.php\/infos-pratiques\/gardes-2\/\">\n\t\t\t\t\t\t\t<img loading=\"lazy\" decoding=\"async\" src=\"https:\/\/www.pharmacie-guillaume.be\/wp-content\/uploads\/2024\/06\/pharmacie_garde_448x300-360x240.png\" width=\"360\" height=\"240\" srcset=\"https:\/\/www.pharmacie-guillaume.be\/wp-content\/uploads\/2024\/06\/pharmacie_garde_448x300-360x240.png 360w, https:\/\/www.pharmacie-guillaume.be\/wp-content\/uploads\/2024\/06\/pharmacie_garde_448x300.png 448w\" sizes=\"auto, (min-width: 781px) 360px, calc(100vw - 30px)\" alt=\"Gardes\">\n\t\t\t\t\t\t\t<div class=\"featured-page--overlay\">\n\t\t\t\t\t\t\t\t\t\t\t\t\t\t\t\t\t<div class=\"overlay--center\">\n\t\t\t\t\t\t\t\t\t\t<span>Lire plus<\/span>\n\t\t\t\t\t\t\t\t\t<\/div>\n\t\t\t\t\t\t\t\t\t\t\t\t\t\t\t<\/div>\n\t\t\t\t\t\t<\/a>\n\t\t\t\t\t<\/div>\n\t\t\t\t\t\t\t\t<div class=\"featured-page--content\">\n\t\t\t\t\t<h4 class=\"featued-page--title\">\n\t\t\t\t\t\t<a href=\"https:\/\/www.pharmacie-guillaume.be\/index.php\/infos-pratiques\/gardes-2\/\">Gardes<\/a>\n\t\t\t\t\t<\/h4>\n\t\t\t\t\t\t\t\t\t\t\t<p>\n\n\tPharmacies de garde du 6 au 19 avril 2026\n        \n                                    \n                        \n                    Powered By EmbedPress        \n\n\n&nbsp;\n     ...<\/p>\n\t\t\t\t\t\t\t\t\t\t\t\t\t<a href=\"https:\/\/www.pharmacie-guillaume.be\/index.php\/infos-pratiques\/gardes-2\/\" class=\"text-link\">Lire plus<\/a>\n\t\t\t\t\t\t\t\t\t\t\t\t\t\t\t<\/div>\n\t\t\t<\/div>\n\n\t\t\t<\/div><\/div><div id=\"pgc-9474-0-1\"  class=\"panel-grid-cell panel-grid-cell-mobile-last\" ><div id=\"panel-9474-0-1-0\" class=\"so-panel widget widget_qt_feature_page widget-featured-page panel-first-child panel-last-child\" data-index=\"1\" >\n\t\t\t<div class=\"featured-page\">\n\t\t\t\t\t\t\t\t\t<div class=\"featured-page--image\">\n\t\t\t\t\t\t<a href=\"https:\/\/www.pharmacie-guillaume.be\/index.php\/infos-pratiques\/numeros-durgence\/\">\n\t\t\t\t\t\t\t<img loading=\"lazy\" decoding=\"async\" src=\"https:\/\/www.pharmacie-guillaume.be\/wp-content\/uploads\/2024\/06\/AdobeStock_628098787-360x240.jpeg\" width=\"360\" height=\"240\" srcset=\"https:\/\/www.pharmacie-guillaume.be\/wp-content\/uploads\/2024\/06\/AdobeStock_628098787-360x240.jpeg 360w, https:\/\/www.pharmacie-guillaume.be\/wp-content\/uploads\/2024\/06\/AdobeStock_628098787-850x567.jpeg 850w\" sizes=\"auto, (min-width: 781px) 360px, calc(100vw - 30px)\" alt=\"Num\u00e9ros d&#039;urgence\">\n\t\t\t\t\t\t\t<div class=\"featured-page--overlay\">\n\t\t\t\t\t\t\t\t\t\t\t\t\t\t\t\t\t<div class=\"overlay--center\">\n\t\t\t\t\t\t\t\t\t\t<span>Lire plus<\/span>\n\t\t\t\t\t\t\t\t\t<\/div>\n\t\t\t\t\t\t\t\t\t\t\t\t\t\t\t<\/div>\n\t\t\t\t\t\t<\/a>\n\t\t\t\t\t<\/div>\n\t\t\t\t\t\t\t\t<div class=\"featured-page--content\">\n\t\t\t\t\t<h4 class=\"featued-page--title\">\n\t\t\t\t\t\t<a href=\"https:\/\/www.pharmacie-guillaume.be\/index.php\/infos-pratiques\/numeros-durgence\/\">Num\u00e9ros d&#039;urgence<\/a>\n\t\t\t\t\t<\/h4>\n\t\t\t\t\t\t\t\t\t\t\t<p>\n\n\tM\u00e9decins et services de garde \nSi vous avez besoin d\u2019une aide m\u00e9dicale le weekend et les jours f\u00e9ri\u00e9s et que vos probl\u00e8mes m\u00e9dicaux ne peuvent pas attendre une consultation...<\/p>\n\t\t\t\t\t\t\t\t\t\t\t\t\t<a href=\"https:\/\/www.pharmacie-guillaume.be\/index.php\/infos-pratiques\/numeros-durgence\/\" class=\"text-link\">Lire plus<\/a>\n\t\t\t\t\t\t\t\t\t\t\t\t\t\t\t<\/div>\n\t\t\t<\/div>\n\n\t\t\t<\/div><\/div><div id=\"pgc-9474-0-2\"  class=\"panel-grid-cell panel-grid-cell-empty\" ><\/div><\/div><\/div>","protected":false},"excerpt":{"rendered":"<p>Lire plus Gardes Pharmacies de garde du 6 au 19 avril 2026 Powered By EmbedPress &nbsp; &#8230; Lire plus Lire plus Num\u00e9ros d&#039;urgence M\u00e9decins et services de garde Si vous avez besoin d\u2019une aide m\u00e9dicale le weekend et les jours f\u00e9ri\u00e9s et que vos probl\u00e8mes m\u00e9dicaux ne peuvent pas attendre une consultation&#8230; Lire plus<\/p>\n","protected":false},"author":1,"featured_media":0,"parent":0,"menu_order":0,"comment_status":"closed","ping_status":"closed","template":"","meta":{"_themeisle_gutenberg_block_has_review":false,"footnotes":""},"class_list":["post-9474","page","type-page","status-publish","hentry"],"jetpack_sharing_enabled":true,"_links":{"self":[{"href":"https:\/\/www.pharmacie-guillaume.be\/index.php\/wp-json\/wp\/v2\/pages\/9474","targetHints":{"allow":["GET"]}}],"collection":[{"href":"https:\/\/www.pharmacie-guillaume.be\/index.php\/wp-json\/wp\/v2\/pages"}],"about":[{"href":"https:\/\/www.pharmacie-guillaume.be\/index.php\/wp-json\/wp\/v2\/types\/page"}],"author":[{"embeddable":true,"href":"https:\/\/www.pharmacie-guillaume.be\/index.php\/wp-json\/wp\/v2\/users\/1"}],"replies":[{"embeddable":true,"href":"https:\/\/www.pharmacie-guillaume.be\/index.php\/wp-json\/wp\/v2\/comments?post=9474"}],"version-history":[{"count":1,"href":"https:\/\/www.pharmacie-guillaume.be\/index.php\/wp-json\/wp\/v2\/pages\/9474\/revisions"}],"predecessor-version":[{"id":10654,"href":"https:\/\/www.pharmacie-guillaume.be\/index.php\/wp-json\/wp\/v2\/pages\/9474\/revisions\/10654"}],"wp:attachment":[{"href":"https:\/\/www.pharmacie-guillaume.be\/index.php\/wp-json\/wp\/v2\/media?parent=9474"}],"curies":[{"name":"wp","href":"https:\/\/api.w.org\/{rel}","templated":true}]}}