{"id":8989,"date":"2024-06-28T16:45:57","date_gmt":"2024-06-28T14:45:57","guid":{"rendered":"https:\/\/%20testpharmacieguillaume.mimaandcs.be\/?page_id=8989"},"modified":"2024-09-17T13:59:45","modified_gmt":"2024-09-17T11:59:45","slug":"assurpharma","status":"publish","type":"page","link":"https:\/\/www.pharmacie-guillaume.be\/index.php\/services\/assurpharma\/","title":{"rendered":"AssurPharma"},"content":{"rendered":"<div id=\"pl-gb8989-69da186fd46ac\"  class=\"panel-layout wp-block-siteorigin-panels-layout-block\" ><div id=\"pg-gb8989-69da186fd46ac-0\"  class=\"panel-grid panel-no-style\" ><div id=\"pgc-gb8989-69da186fd46ac-0-0\"  class=\"panel-grid-cell\" ><div id=\"panel-gb8989-69da186fd46ac-0-0-0\" class=\"so-panel widget widget_sow-editor panel-first-child panel-last-child\" data-index=\"0\" ><div\n\t\t\t\n\t\t\tclass=\"so-widget-sow-editor so-widget-sow-editor-base\"\n\t\t\t\n\t\t>\n<div class=\"siteorigin-widget-tinymce textwidget\">\n\t<p><img loading=\"lazy\" decoding=\"async\" class=\"alignnone wp-image-9163 size-full\" src=\"https:\/\/www.pharmacie-guillaume.be\/wp-content\/uploads\/2020\/05\/assurpharma-1.jpg\" alt=\"\" width=\"330\" height=\"137\" srcset=\"https:\/\/www.pharmacie-guillaume.be\/wp-content\/uploads\/2020\/05\/assurpharma-1.jpg 330w, https:\/\/www.pharmacie-guillaume.be\/wp-content\/uploads\/2020\/05\/assurpharma-1-300x125.jpg 300w\" sizes=\"auto, (max-width: 330px) 100vw, 330px\" \/><br \/>\nNous offrons \u00e0 nos patients le service gratuit \u00ab\u00a0AssurPharma\u00a0\u00bb<\/p>\n<p>Vous avez souscrit une assurance hospitalisation ou une assurance soins ambulatoires aupr\u00e8s d\u2019un organisme comme DKV ou autres ?<\/p>\n<p>Gr\u00e2ce \u00e0 AssurPharma, nous transmettons \u00e9lectroniquement, de mani\u00e8re s\u00e9curis\u00e9e, les donn\u00e9es des attestations BVAC* \u00e0 votre assureur. Vous ne devez donc plus vous charger de l&#8217;envoi des documents papier par courrier postal ou email.<strong>\u00a0<\/strong><\/p>\n<p><img loading=\"lazy\" decoding=\"async\" class=\"alignnone wp-image-9161 size-full\" src=\"https:\/\/www.pharmacie-guillaume.be\/wp-content\/uploads\/2020\/05\/image-assur.jpg\" alt=\"\" width=\"285\" height=\"154\" \/><br \/>\nIl vous suffit juste :<\/p>\n<ul>\n<li>de vous renseigner aupr\u00e8s de votre assurance pour voir si elle adh\u00e8re \u00e0 ce\u00a0syst\u00e8me et dans quelles conditions.<\/li>\n<li>de nous pr\u00e9senter votre carte d\u2019assurabilit\u00e9 avec le code-barres d\u2019identification sp\u00e9cifique \u00e0 l&#8217;achat des m\u00e9dicaments prescrits.<\/li>\n<\/ul>\n<p>Nous vous remettrons un document confirmant l\u2019envoi de vos ordonnances\u00a0\u00e0 votre organisme assureur<\/p>\n<p>&nbsp;<\/p>\n<p>* Qu\u2019est-ce qu\u2019une attestation BVAC ?<\/p>\n<p>Les assurances \u00ab\u00a0hospitalisation\u00a0\u00bb couvrent les frais pharmaceutiques avant et apr\u00e8s un s\u00e9jour \u00e0 l\u2019h\u00f4pital. De leur c\u00f4t\u00e9, les assurances soins ambulatoires couvrent aussi fr\u00e9quemment ces frais pharmaceutiques. Afin de pouvoir effectuer le remboursement, l\u2019assureur a besoin de certaines informations, qui figurent sur l\u2019attestation BVAC. Cette attestation BVAC est d\u00e9livr\u00e9e par le pharmacien au patient, qui la transmet \u00e0 son tour \u00e0 son assureur. Les frais peuvent ainsi \u00eatre correctement trait\u00e9s. BVAC signifie \u00ab bijkomende verzekering \/ assurance compl\u00e9mentaire \u00bb.<\/p>\n<p>En cas de question ou pour visualiser une vid\u00e9o explicative\u00a0<a href=\"http:\/\/assurpharma.be\/index.php\/fr\/\">cliquez-ici<\/a><\/p>\n<p>&nbsp;<\/p>\n<\/div>\n<\/div><\/div><\/div><\/div><\/div>","protected":false},"excerpt":{"rendered":"<p>AssurPharma = transmission \u00e9lectronique s\u00e9curis\u00e9e des donn\u00e9es des attestations BVAC \u00e0 un assureur<\/p>\n","protected":false},"author":1,"featured_media":9560,"parent":110,"menu_order":0,"comment_status":"closed","ping_status":"closed","template":"","meta":{"_themeisle_gutenberg_block_has_review":false,"footnotes":""},"class_list":["post-8989","page","type-page","status-publish","has-post-thumbnail","hentry"],"jetpack_sharing_enabled":true,"_links":{"self":[{"href":"https:\/\/www.pharmacie-guillaume.be\/index.php\/wp-json\/wp\/v2\/pages\/8989","targetHints":{"allow":["GET"]}}],"collection":[{"href":"https:\/\/www.pharmacie-guillaume.be\/index.php\/wp-json\/wp\/v2\/pages"}],"about":[{"href":"https:\/\/www.pharmacie-guillaume.be\/index.php\/wp-json\/wp\/v2\/types\/page"}],"author":[{"embeddable":true,"href":"https:\/\/www.pharmacie-guillaume.be\/index.php\/wp-json\/wp\/v2\/users\/1"}],"replies":[{"embeddable":true,"href":"https:\/\/www.pharmacie-guillaume.be\/index.php\/wp-json\/wp\/v2\/comments?post=8989"}],"version-history":[{"count":2,"href":"https:\/\/www.pharmacie-guillaume.be\/index.php\/wp-json\/wp\/v2\/pages\/8989\/revisions"}],"predecessor-version":[{"id":11017,"href":"https:\/\/www.pharmacie-guillaume.be\/index.php\/wp-json\/wp\/v2\/pages\/8989\/revisions\/11017"}],"up":[{"embeddable":true,"href":"https:\/\/www.pharmacie-guillaume.be\/index.php\/wp-json\/wp\/v2\/pages\/110"}],"wp:featuredmedia":[{"embeddable":true,"href":"https:\/\/www.pharmacie-guillaume.be\/index.php\/wp-json\/wp\/v2\/media\/9560"}],"wp:attachment":[{"href":"https:\/\/www.pharmacie-guillaume.be\/index.php\/wp-json\/wp\/v2\/media?parent=8989"}],"curies":[{"name":"wp","href":"https:\/\/api.w.org\/{rel}","templated":true}]}}