{"id":55,"date":"2024-07-01T22:45:50","date_gmt":"2024-07-01T20:45:50","guid":{"rendered":"http:\/\/export-xml.qreativethemes.com\/physio\/?page_id=55"},"modified":"2024-11-26T21:06:19","modified_gmt":"2024-11-26T20:06:19","slug":"home","status":"publish","type":"page","link":"https:\/\/www.pharmacie-guillaume.be\/","title":{"rendered":"Home"},"content":{"rendered":"<div id=\"pl-55\"  class=\"panel-layout\" ><div id=\"pg-55-0\"  class=\"panel-grid panel-no-style\" ><div id=\"pgc-55-0-0\"  class=\"panel-grid-cell\" ><\/div><\/div><div id=\"pg-55-1\"  class=\"panel-grid panel-no-style\" ><div id=\"pgc-55-1-0\"  class=\"panel-grid-cell\" ><div id=\"panel-55-1-0-0\" class=\"so-panel widget widget_sow-editor panel-first-child panel-last-child\" data-index=\"1\" ><div\n\t\t\t\n\t\t\tclass=\"so-widget-sow-editor so-widget-sow-editor-base\"\n\t\t\t\n\t\t>\n<div class=\"siteorigin-widget-tinymce textwidget\">\n\t<p><span style=\"font-size: 18px;\"><i><strong>Notre passion : vous offrir un service personnalis\u00e9 et professionnel<\/strong><\/i><\/span><\/p>\n<p>Notre \u00e9quipe vous accueille avec plaisir et est \u00e0 votre \u00e9coute pour vous conseiller et trouver les meilleures solutions pour prendre soin de votre sant\u00e9.<br \/>\nNous r\u00e9alisons toutes les commandes et pr\u00e9parations prescrites par votre m\u00e9decin, et vous proposons \u00e9galement des pr\u00e9parations faites maison.<br \/>\nNous fournissons du mat\u00e9riel de revalidation et de maintien \u00e0 domicile.<br \/>\nNous d\u00e9livrons \u00e9galement des sp\u00e9cialit\u00e9s v\u00e9t\u00e9rinaires et produits di\u00e9t\u00e9tiques pour animaux.<br \/>\nUne large gamme en parapharmacie est \u00e9galement \u00e0 votre disposition : cosm\u00e9tiques et soins corporels, laits et soins pour b\u00e9b\u00e9s, hom\u00e9opathie et phytopharmacie, boissons hyperprot\u00e9in\u00e9es, etc.<\/p>\n<\/div>\n<\/div><\/div><\/div><\/div><div id=\"pg-55-2\"  class=\"panel-grid panel-no-style\" ><div id=\"pgc-55-2-0\"  class=\"panel-grid-cell\" ><div id=\"panel-55-2-0-0\" class=\"so-panel widget widget_qt_feature_page widget-featured-page panel-first-child panel-last-child\" data-index=\"2\" >\n\t\t\t<div class=\"featured-page\">\n\t\t\t\t\t\t\t\t\t<div class=\"featured-page--image\">\n\t\t\t\t\t\t<a href=\"https:\/\/www.pharmacie-guillaume.be\/index.php\/services\/\">\n\t\t\t\t\t\t\t<img loading=\"lazy\" decoding=\"async\" src=\"https:\/\/www.pharmacie-guillaume.be\/wp-content\/uploads\/2024\/06\/AdobeStock_506777308-360x240.jpeg\" width=\"360\" height=\"240\" srcset=\"https:\/\/www.pharmacie-guillaume.be\/wp-content\/uploads\/2024\/06\/AdobeStock_506777308-360x240.jpeg 360w, https:\/\/www.pharmacie-guillaume.be\/wp-content\/uploads\/2024\/06\/AdobeStock_506777308-850x567.jpeg 850w\" sizes=\"auto, (min-width: 781px) 360px, calc(100vw - 30px)\" alt=\"Nos services\">\n\t\t\t\t\t\t\t<div class=\"featured-page--overlay\">\n\t\t\t\t\t\t\t\t\t\t\t\t\t\t\t\t\t<div class=\"overlay--center\">\n\t\t\t\t\t\t\t\t\t\t<span>Lire plus<\/span>\n\t\t\t\t\t\t\t\t\t<\/div>\n\t\t\t\t\t\t\t\t\t\t\t\t\t\t\t<\/div>\n\t\t\t\t\t\t<\/a>\n\t\t\t\t\t<\/div>\n\t\t\t\t\t\t\t\t<div class=\"featured-page--content\">\n\t\t\t\t\t<h4 class=\"featued-page--title\">\n\t\t\t\t\t\t<a href=\"https:\/\/www.pharmacie-guillaume.be\/index.php\/services\/\">Nos services<\/a>\n\t\t\t\t\t<\/h4>\n\t\t\t\t\t\t\t\t\t\t\t<p>Retrouvez tous nos services<\/p>\n\t\t\t\t\t\t\t\t\t\t\t\t\t<a href=\"https:\/\/www.pharmacie-guillaume.be\/index.php\/services\/\" class=\"text-link\">Lire plus<\/a>\n\t\t\t\t\t\t\t\t\t\t\t\t\t\t\t<\/div>\n\t\t\t<\/div>\n\n\t\t\t<\/div><\/div><div id=\"pgc-55-2-1\"  class=\"panel-grid-cell panel-grid-cell-empty\" ><\/div><div id=\"pgc-55-2-2\"  class=\"panel-grid-cell\" ><div id=\"panel-55-2-2-0\" class=\"so-panel widget widget_sow-editor panel-first-child\" data-index=\"3\" ><div class=\"panel-widget-style panel-widget-style-for-55-2-2-0\" ><div\n\t\t\t\n\t\t\tclass=\"so-widget-sow-editor so-widget-sow-editor-base\"\n\t\t\t\n\t\t>\n<div class=\"siteorigin-widget-tinymce textwidget\">\n\t<p style=\"text-align: right;\"><span class=\"opening-hours-conditional open show update\" data-data=\"{&quot;open&quot;:true,&quot;open_now&quot;:true,&quot;closed&quot;:false,&quot;closed_now&quot;:false,&quot;hide&quot;:true,&quot;remove_html&quot;:true,&quot;change&quot;:6651,&quot;reload&quot;:false,&quot;immediate&quot;:false,&quot;html&quot;:null}\">\u00a0<img loading=\"lazy\" decoding=\"async\" class=\"alignnone wp-image-10376\" src=\"https:\/\/testpharmacieguillaume.mimaandcs.be\/wp-content\/uploads\/2024\/04\/ouvert-150x150.png\" alt=\"\" width=\"75\" height=\"75\" srcset=\"https:\/\/www.pharmacie-guillaume.be\/wp-content\/uploads\/2024\/04\/ouvert-150x150.png 150w, https:\/\/www.pharmacie-guillaume.be\/wp-content\/uploads\/2024\/04\/ouvert-100x100.png 100w\" sizes=\"auto, (max-width: 75px) 100vw, 75px\" \/><\/span><\/p>\n<p style=\"text-align: right;\"><span class=\"opening-hours-conditional closed hide update\" data-data=\"{&quot;open&quot;:false,&quot;open_now&quot;:true,&quot;closed&quot;:true,&quot;closed_now&quot;:false,&quot;hide&quot;:true,&quot;remove_html&quot;:true,&quot;change&quot;:6651,&quot;reload&quot;:false,&quot;immediate&quot;:false,&quot;html&quot;:&quot; &lt;img loading=\\&quot;lazy\\&quot; decoding=\\&quot;async\\&quot; class=\\&quot;alignnone wp-image-10375\\&quot; src=\\&quot;https:\\\/\\\/testpharmacieguillaume.mimaandcs.be\\\/wp-content\\\/uploads\\\/2024\\\/04\\\/ferme-150x150.png\\&quot; alt=\\&quot;\\&quot; width=\\&quot;75\\&quot; height=\\&quot;75\\&quot; srcset=\\&quot;https:\\\/\\\/www.pharmacie-guillaume.be\\\/wp-content\\\/uploads\\\/2024\\\/04\\\/ferme-150x150.png 150w, https:\\\/\\\/www.pharmacie-guillaume.be\\\/wp-content\\\/uploads\\\/2024\\\/04\\\/ferme-100x100.png 100w\\&quot; sizes=\\&quot;auto, (max-width: 75px) 100vw, 75px\\&quot; \\\/&gt;&quot;}\"><\/span><\/p>\n<\/div>\n<\/div><\/div><\/div><div id=\"panel-55-2-2-1\" class=\"so-panel widget widget_widget_op_overview\" data-index=\"4\" ><div class=\"panel-widget-style panel-widget-style-for-55-2-2-1\" ><h3 class=\"widget-title\">Horaires<\/h3>\n<table class=\"op-table op-table-overview\">\n  \n    <tr class=\"op-row op-row-day \">\n    <th class=\"op-cell op-cell-heading\" scope=\"row\">lundi \u2013 vendredi<\/th>\n    <td class=\"op-cell op-cell-periods\"><span class=\"op-period-time \">8 h 30 \u2013 12 h 30<\/span><span class=\"op-period-time \">13 h 30 \u2013 18 h 30<\/span><\/td>\n  <\/tr>\n    <tr class=\"op-row op-row-day highlighted\">\n    <th class=\"op-cell op-cell-heading\" scope=\"row\">samedi<\/th>\n    <td class=\"op-cell op-cell-periods\"><span class=\"op-period-time \">9 h 00 \u2013 12 h 00<\/span><\/td>\n  <\/tr>\n    <tr class=\"op-row op-row-day \">\n    <th class=\"op-cell op-cell-heading\" scope=\"row\">dimanche<\/th>\n    <td class=\"op-cell op-cell-periods\"><span class=\"op-closed\">Ferm\u00e9<\/span><\/td>\n  <\/tr>\n  <\/table>\n\n<\/div><\/div><div id=\"panel-55-2-2-2\" class=\"so-panel widget widget_sow-editor panel-last-child\" data-index=\"5\" ><div class=\"panel-widget-style panel-widget-style-for-55-2-2-2\" ><div\n\t\t\t\n\t\t\tclass=\"so-widget-sow-editor so-widget-sow-editor-base\"\n\t\t\t\n\t\t><h3 class=\"widget-title\">Nous contacter<\/h3>\n<div class=\"siteorigin-widget-tinymce textwidget\">\n\t<p>Rue de la Lib\u00e9ration 46<br \/>\n1440 Braine-le-Ch\u00e2teau<br \/>\nT\u00e9l : 02.366.90.65<br \/>\nMail : <a href=\"mailto:pharmacieguillaumeblc@gmail.com\">pharmacieguillaumeblc@gmail.com<\/a><\/p>\n<p><a href=\"https:\/\/www.facebook.com\/Pharmacie-Guillaume-111422341032189\"><img loading=\"lazy\" decoding=\"async\" class=\"alignnone wp-image-9175\" src=\"https:\/\/testpharmacieparvais.mimaandcs.be\/wp-content\/uploads\/2020\/05\/logo-facebook-150x150.png\" alt=\"facebook\" width=\"29\" height=\"29\" srcset=\"https:\/\/www.pharmacie-guillaume.be\/wp-content\/uploads\/2020\/05\/logo-facebook-150x150.png 150w, https:\/\/www.pharmacie-guillaume.be\/wp-content\/uploads\/2020\/05\/logo-facebook-300x300.png 300w, https:\/\/www.pharmacie-guillaume.be\/wp-content\/uploads\/2020\/05\/logo-facebook-100x100.png 100w, https:\/\/www.pharmacie-guillaume.be\/wp-content\/uploads\/2020\/05\/logo-facebook.png 512w\" sizes=\"auto, (max-width: 29px) 100vw, 29px\" \/><\/a>\u00a0 \u00a0 <a href=\"\/index.php\/contactez-nous\/\"><img loading=\"lazy\" decoding=\"async\" class=\"alignnone wp-image-9542\" src=\"https:\/\/testpharmacieparvais.mimaandcs.be\/wp-content\/uploads\/2020\/06\/icon-mail.png\" alt=\"\" width=\"31\" height=\"31\" \/><\/a><\/p>\n<\/div>\n<\/div><\/div><\/div><\/div><\/div><div id=\"pg-55-3\"  class=\"panel-grid panel-no-style\" ><div id=\"pgc-55-3-0\"  class=\"panel-grid-cell\" ><div id=\"panel-55-3-0-0\" class=\"so-panel widget widget_qt_feature_page widget-featured-page panel-first-child panel-last-child\" data-index=\"6\" >\n\t\t\t<div class=\"featured-page\">\n\t\t\t\t\t\t\t\t\t<div class=\"featured-page--image\">\n\t\t\t\t\t\t<a href=\"https:\/\/www.pharmacie-guillaume.be\/index.php\/nos-preparations-maison\/\">\n\t\t\t\t\t\t\t<img loading=\"lazy\" decoding=\"async\" src=\"https:\/\/www.pharmacie-guillaume.be\/wp-content\/uploads\/2024\/04\/produit-maison-2-360x240.jpg\" width=\"360\" height=\"240\" srcset=\"https:\/\/www.pharmacie-guillaume.be\/wp-content\/uploads\/2024\/04\/produit-maison-2-360x240.jpg 360w, https:\/\/www.pharmacie-guillaume.be\/wp-content\/uploads\/2024\/04\/produit-maison-2-850x567.jpg 850w\" sizes=\"auto, (min-width: 781px) 360px, calc(100vw - 30px)\" alt=\"Nos pr\u00e9parations maison\">\n\t\t\t\t\t\t\t<div class=\"featured-page--overlay\">\n\t\t\t\t\t\t\t\t\t\t\t\t\t\t\t\t\t<div class=\"overlay--center\">\n\t\t\t\t\t\t\t\t\t\t<span>Voir nos pr\u00e9parations<\/span>\n\t\t\t\t\t\t\t\t\t<\/div>\n\t\t\t\t\t\t\t\t\t\t\t\t\t\t\t<\/div>\n\t\t\t\t\t\t<\/a>\n\t\t\t\t\t<\/div>\n\t\t\t\t\t\t\t\t<div class=\"featured-page--content\">\n\t\t\t\t\t<h4 class=\"featued-page--title\">\n\t\t\t\t\t\t<a href=\"https:\/\/www.pharmacie-guillaume.be\/index.php\/nos-preparations-maison\/\">Nos pr\u00e9parations maison<\/a>\n\t\t\t\t\t<\/h4>\n\t\t\t\t\t\t\t\t\t\t\t<p>\n\n\t\nAllergies solaires\nG\u00e9lules en pr\u00e9vention des allergies solaires\n\n\n\n\t\nB\u00e9b\u00e9\nCr\u00e8me de change pour les b\u00e9b\u00e9s (Patapet)\n\n\n\n\t\nBouche\nGouttes buccales d\u00e9sinfectantes (aphtes, l\u00e9sions...<\/p>\n\t\t\t\t\t\t\t\t\t\t\t\t\t<a href=\"https:\/\/www.pharmacie-guillaume.be\/index.php\/nos-preparations-maison\/\" class=\"text-link\">Voir nos pr\u00e9parations<\/a>\n\t\t\t\t\t\t\t\t\t\t\t\t\t\t\t<\/div>\n\t\t\t<\/div>\n\n\t\t\t<\/div><\/div><div id=\"pgc-55-3-1\"  class=\"panel-grid-cell\" ><div id=\"panel-55-3-1-0\" class=\"so-panel widget widget_qt_feature_page widget-featured-page panel-first-child panel-last-child\" data-index=\"7\" >\n\t\t\t<div class=\"featured-page\">\n\t\t\t\t\t\t\t\t\t<div class=\"featured-page--image\">\n\t\t\t\t\t\t<a href=\"https:\/\/www.pharmacie-guillaume.be\/index.php\/promos-temporaires-et-ristournes\/\">\n\t\t\t\t\t\t\t<img loading=\"lazy\" decoding=\"async\" src=\"https:\/\/www.pharmacie-guillaume.be\/wp-content\/uploads\/2024\/06\/promo-pt2-360x240.jpg\" width=\"360\" height=\"240\" srcset=\"https:\/\/www.pharmacie-guillaume.be\/wp-content\/uploads\/2024\/06\/promo-pt2-360x240.jpg 360w, https:\/\/www.pharmacie-guillaume.be\/wp-content\/uploads\/2024\/06\/promo-pt2-850x367.jpg 850w\" sizes=\"auto, (min-width: 781px) 360px, calc(100vw - 30px)\" alt=\"Promos\">\n\t\t\t\t\t\t\t<div class=\"featured-page--overlay\">\n\t\t\t\t\t\t\t\t\t\t\t\t\t\t\t\t\t<div class=\"overlay--center\">\n\t\t\t\t\t\t\t\t\t\t<span>Lire plus<\/span>\n\t\t\t\t\t\t\t\t\t<\/div>\n\t\t\t\t\t\t\t\t\t\t\t\t\t\t\t<\/div>\n\t\t\t\t\t\t<\/a>\n\t\t\t\t\t<\/div>\n\t\t\t\t\t\t\t\t<div class=\"featured-page--content\">\n\t\t\t\t\t<h4 class=\"featued-page--title\">\n\t\t\t\t\t\t<a href=\"https:\/\/www.pharmacie-guillaume.be\/index.php\/promos-temporaires-et-ristournes\/\">Promos<\/a>\n\t\t\t\t\t<\/h4>\n\t\t\t\t\t\t\t\t\t\t\t\n\n\t\nJusqu&#039;\u00e0 \u00e9puisement du stock\nSUPER ACTIONS !\nNOUVEAU : Frontline Combi Line Cat\u00a0pour les chats et...<\/p>\n\t\t\t\t\t\t\t\t\t\t\t\t\t<a href=\"https:\/\/www.pharmacie-guillaume.be\/index.php\/promos-temporaires-et-ristournes\/\" class=\"text-link\">Lire plus<\/a>\n\t\t\t\t\t\t\t\t\t\t\t\t\t\t\t<\/div>\n\t\t\t<\/div>\n\n\t\t\t<\/div><\/div><div id=\"pgc-55-3-2\"  class=\"panel-grid-cell\" ><div id=\"panel-55-3-2-0\" class=\"so-panel widget widget_qt_feature_page widget-featured-page panel-first-child panel-last-child\" data-index=\"8\" >\n\t\t\t<div class=\"featured-page\">\n\t\t\t\t\t\t\t\t\t<div class=\"featured-page--image\">\n\t\t\t\t\t\t<a href=\"https:\/\/www.pharmacie-guillaume.be\/index.php\/infos-pratiques\/gardes-2\/\">\n\t\t\t\t\t\t\t<img loading=\"lazy\" decoding=\"async\" src=\"https:\/\/www.pharmacie-guillaume.be\/wp-content\/uploads\/2024\/06\/pharmacie_garde_448x300-360x240.png\" width=\"360\" height=\"240\" srcset=\"https:\/\/www.pharmacie-guillaume.be\/wp-content\/uploads\/2024\/06\/pharmacie_garde_448x300-360x240.png 360w, https:\/\/www.pharmacie-guillaume.be\/wp-content\/uploads\/2024\/06\/pharmacie_garde_448x300.png 448w\" sizes=\"auto, (min-width: 781px) 360px, calc(100vw - 30px)\" alt=\"Gardes\">\n\t\t\t\t\t\t\t<div class=\"featured-page--overlay\">\n\t\t\t\t\t\t\t\t\t\t\t\t\t\t\t\t\t<div class=\"overlay--center\">\n\t\t\t\t\t\t\t\t\t\t<span>Voir la liste<\/span>\n\t\t\t\t\t\t\t\t\t<\/div>\n\t\t\t\t\t\t\t\t\t\t\t\t\t\t\t<\/div>\n\t\t\t\t\t\t<\/a>\n\t\t\t\t\t<\/div>\n\t\t\t\t\t\t\t\t<div class=\"featured-page--content\">\n\t\t\t\t\t<h4 class=\"featued-page--title\">\n\t\t\t\t\t\t<a href=\"https:\/\/www.pharmacie-guillaume.be\/index.php\/infos-pratiques\/gardes-2\/\">Gardes<\/a>\n\t\t\t\t\t<\/h4>\n\t\t\t\t\t\t\t\t\t\t\t<p>\n\n\tPharmacies de garde du 6 au 19 avril 2026\n        \n                                    \n                        \n                    Powered By EmbedPress        \n\n\n&nbsp;\n     ...<\/p>\n\t\t\t\t\t\t\t\t\t\t\t\t\t<a href=\"https:\/\/www.pharmacie-guillaume.be\/index.php\/infos-pratiques\/gardes-2\/\" class=\"text-link\">Voir la liste<\/a>\n\t\t\t\t\t\t\t\t\t\t\t\t\t\t\t<\/div>\n\t\t\t<\/div>\n\n\t\t\t<\/div><\/div><\/div><div id=\"pg-55-4\"  class=\"panel-grid panel-has-style\" ><div class=\"siteorigin-panels-stretch panel-row-style panel-row-style-for-55-4\" data-stretch-type=\"full-width-stretch\" ><div id=\"pgc-55-4-0\"  class=\"panel-grid-cell\" ><div id=\"panel-55-4-0-0\" class=\"so-panel widget widget_qt_google_map_iframe widget-google-map-iframe panel-first-child\" data-index=\"9\" >\n\t    \t<div class=\"qt-map-iframe\">\n\t\t\t\t<iframe loading=\"lazy\" frameborder=\"0\" src=\"https:\/\/maps.google.com\/maps?f=q&source=s_q&hl=en&geocode=&q=46+Rue+de+la+Lib\u00e9ration+1440+Braine-le-Ch\u00e2teau&z=16&output=embed\" width=\"100%\" height=\"370px;\"><\/iframe>\n\t\t\t<\/div>\n\t\t\t\t\n\t\t\t<\/div><div id=\"panel-55-4-0-1\" class=\"so-panel widget widget_sow-editor\" data-index=\"10\" ><div\n\t\t\t\n\t\t\tclass=\"so-widget-sow-editor so-widget-sow-editor-base\"\n\t\t\t\n\t\t>\n<div class=\"siteorigin-widget-tinymce textwidget\">\n\t<\/div>\n<\/div><\/div><div id=\"panel-55-4-0-2\" class=\"so-panel widget widget_sow-editor panel-last-child\" data-index=\"11\" ><div\n\t\t\t\n\t\t\tclass=\"so-widget-sow-editor so-widget-sow-editor-base\"\n\t\t\t\n\t\t>\n<div class=\"siteorigin-widget-tinymce textwidget\">\n\t<\/div>\n<\/div><\/div><\/div><\/div><\/div><\/div>","protected":false},"excerpt":{"rendered":"<p>Notre passion : vous offrir un service personnalis\u00e9 et professionnel Notre \u00e9quipe vous accueille avec plaisir et est \u00e0 votre \u00e9coute pour vous conseiller et trouver les meilleures solutions pour prendre soin de votre sant\u00e9. Nous r\u00e9alisons toutes les commandes et pr\u00e9parations prescrites par votre m\u00e9decin, et vous proposons \u00e9galement des pr\u00e9parations faites maison. Nous [&hellip;]<\/p>\n","protected":false},"author":1,"featured_media":0,"parent":0,"menu_order":0,"comment_status":"closed","ping_status":"closed","template":"template-front-jumbtron.php","meta":{"_themeisle_gutenberg_block_has_review":false,"footnotes":""},"class_list":["post-55","page","type-page","status-publish","hentry"],"jetpack_sharing_enabled":true,"_links":{"self":[{"href":"https:\/\/www.pharmacie-guillaume.be\/index.php\/wp-json\/wp\/v2\/pages\/55","targetHints":{"allow":["GET"]}}],"collection":[{"href":"https:\/\/www.pharmacie-guillaume.be\/index.php\/wp-json\/wp\/v2\/pages"}],"about":[{"href":"https:\/\/www.pharmacie-guillaume.be\/index.php\/wp-json\/wp\/v2\/types\/page"}],"author":[{"embeddable":true,"href":"https:\/\/www.pharmacie-guillaume.be\/index.php\/wp-json\/wp\/v2\/users\/1"}],"replies":[{"embeddable":true,"href":"https:\/\/www.pharmacie-guillaume.be\/index.php\/wp-json\/wp\/v2\/comments?post=55"}],"version-history":[{"count":107,"href":"https:\/\/www.pharmacie-guillaume.be\/index.php\/wp-json\/wp\/v2\/pages\/55\/revisions"}],"predecessor-version":[{"id":11055,"href":"https:\/\/www.pharmacie-guillaume.be\/index.php\/wp-json\/wp\/v2\/pages\/55\/revisions\/11055"}],"wp:attachment":[{"href":"https:\/\/www.pharmacie-guillaume.be\/index.php\/wp-json\/wp\/v2\/media?parent=55"}],"curies":[{"name":"wp","href":"https:\/\/api.w.org\/{rel}","templated":true}]}}