{"id":2568,"date":"2024-07-01T14:39:50","date_gmt":"2024-07-01T12:39:50","guid":{"rendered":"http:\/\/export-xml.qreativethemes.com\/physio\/?page_id=2568"},"modified":"2024-09-17T12:36:15","modified_gmt":"2024-09-17T10:36:15","slug":"acces","status":"publish","type":"page","link":"https:\/\/www.pharmacie-guillaume.be\/index.php\/acces\/","title":{"rendered":"Acc\u00e8s"},"content":{"rendered":"<div id=\"pl-2568\"  class=\"panel-layout\" ><div id=\"pg-2568-0\"  class=\"panel-grid panel-no-style\" ><div id=\"pgc-2568-0-0\"  class=\"panel-grid-cell\" ><div id=\"panel-2568-0-0-0\" class=\"so-panel widget widget_qt_google_map_iframe widget-google-map-iframe panel-first-child panel-last-child\" data-index=\"0\" >\n\t    \t<div class=\"qt-map-iframe\">\n\t\t\t\t<iframe loading=\"lazy\" frameborder=\"0\" src=\"https:\/\/maps.google.com\/maps?f=q&source=s_q&hl=en&geocode=&q=Rue+de+la+Lib\u00e9ration+46+1440+Braine-le-Ch\u00e2teau&z=13&output=embed\" width=\"100%\" height=\"427px;\"><\/iframe>\n\t\t\t<\/div>\n\t\t\t\t\n\t\t\t<\/div><\/div><div id=\"pgc-2568-0-1\"  class=\"panel-grid-cell\" ><div id=\"panel-2568-0-1-0\" class=\"so-panel widget widget_sow-editor panel-first-child panel-last-child\" data-index=\"1\" ><div class=\"featured-box panel-widget-style panel-widget-style-for-2568-0-1-0\" ><div\n\t\t\t\n\t\t\tclass=\"so-widget-sow-editor so-widget-sow-editor-base\"\n\t\t\t\n\t\t>\n<div class=\"siteorigin-widget-tinymce textwidget\">\n\t<p><strong>Pharmacie Guillaume<br \/>\n<\/strong><span style=\"line-height: 1.5;\">Rue de la Lib\u00e9ration 46<br \/>\n1440 Braine-le-Ch\u00e2teau<br \/>\n<\/span><\/p>\n<hr \/>\n<p><strong>Num\u00e9ro de t\u00e9l\u00e9phone<\/strong><br \/>\n02.366.90.65<\/p>\n<hr \/>\n<p><strong>Adresse e-mail<\/strong><br \/>\n<a href=\"mailto:pharmacieguillaumeblc@gmail.com\">pharmacieguillaumeblc@gmail.com<\/a><\/p>\n<\/div>\n<\/div><\/div><\/div><\/div><\/div><div id=\"pg-2568-1\"  class=\"panel-grid panel-no-style\" ><div id=\"pgc-2568-1-0\"  class=\"panel-grid-cell\" ><div id=\"panel-2568-1-0-0\" class=\"so-panel widget widget_sow-editor panel-first-child panel-last-child\" data-index=\"2\" ><div\n\t\t\t\n\t\t\tclass=\"so-widget-sow-editor so-widget-sow-editor-base\"\n\t\t\t\n\t\t>\n<div class=\"siteorigin-widget-tinymce textwidget\">\n\t<\/div>\n<\/div><\/div><\/div><\/div><\/div>","protected":false},"excerpt":{"rendered":"<p>Pharmacie Guillaume Rue de la Lib\u00e9ration 46 1440 Braine-le-Ch\u00e2teau Num\u00e9ro de t\u00e9l\u00e9phone 02.366.90.65 Adresse e-mail pharmacieguillaumeblc@gmail.com<\/p>\n","protected":false},"author":1,"featured_media":0,"parent":0,"menu_order":0,"comment_status":"closed","ping_status":"closed","template":"","meta":{"_themeisle_gutenberg_block_has_review":false,"footnotes":""},"class_list":["post-2568","page","type-page","status-publish","hentry"],"jetpack_sharing_enabled":true,"_links":{"self":[{"href":"https:\/\/www.pharmacie-guillaume.be\/index.php\/wp-json\/wp\/v2\/pages\/2568","targetHints":{"allow":["GET"]}}],"collection":[{"href":"https:\/\/www.pharmacie-guillaume.be\/index.php\/wp-json\/wp\/v2\/pages"}],"about":[{"href":"https:\/\/www.pharmacie-guillaume.be\/index.php\/wp-json\/wp\/v2\/types\/page"}],"author":[{"embeddable":true,"href":"https:\/\/www.pharmacie-guillaume.be\/index.php\/wp-json\/wp\/v2\/users\/1"}],"replies":[{"embeddable":true,"href":"https:\/\/www.pharmacie-guillaume.be\/index.php\/wp-json\/wp\/v2\/comments?post=2568"}],"version-history":[{"count":4,"href":"https:\/\/www.pharmacie-guillaume.be\/index.php\/wp-json\/wp\/v2\/pages\/2568\/revisions"}],"predecessor-version":[{"id":10690,"href":"https:\/\/www.pharmacie-guillaume.be\/index.php\/wp-json\/wp\/v2\/pages\/2568\/revisions\/10690"}],"wp:attachment":[{"href":"https:\/\/www.pharmacie-guillaume.be\/index.php\/wp-json\/wp\/v2\/media?parent=2568"}],"curies":[{"name":"wp","href":"https:\/\/api.w.org\/{rel}","templated":true}]}}