{"id":11479,"date":"2025-10-16T19:22:09","date_gmt":"2025-10-16T17:22:09","guid":{"rendered":"https:\/\/www.pharmacie-guillaume.be\/?page_id=11479"},"modified":"2026-01-29T18:24:54","modified_gmt":"2026-01-29T17:24:54","slug":"aromatherapie-phytotherapie","status":"publish","type":"page","link":"https:\/\/www.pharmacie-guillaume.be\/index.php\/promos-temporaires-et-ristournes\/aromatherapie-phytotherapie\/","title":{"rendered":"Aromath\u00e9rapie, phytoth\u00e9rapie"},"content":{"rendered":"<div id=\"pl-11479\"  class=\"panel-layout\" ><div id=\"pg-11479-0\"  class=\"panel-grid panel-no-style\" ><div id=\"pgc-11479-0-0\"  class=\"panel-grid-cell\" ><div id=\"panel-11479-0-0-0\" class=\"so-panel widget widget_sow-editor panel-first-child panel-last-child\" data-index=\"0\" ><div\n\t\t\t\n\t\t\tclass=\"so-widget-sow-editor so-widget-sow-editor-base\"\n\t\t\t\n\t\t>\n<div class=\"siteorigin-widget-tinymce textwidget\">\n\t<p><span style=\"text-decoration: underline\"><span style=\"font-size: 18px\"><strong>AROMATHERAPIE - PHYTOTHERAPIE<\/strong><\/span><\/span><\/p>\n<p><span style=\"font-size: 18px\"><strong>Pranarom<\/strong> : promo sur les sprays nasal et pour la gorge et sur une s\u00e9lection d'huiles essentielles<\/span><\/p>\n<p><img loading=\"lazy\" decoding=\"async\" class=\"alignnone size-medium wp-image-11491\" src=\"https:\/\/www.pharmacie-guillaume.be\/wp-content\/uploads\/2025\/10\/Pranarom-Spray-nasal-gorge-300x282.jpg\" alt=\"\" width=\"300\" height=\"282\" srcset=\"https:\/\/www.pharmacie-guillaume.be\/wp-content\/uploads\/2025\/10\/Pranarom-Spray-nasal-gorge-300x282.jpg 300w, https:\/\/www.pharmacie-guillaume.be\/wp-content\/uploads\/2025\/10\/Pranarom-Spray-nasal-gorge-600x564.jpg 600w, https:\/\/www.pharmacie-guillaume.be\/wp-content\/uploads\/2025\/10\/Pranarom-Spray-nasal-gorge.jpg 751w\" sizes=\"auto, (max-width: 300px) 100vw, 300px\" \/><\/p>\n<p>_______________________________________________<\/p>\n<p><span style=\"font-size: 16px\"><span style=\"font-size: 18px\"><strong>Depuraseve <\/strong>(HerbalGem) <\/span><\/span><span style=\"font-size: 16px\"><span style=\"font-size: 18px\">\u00e0 base de s\u00e8ve de bouleau fra\u00eeche enrichie aux bourgeons de bouleau et de cassis (Bio) (pack 2 x 250 ml)<\/span><br \/>\n<\/span><\/p>\n<p><span style=\"font-size: 16px\"><span style=\"font-size: 18px\">Actions d\u00e9tox drainante et purifiante du bouleau, et r\u00e9g\u00e9n\u00e9rante du cassis<\/span><\/span><\/p>\n<p><img loading=\"lazy\" decoding=\"async\" class=\"alignnone size-medium wp-image-11604\" src=\"https:\/\/www.pharmacie-guillaume.be\/wp-content\/uploads\/2026\/01\/HerbalGem-Depuraseve-300x286.jpg\" alt=\"\" width=\"300\" height=\"286\" srcset=\"https:\/\/www.pharmacie-guillaume.be\/wp-content\/uploads\/2026\/01\/HerbalGem-Depuraseve-300x286.jpg 300w, https:\/\/www.pharmacie-guillaume.be\/wp-content\/uploads\/2026\/01\/HerbalGem-Depuraseve-600x572.jpg 600w, https:\/\/www.pharmacie-guillaume.be\/wp-content\/uploads\/2026\/01\/HerbalGem-Depuraseve.jpg 755w\" sizes=\"auto, (max-width: 300px) 100vw, 300px\" \/><\/p>\n<p>_______________________________________________<\/p>\n<\/div>\n<\/div><\/div><\/div><\/div><\/div>","protected":false},"excerpt":{"rendered":"<p>AROMATHERAPIE &#8211; PHYTOTHERAPIE Pranarom : promo sur les sprays nasal et pour la gorge et sur une s\u00e9lection d&#8217;huiles essentielles _______________________________________________ Depuraseve (HerbalGem) \u00e0 base de s\u00e8ve de bouleau fra\u00eeche enrichie aux bourgeons de bouleau et de cassis (Bio) (pack 2 x 250 ml) Actions d\u00e9tox drainante et purifiante du bouleau, et r\u00e9g\u00e9n\u00e9rante du cassis [&hellip;]<\/p>\n","protected":false},"author":14,"featured_media":0,"parent":10346,"menu_order":0,"comment_status":"closed","ping_status":"closed","template":"","meta":{"_themeisle_gutenberg_block_has_review":false,"footnotes":""},"class_list":["post-11479","page","type-page","status-publish","hentry"],"jetpack_sharing_enabled":true,"_links":{"self":[{"href":"https:\/\/www.pharmacie-guillaume.be\/index.php\/wp-json\/wp\/v2\/pages\/11479","targetHints":{"allow":["GET"]}}],"collection":[{"href":"https:\/\/www.pharmacie-guillaume.be\/index.php\/wp-json\/wp\/v2\/pages"}],"about":[{"href":"https:\/\/www.pharmacie-guillaume.be\/index.php\/wp-json\/wp\/v2\/types\/page"}],"author":[{"embeddable":true,"href":"https:\/\/www.pharmacie-guillaume.be\/index.php\/wp-json\/wp\/v2\/users\/14"}],"replies":[{"embeddable":true,"href":"https:\/\/www.pharmacie-guillaume.be\/index.php\/wp-json\/wp\/v2\/comments?post=11479"}],"version-history":[{"count":11,"href":"https:\/\/www.pharmacie-guillaume.be\/index.php\/wp-json\/wp\/v2\/pages\/11479\/revisions"}],"predecessor-version":[{"id":11605,"href":"https:\/\/www.pharmacie-guillaume.be\/index.php\/wp-json\/wp\/v2\/pages\/11479\/revisions\/11605"}],"up":[{"embeddable":true,"href":"https:\/\/www.pharmacie-guillaume.be\/index.php\/wp-json\/wp\/v2\/pages\/10346"}],"wp:attachment":[{"href":"https:\/\/www.pharmacie-guillaume.be\/index.php\/wp-json\/wp\/v2\/media?parent=11479"}],"curies":[{"name":"wp","href":"https:\/\/api.w.org\/{rel}","templated":true}]}}