{"id":11127,"date":"2024-12-14T21:17:32","date_gmt":"2024-12-14T20:17:32","guid":{"rendered":"https:\/\/www.pharmacie-guillaume.be\/?page_id=11127"},"modified":"2025-11-20T11:05:42","modified_gmt":"2025-11-20T10:05:42","slug":"hygiene-pour-tous","status":"publish","type":"page","link":"https:\/\/www.pharmacie-guillaume.be\/index.php\/promos-temporaires-et-ristournes\/hygiene-pour-tous\/","title":{"rendered":"Sant\u00e9 et hygi\u00e8ne (pour tous)"},"content":{"rendered":"<div id=\"pl-11127\"  class=\"panel-layout\" ><div id=\"pg-11127-0\"  class=\"panel-grid panel-no-style\" ><div id=\"pgc-11127-0-0\"  class=\"panel-grid-cell\" ><div id=\"panel-11127-0-0-0\" class=\"so-panel widget widget_sow-editor panel-first-child panel-last-child\" data-index=\"0\" ><div\n\t\t\t\n\t\t\tclass=\"so-widget-sow-editor so-widget-sow-editor-base\"\n\t\t\t\n\t\t>\n<div class=\"siteorigin-widget-tinymce textwidget\">\n\t<h4><span style=\"text-decoration: underline\"><span style=\"font-size: 18px\"><strong>SANTE ET HYGIENE (POUR TOUS)<\/strong><\/span><\/span><\/h4>\n<p><em><span style=\"text-decoration: underline\"><span style=\"font-size: 18px\">SANTE<\/span><\/span><\/em><\/p>\n<p>&nbsp;<\/p>\n<p><em><span style=\"text-decoration: underline\"><span style=\"font-size: 18px\">HYGIENE<\/span><\/span><\/em><\/p>\n<p><span style=\"font-size: 18px\"><strong>Axitrans <\/strong>: roller anti-transpirant pour aisselles + gel douche <span style=\"text-decoration: underline\">gratuit<\/span> Sweat Defense (formule antibact\u00e9rienne sans savon de pH neutre ; r\u00e9duit la transpiration excessive et pr\u00e9vient les odeurs corporelles)<\/span><\/p>\n<p><span style=\"font-size: 18px\"><strong><a href=\"https:\/\/www.pharmacie-guillaume.be\/wp-content\/uploads\/2024\/06\/Vichy-4.jpg\"><img loading=\"lazy\" decoding=\"async\" class=\"alignnone size-medium wp-image-11251\" src=\"https:\/\/www.pharmacie-guillaume.be\/wp-content\/uploads\/2020\/06\/Axitrans-166x300.jpg\" alt=\"\" width=\"166\" height=\"300\" srcset=\"https:\/\/www.pharmacie-guillaume.be\/wp-content\/uploads\/2020\/06\/Axitrans-166x300.jpg 166w, https:\/\/www.pharmacie-guillaume.be\/wp-content\/uploads\/2020\/06\/Axitrans.jpg 399w\" sizes=\"auto, (max-width: 166px) 100vw, 166px\" \/><\/a><\/strong><\/span><\/p>\n<p>_______________________________________________<\/p>\n<p><span style=\"font-size: 18px\"><strong>Vichy roller et spray<\/strong>: d\u00e9odorant anti-transpirant ; d\u00e9transpirant intensif<\/span><\/p>\n<p><span style=\"font-size: 18px\"><strong><img loading=\"lazy\" decoding=\"async\" class=\"alignnone size-medium wp-image-11259\" src=\"https:\/\/www.pharmacie-guillaume.be\/wp-content\/uploads\/2025\/04\/Vichy-Deos-duo-300x178.jpg\" alt=\"\" width=\"300\" height=\"178\" srcset=\"https:\/\/www.pharmacie-guillaume.be\/wp-content\/uploads\/2025\/04\/Vichy-Deos-duo-300x178.jpg 300w, https:\/\/www.pharmacie-guillaume.be\/wp-content\/uploads\/2025\/04\/Vichy-Deos-duo-1024x607.jpg 1024w, https:\/\/www.pharmacie-guillaume.be\/wp-content\/uploads\/2025\/04\/Vichy-Deos-duo-768x455.jpg 768w, https:\/\/www.pharmacie-guillaume.be\/wp-content\/uploads\/2025\/04\/Vichy-Deos-duo-600x355.jpg 600w, https:\/\/www.pharmacie-guillaume.be\/wp-content\/uploads\/2025\/04\/Vichy-Deos-duo.jpg 1148w\" sizes=\"auto, (max-width: 300px) 100vw, 300px\" \/><\/strong><\/span><\/p>\n<p>_______________________________________________<\/p>\n<\/div>\n<\/div><\/div><\/div><\/div><\/div>","protected":false},"excerpt":{"rendered":"<p>SANTE ET HYGIENE (POUR TOUS) SANTE &nbsp; HYGIENE Axitrans : roller anti-transpirant pour aisselles + gel douche gratuit Sweat Defense (formule antibact\u00e9rienne sans savon de pH neutre ; r\u00e9duit la transpiration excessive et pr\u00e9vient les odeurs corporelles) _______________________________________________ Vichy roller et spray: d\u00e9odorant anti-transpirant ; d\u00e9transpirant intensif _______________________________________________<\/p>\n","protected":false},"author":14,"featured_media":0,"parent":10346,"menu_order":0,"comment_status":"closed","ping_status":"closed","template":"","meta":{"_themeisle_gutenberg_block_has_review":false,"footnotes":""},"class_list":["post-11127","page","type-page","status-publish","hentry"],"jetpack_sharing_enabled":true,"_links":{"self":[{"href":"https:\/\/www.pharmacie-guillaume.be\/index.php\/wp-json\/wp\/v2\/pages\/11127","targetHints":{"allow":["GET"]}}],"collection":[{"href":"https:\/\/www.pharmacie-guillaume.be\/index.php\/wp-json\/wp\/v2\/pages"}],"about":[{"href":"https:\/\/www.pharmacie-guillaume.be\/index.php\/wp-json\/wp\/v2\/types\/page"}],"author":[{"embeddable":true,"href":"https:\/\/www.pharmacie-guillaume.be\/index.php\/wp-json\/wp\/v2\/users\/14"}],"replies":[{"embeddable":true,"href":"https:\/\/www.pharmacie-guillaume.be\/index.php\/wp-json\/wp\/v2\/comments?post=11127"}],"version-history":[{"count":9,"href":"https:\/\/www.pharmacie-guillaume.be\/index.php\/wp-json\/wp\/v2\/pages\/11127\/revisions"}],"predecessor-version":[{"id":11525,"href":"https:\/\/www.pharmacie-guillaume.be\/index.php\/wp-json\/wp\/v2\/pages\/11127\/revisions\/11525"}],"up":[{"embeddable":true,"href":"https:\/\/www.pharmacie-guillaume.be\/index.php\/wp-json\/wp\/v2\/pages\/10346"}],"wp:attachment":[{"href":"https:\/\/www.pharmacie-guillaume.be\/index.php\/wp-json\/wp\/v2\/media?parent=11127"}],"curies":[{"name":"wp","href":"https:\/\/api.w.org\/{rel}","templated":true}]}}