{"id":11125,"date":"2024-12-14T21:16:42","date_gmt":"2024-12-14T20:16:42","guid":{"rendered":"https:\/\/www.pharmacie-guillaume.be\/?page_id=11125"},"modified":"2026-02-12T11:06:48","modified_gmt":"2026-02-12T10:06:48","slug":"hygiene-feminine","status":"publish","type":"page","link":"https:\/\/www.pharmacie-guillaume.be\/index.php\/promos-temporaires-et-ristournes\/hygiene-feminine\/","title":{"rendered":"Sant\u00e9 et hygi\u00e8ne f\u00e9minine"},"content":{"rendered":"<div id=\"pl-11125\"  class=\"panel-layout\" ><div id=\"pg-11125-0\"  class=\"panel-grid panel-no-style\" ><div id=\"pgc-11125-0-0\"  class=\"panel-grid-cell\" ><div id=\"panel-11125-0-0-0\" class=\"so-panel widget widget_sow-editor panel-first-child panel-last-child\" data-index=\"0\" ><div\n\t\t\t\n\t\t\tclass=\"so-widget-sow-editor so-widget-sow-editor-base\"\n\t\t\t\n\t\t>\n<div class=\"siteorigin-widget-tinymce textwidget\">\n\t<h4><span style=\"text-decoration: underline\"><span style=\"font-size: 18px\"><strong>SANTE ET HYGIENE FEMININE<\/strong><\/span><\/span><\/h4>\n<p><span style=\"font-size: 18px\"><strong>S\u00e9r\u00e9lys : <\/strong>bouff\u00e9es de chaleur p\u00e9rim\u00e9nopause et m\u00e9nopause<\/span><\/p>\n<p><span style=\"font-size: 18px\">Pack de 2 x 60 comprim\u00e9s<\/span><\/p>\n<p><img loading=\"lazy\" decoding=\"async\" class=\"alignnone size-medium wp-image-11634\" src=\"https:\/\/www.pharmacie-guillaume.be\/wp-content\/uploads\/2026\/02\/Serelys-2e-50-300x183.jpg\" alt=\"\" width=\"300\" height=\"183\" srcset=\"https:\/\/www.pharmacie-guillaume.be\/wp-content\/uploads\/2026\/02\/Serelys-2e-50-300x183.jpg 300w, https:\/\/www.pharmacie-guillaume.be\/wp-content\/uploads\/2026\/02\/Serelys-2e-50-1024x625.jpg 1024w, https:\/\/www.pharmacie-guillaume.be\/wp-content\/uploads\/2026\/02\/Serelys-2e-50-768x469.jpg 768w, https:\/\/www.pharmacie-guillaume.be\/wp-content\/uploads\/2026\/02\/Serelys-2e-50-600x366.jpg 600w, https:\/\/www.pharmacie-guillaume.be\/wp-content\/uploads\/2026\/02\/Serelys-2e-50.jpg 1040w\" sizes=\"auto, (max-width: 300px) 100vw, 300px\" \/><\/p>\n<p>___________________________________________<\/p>\n<p><span style=\"font-size: 18px\"><strong>Femannose <\/strong>pour le traitement et la pr\u00e9vention des cystites et infections urinaires<\/span><\/p>\n<p><span style=\"font-size: 18px\"><img loading=\"lazy\" decoding=\"async\" class=\"alignnone wp-image-11079\" src=\"https:\/\/www.pharmacie-guillaume.be\/wp-content\/uploads\/2024\/11\/Femannose-300x270.jpg\" alt=\"\" width=\"291\" height=\"262\" srcset=\"https:\/\/www.pharmacie-guillaume.be\/wp-content\/uploads\/2024\/11\/Femannose-300x270.jpg 300w, https:\/\/www.pharmacie-guillaume.be\/wp-content\/uploads\/2024\/11\/Femannose-600x539.jpg 600w, https:\/\/www.pharmacie-guillaume.be\/wp-content\/uploads\/2024\/11\/Femannose.jpg 714w\" sizes=\"auto, (max-width: 291px) 100vw, 291px\" \/><\/span><\/p>\n<p>___________________________________________<\/p>\n<p><span style=\"font-size: 18px\"><strong>Progyn <\/strong>: compl\u00e9ment alimentaire \u00e0 base de bact\u00e9ries vivantes (3 souches) pour l'\u00e9quilibre des zones intimes<\/span><\/p>\n<p><span style=\"font-size: 18px\">16 g\u00e9lules gratuites \u00e0 l'achat d'une bo\u00eete de 64 g\u00e9lules<\/span><\/p>\n<p><img loading=\"lazy\" decoding=\"async\" class=\"alignnone size-medium wp-image-11436\" src=\"https:\/\/www.pharmacie-guillaume.be\/wp-content\/uploads\/2025\/10\/Progyn-300x268.jpg\" alt=\"\" width=\"300\" height=\"268\" srcset=\"https:\/\/www.pharmacie-guillaume.be\/wp-content\/uploads\/2025\/10\/Progyn-300x268.jpg 300w, https:\/\/www.pharmacie-guillaume.be\/wp-content\/uploads\/2025\/10\/Progyn-600x536.jpg 600w, https:\/\/www.pharmacie-guillaume.be\/wp-content\/uploads\/2025\/10\/Progyn.jpg 739w\" sizes=\"auto, (max-width: 300px) 100vw, 300px\" \/><\/p>\n<p>___________________________________________<\/p>\n<\/div>\n<\/div><\/div><\/div><\/div><\/div>","protected":false},"excerpt":{"rendered":"<p>SANTE ET HYGIENE FEMININE S\u00e9r\u00e9lys : bouff\u00e9es de chaleur p\u00e9rim\u00e9nopause et m\u00e9nopause Pack de 2 x 60 comprim\u00e9s ___________________________________________ Femannose pour le traitement et la pr\u00e9vention des cystites et infections urinaires ___________________________________________ Progyn : compl\u00e9ment alimentaire \u00e0 base de bact\u00e9ries vivantes (3 souches) pour l&#8217;\u00e9quilibre des zones intimes 16 g\u00e9lules gratuites \u00e0 l&#8217;achat d&#8217;une bo\u00eete [&hellip;]<\/p>\n","protected":false},"author":14,"featured_media":0,"parent":10346,"menu_order":0,"comment_status":"closed","ping_status":"closed","template":"","meta":{"_themeisle_gutenberg_block_has_review":false,"footnotes":""},"class_list":["post-11125","page","type-page","status-publish","hentry"],"jetpack_sharing_enabled":true,"_links":{"self":[{"href":"https:\/\/www.pharmacie-guillaume.be\/index.php\/wp-json\/wp\/v2\/pages\/11125","targetHints":{"allow":["GET"]}}],"collection":[{"href":"https:\/\/www.pharmacie-guillaume.be\/index.php\/wp-json\/wp\/v2\/pages"}],"about":[{"href":"https:\/\/www.pharmacie-guillaume.be\/index.php\/wp-json\/wp\/v2\/types\/page"}],"author":[{"embeddable":true,"href":"https:\/\/www.pharmacie-guillaume.be\/index.php\/wp-json\/wp\/v2\/users\/14"}],"replies":[{"embeddable":true,"href":"https:\/\/www.pharmacie-guillaume.be\/index.php\/wp-json\/wp\/v2\/comments?post=11125"}],"version-history":[{"count":12,"href":"https:\/\/www.pharmacie-guillaume.be\/index.php\/wp-json\/wp\/v2\/pages\/11125\/revisions"}],"predecessor-version":[{"id":11635,"href":"https:\/\/www.pharmacie-guillaume.be\/index.php\/wp-json\/wp\/v2\/pages\/11125\/revisions\/11635"}],"up":[{"embeddable":true,"href":"https:\/\/www.pharmacie-guillaume.be\/index.php\/wp-json\/wp\/v2\/pages\/10346"}],"wp:attachment":[{"href":"https:\/\/www.pharmacie-guillaume.be\/index.php\/wp-json\/wp\/v2\/media?parent=11125"}],"curies":[{"name":"wp","href":"https:\/\/api.w.org\/{rel}","templated":true}]}}