{"id":11120,"date":"2024-12-14T21:04:43","date_gmt":"2024-12-14T20:04:43","guid":{"rendered":"https:\/\/www.pharmacie-guillaume.be\/?page_id=11120"},"modified":"2026-03-26T12:00:33","modified_gmt":"2026-03-26T11:00:33","slug":"soins-des-yeux-nez-gorge-et-oreilles","status":"publish","type":"page","link":"https:\/\/www.pharmacie-guillaume.be\/index.php\/promos-temporaires-et-ristournes\/soins-des-yeux-nez-gorge-et-oreilles\/","title":{"rendered":"Soins des yeux, nez, gorge et oreilles"},"content":{"rendered":"<div id=\"pl-11120\"  class=\"panel-layout\" ><div id=\"pg-11120-0\"  class=\"panel-grid panel-no-style\" ><div id=\"pgc-11120-0-0\"  class=\"panel-grid-cell\" ><div id=\"panel-11120-0-0-0\" class=\"so-panel widget widget_sow-editor panel-first-child panel-last-child\" data-index=\"0\" ><div\n\t\t\t\n\t\t\tclass=\"so-widget-sow-editor so-widget-sow-editor-base\"\n\t\t\t\n\t\t>\n<div class=\"siteorigin-widget-tinymce textwidget\">\n\t<h4><span style=\"text-decoration: underline\"><span style=\"font-size: 18px\"><strong>SOINS DES YEUX, NEZ, GORGE ET OREILLES<\/strong><\/span><\/span><\/h4>\n<p><span style=\"font-size: 18px\"><strong>HYLO Dual Intense<br \/>\n<\/strong>Collyre pour l'hydratation th\u00e9rapeutique intensive des yeux en cas de s\u00e9cheresse, d'irritation ou de sensations de br\u00fblure (sans agents conservateurs).<\/span><\/p>\n<p><img loading=\"lazy\" decoding=\"async\" class=\"alignnone size-medium wp-image-11674\" src=\"https:\/\/www.pharmacie-guillaume.be\/wp-content\/uploads\/2026\/03\/Hyalo-Dual-Intense-10-213x300.jpg\" alt=\"\" width=\"213\" height=\"300\" srcset=\"https:\/\/www.pharmacie-guillaume.be\/wp-content\/uploads\/2026\/03\/Hyalo-Dual-Intense-10-213x300.jpg 213w, https:\/\/www.pharmacie-guillaume.be\/wp-content\/uploads\/2026\/03\/Hyalo-Dual-Intense-10.jpg 486w\" sizes=\"auto, (max-width: 213px) 100vw, 213px\" \/><\/p>\n<p>_______________________________________________<\/p>\n<p><span style=\"font-size: 18px\"><strong>Thealoz Duo<br \/>\n<\/strong>Soulagement des yeux secs : prot\u00e8ge, hydrate et lubrifie<\/span><\/p>\n<p><img loading=\"lazy\" decoding=\"async\" class=\"alignnone wp-image-11655\" src=\"https:\/\/www.pharmacie-guillaume.be\/wp-content\/uploads\/2026\/03\/Thealoz-duo-3E-213x300.jpg\" alt=\"\" width=\"229\" height=\"322\" srcset=\"https:\/\/www.pharmacie-guillaume.be\/wp-content\/uploads\/2026\/03\/Thealoz-duo-3E-213x300.jpg 213w, https:\/\/www.pharmacie-guillaume.be\/wp-content\/uploads\/2026\/03\/Thealoz-duo-3E.jpg 512w\" sizes=\"auto, (max-width: 229px) 100vw, 229px\" \/><\/p>\n<p>_______________________________________________<\/p>\n<p><span style=\"font-size: 18px\"><strong>Stilaxx<br \/>\n<\/strong>Sirop et pastilles (pour la gorge) contre la toux s\u00e8che, \u00e0 base de mousse d'Islande et de racines de r\u00e9glisse<br \/>\n<\/span><\/p>\n<p><img loading=\"lazy\" decoding=\"async\" class=\"alignnone size-medium wp-image-11581\" src=\"https:\/\/www.pharmacie-guillaume.be\/wp-content\/uploads\/2025\/12\/Stilaxx-pastilles-et-sirop-300x243.jpg\" alt=\"\" width=\"300\" height=\"243\" srcset=\"https:\/\/www.pharmacie-guillaume.be\/wp-content\/uploads\/2025\/12\/Stilaxx-pastilles-et-sirop-300x243.jpg 300w, https:\/\/www.pharmacie-guillaume.be\/wp-content\/uploads\/2025\/12\/Stilaxx-pastilles-et-sirop-768x621.jpg 768w, https:\/\/www.pharmacie-guillaume.be\/wp-content\/uploads\/2025\/12\/Stilaxx-pastilles-et-sirop-600x485.jpg 600w, https:\/\/www.pharmacie-guillaume.be\/wp-content\/uploads\/2025\/12\/Stilaxx-pastilles-et-sirop.jpg 847w\" sizes=\"auto, (max-width: 300px) 100vw, 300px\" \/><\/p>\n<p>_______________________________________________<\/p>\n<p><span style=\"font-size: 18px\"><strong>PRANAROM Sprays<br \/>\n<\/strong>Spray nasal : d\u00e9congestionnant en cas de rhinite ou rhinosinusite<br \/>\n<\/span><span style=\"font-size: 18px\">Spray gorge : contient de l'huile de menthe poivr\u00e9e qui apaise la gorge, le pharynx et les cordes vocales\u00a0<\/span><\/p>\n<p><img loading=\"lazy\" decoding=\"async\" class=\"alignnone size-medium wp-image-11491\" src=\"https:\/\/www.pharmacie-guillaume.be\/wp-content\/uploads\/2025\/10\/Pranarom-Spray-nasal-gorge-300x282.jpg\" alt=\"\" width=\"300\" height=\"282\" srcset=\"https:\/\/www.pharmacie-guillaume.be\/wp-content\/uploads\/2025\/10\/Pranarom-Spray-nasal-gorge-300x282.jpg 300w, https:\/\/www.pharmacie-guillaume.be\/wp-content\/uploads\/2025\/10\/Pranarom-Spray-nasal-gorge-600x564.jpg 600w, https:\/\/www.pharmacie-guillaume.be\/wp-content\/uploads\/2025\/10\/Pranarom-Spray-nasal-gorge.jpg 751w\" sizes=\"auto, (max-width: 300px) 100vw, 300px\" \/><\/p>\n<p>_______________________________________________<\/p>\n<p><span style=\"font-size: 18px\"><strong>PHYSIOMER Sinus spray \u00e0 l'eau de mer<br \/>\n<\/strong>Spray nasal d\u00e9congestionnant : soulage et acc\u00e9l\u00e8re la r\u00e9solution des sympt\u00f4mes en cas de rhumes, allergies et sinusites, ou sympt\u00f4mes chroniques (rhinite allergique, rhinosinusite chronique) (adultes et enfants \u00e0 partir de 2 ans)<\/span><\/p>\n<p><img loading=\"lazy\" decoding=\"async\" class=\"alignnone size-medium wp-image-11641\" src=\"https:\/\/www.pharmacie-guillaume.be\/wp-content\/uploads\/2026\/02\/Physiomer-Sinus-242x300.jpg\" alt=\"\" width=\"242\" height=\"300\" srcset=\"https:\/\/www.pharmacie-guillaume.be\/wp-content\/uploads\/2026\/02\/Physiomer-Sinus-242x300.jpg 242w, https:\/\/www.pharmacie-guillaume.be\/wp-content\/uploads\/2026\/02\/Physiomer-Sinus.jpg 567w\" sizes=\"auto, (max-width: 242px) 100vw, 242px\" \/><\/p>\n<p>_______________________________________________<\/p>\n<p><span style=\"font-size: 18px\"><strong>STERIMAR Solution hypertonique d'eau de mer <\/strong>enrichi en cuivre<strong><br \/>\n<\/strong>Soulage le nez bouch\u00e9, \u00e9limine les mucosit\u00e9s et aide \u00e0 combattre le rhume et limiter les risques de surinfection (adultes et enfants \u00e0 partir de 3 ans)<\/span><\/p>\n<p><img loading=\"lazy\" decoding=\"async\" class=\"alignnone size-medium wp-image-11642\" src=\"https:\/\/www.pharmacie-guillaume.be\/wp-content\/uploads\/2026\/02\/Sterimar-hypertonique-181x300.jpg\" alt=\"\" width=\"181\" height=\"300\" srcset=\"https:\/\/www.pharmacie-guillaume.be\/wp-content\/uploads\/2026\/02\/Sterimar-hypertonique-181x300.jpg 181w, https:\/\/www.pharmacie-guillaume.be\/wp-content\/uploads\/2026\/02\/Sterimar-hypertonique.jpg 417w\" sizes=\"auto, (max-width: 181px) 100vw, 181px\" \/><\/p>\n<p>_______________________________________________<\/p>\n<p>&nbsp;<\/p>\n<\/div>\n<\/div><\/div><\/div><\/div><\/div>","protected":false},"excerpt":{"rendered":"<p>SOINS DES YEUX, NEZ, GORGE ET OREILLES HYLO Dual Intense Collyre pour l&#8217;hydratation th\u00e9rapeutique intensive des yeux en cas de s\u00e9cheresse, d&#8217;irritation ou de sensations de br\u00fblure (sans agents conservateurs). _______________________________________________ Thealoz Duo Soulagement des yeux secs : prot\u00e8ge, hydrate et lubrifie _______________________________________________ Stilaxx Sirop et pastilles (pour la gorge) contre la toux s\u00e8che, \u00e0 [&hellip;]<\/p>\n","protected":false},"author":14,"featured_media":0,"parent":10346,"menu_order":0,"comment_status":"closed","ping_status":"closed","template":"","meta":{"_themeisle_gutenberg_block_has_review":false,"footnotes":""},"class_list":["post-11120","page","type-page","status-publish","hentry"],"jetpack_sharing_enabled":true,"_links":{"self":[{"href":"https:\/\/www.pharmacie-guillaume.be\/index.php\/wp-json\/wp\/v2\/pages\/11120","targetHints":{"allow":["GET"]}}],"collection":[{"href":"https:\/\/www.pharmacie-guillaume.be\/index.php\/wp-json\/wp\/v2\/pages"}],"about":[{"href":"https:\/\/www.pharmacie-guillaume.be\/index.php\/wp-json\/wp\/v2\/types\/page"}],"author":[{"embeddable":true,"href":"https:\/\/www.pharmacie-guillaume.be\/index.php\/wp-json\/wp\/v2\/users\/14"}],"replies":[{"embeddable":true,"href":"https:\/\/www.pharmacie-guillaume.be\/index.php\/wp-json\/wp\/v2\/comments?post=11120"}],"version-history":[{"count":18,"href":"https:\/\/www.pharmacie-guillaume.be\/index.php\/wp-json\/wp\/v2\/pages\/11120\/revisions"}],"predecessor-version":[{"id":11675,"href":"https:\/\/www.pharmacie-guillaume.be\/index.php\/wp-json\/wp\/v2\/pages\/11120\/revisions\/11675"}],"up":[{"embeddable":true,"href":"https:\/\/www.pharmacie-guillaume.be\/index.php\/wp-json\/wp\/v2\/pages\/10346"}],"wp:attachment":[{"href":"https:\/\/www.pharmacie-guillaume.be\/index.php\/wp-json\/wp\/v2\/media?parent=11120"}],"curies":[{"name":"wp","href":"https:\/\/api.w.org\/{rel}","templated":true}]}}