{"id":11118,"date":"2024-12-14T21:03:48","date_gmt":"2024-12-14T20:03:48","guid":{"rendered":"https:\/\/www.pharmacie-guillaume.be\/?page_id=11118"},"modified":"2026-03-26T11:52:57","modified_gmt":"2026-03-26T10:52:57","slug":"soins-visage-et-corps","status":"publish","type":"page","link":"https:\/\/www.pharmacie-guillaume.be\/index.php\/promos-temporaires-et-ristournes\/soins-visage-et-corps\/","title":{"rendered":"Soins pour la peau (visage et corps)"},"content":{"rendered":"<div id=\"pl-11118\"  class=\"panel-layout\" ><div id=\"pg-11118-0\"  class=\"panel-grid panel-no-style\" ><div id=\"pgc-11118-0-0\"  class=\"panel-grid-cell\" ><div id=\"panel-11118-0-0-0\" class=\"so-panel widget widget_sow-editor panel-first-child panel-last-child\" data-index=\"0\" ><div\n\t\t\t\n\t\t\tclass=\"so-widget-sow-editor so-widget-sow-editor-base\"\n\t\t\t\n\t\t>\n<div class=\"siteorigin-widget-tinymce textwidget\">\n\t<p>&nbsp;<\/p>\n<p><strong><em><span style=\"text-decoration: underline\"><span style=\"font-size: 18px\">VISAGE ET CORPS<\/span><\/span><\/em><\/strong><\/p>\n<p><span style=\"font-size: 16px\"><span style=\"font-size: 18px\"><strong>Av\u00e8ne XERACALM<\/strong><\/span><br \/>\n<\/span><\/p>\n<p><span style=\"font-size: 16px\"><span style=\"font-size: 18px\"><strong><span style=\"text-decoration: underline\">Gamme compl\u00e8te<\/span><\/strong> de soins pour peaux sensibles, s\u00e8ches ou tr\u00e8s s\u00e8ches, \u00e0 tendance atopique<br \/>\n<\/span><\/span><span style=\"font-size: 16px\"><span style=\"font-size: 18px\">... dont une <strong>nouveaut\u00e9, le gel lact\u00e9 relipidant<\/strong> : texture douce et effet frais, id\u00e9al pour l'\u00e9t\u00e9 ; anti-d\u00e9mangeaisons, apaisement imm\u00e9diat (\u00e9galement pour femmes enceintes ou allaitantes).<\/span><\/span><\/p>\n<p><img loading=\"lazy\" decoding=\"async\" class=\"alignnone wp-image-11166\" src=\"https:\/\/www.pharmacie-guillaume.be\/wp-content\/uploads\/2025\/01\/Avene-Xeracalm-268x300.jpg\" alt=\"\" width=\"286\" height=\"320\" srcset=\"https:\/\/www.pharmacie-guillaume.be\/wp-content\/uploads\/2025\/01\/Avene-Xeracalm-268x300.jpg 268w, https:\/\/www.pharmacie-guillaume.be\/wp-content\/uploads\/2025\/01\/Avene-Xeracalm-600x672.jpg 600w, https:\/\/www.pharmacie-guillaume.be\/wp-content\/uploads\/2025\/01\/Avene-Xeracalm.jpg 635w\" sizes=\"auto, (max-width: 286px) 100vw, 286px\" \/> <img loading=\"lazy\" decoding=\"async\" class=\"alignnone size-medium wp-image-11672\" src=\"https:\/\/www.pharmacie-guillaume.be\/wp-content\/uploads\/2026\/03\/Avene-Xeracalm-gel-lacte-232x300.jpg\" alt=\"\" width=\"232\" height=\"300\" srcset=\"https:\/\/www.pharmacie-guillaume.be\/wp-content\/uploads\/2026\/03\/Avene-Xeracalm-gel-lacte-232x300.jpg 232w, https:\/\/www.pharmacie-guillaume.be\/wp-content\/uploads\/2026\/03\/Avene-Xeracalm-gel-lacte.jpg 547w\" sizes=\"auto, (max-width: 232px) 100vw, 232px\" \/><\/p>\n<p><span style=\"font-size: 16px\"><span style=\"font-size: 18px\"><span style=\"text-decoration: underline\">Cr\u00e8me de douche duo<\/span> : nettoie et nourrit les peaux sensibles s\u00e8ches<\/span><\/span><\/p>\n<p><img loading=\"lazy\" decoding=\"async\" class=\"alignnone size-medium wp-image-11534\" src=\"https:\/\/www.pharmacie-guillaume.be\/wp-content\/uploads\/2025\/11\/Avene-Xeracalm-creme-douche-260x300.jpg\" alt=\"\" width=\"260\" height=\"300\" srcset=\"https:\/\/www.pharmacie-guillaume.be\/wp-content\/uploads\/2025\/11\/Avene-Xeracalm-creme-douche-260x300.jpg 260w, https:\/\/www.pharmacie-guillaume.be\/wp-content\/uploads\/2025\/11\/Avene-Xeracalm-creme-douche-600x692.jpg 600w, https:\/\/www.pharmacie-guillaume.be\/wp-content\/uploads\/2025\/11\/Avene-Xeracalm-creme-douche.jpg 624w\" sizes=\"auto, (max-width: 260px) 100vw, 260px\" \/><\/p>\n<p><span style=\"font-size: 16px\"><span style=\"font-size: 18px\"><span style=\"text-decoration: underline\">Huile lavante<\/span> : anti-d\u00e9mangeaisons pour peaux tr\u00e8s s\u00e8ches sujettes \u00e0 l'ecz\u00e9ma atopique<\/span><\/span><\/p>\n<p><img loading=\"lazy\" decoding=\"async\" class=\"alignnone size-medium wp-image-11535\" src=\"https:\/\/www.pharmacie-guillaume.be\/wp-content\/uploads\/2025\/11\/Avene-Xeracalm-huile-lav-195x300.jpg\" alt=\"\" width=\"195\" height=\"300\" srcset=\"https:\/\/www.pharmacie-guillaume.be\/wp-content\/uploads\/2025\/11\/Avene-Xeracalm-huile-lav-195x300.jpg 195w, https:\/\/www.pharmacie-guillaume.be\/wp-content\/uploads\/2025\/11\/Avene-Xeracalm-huile-lav.jpg 468w\" sizes=\"auto, (max-width: 195px) 100vw, 195px\" \/><\/p>\n<p>_______________________________________________<\/p>\n<p><span style=\"font-size: 16px\"><span style=\"font-size: 18px\"><strong>Av\u00e8ne CLEANANCE<br \/>\n<\/strong><\/span><\/span><span style=\"font-size: 16px\"><span style=\"text-decoration: underline\"><span style=\"font-size: 18px\">Gel nettoyant visage et corps<\/span><\/span> <span style=\"font-size: 18px\">: purifie et matifie les peaux mixtes, grasses ou \u00e0 imperfections<\/span><span style=\"text-decoration: underline\"><br \/>\n<\/span><\/span><\/p>\n<p><img loading=\"lazy\" decoding=\"async\" class=\"alignnone size-medium wp-image-11414\" src=\"https:\/\/www.pharmacie-guillaume.be\/wp-content\/uploads\/2025\/09\/Avene-Cleanance-gel-168x300.jpg\" alt=\"\" width=\"168\" height=\"300\" srcset=\"https:\/\/www.pharmacie-guillaume.be\/wp-content\/uploads\/2025\/09\/Avene-Cleanance-gel-168x300.jpg 168w, https:\/\/www.pharmacie-guillaume.be\/wp-content\/uploads\/2025\/09\/Avene-Cleanance-gel.jpg 356w\" sizes=\"auto, (max-width: 168px) 100vw, 168px\" \/><\/p>\n<p><span style=\"font-size: 16px\"><span style=\"text-decoration: underline\"><span style=\"font-size: 18px\">Gamme Comedomed<\/span><\/span><span style=\"font-size: 18px\"> : soins pour les imperfections de la peau du visage et du corps (acn\u00e9, boutons, points noirs, marques)<br \/>\nGel nettoyant peeling, soin intensif, cr\u00e8me intensive pouss\u00e9es de boutons, brique de nettoyant solide d\u00e9sincrustant<\/span>:<br \/>\n<\/span><\/p>\n<p><img loading=\"lazy\" decoding=\"async\" class=\"alignnone size-medium wp-image-11435\" src=\"https:\/\/www.pharmacie-guillaume.be\/wp-content\/uploads\/2025\/10\/Avene-Cleanance-Comedomed-300x185.jpg\" alt=\"\" width=\"300\" height=\"185\" srcset=\"https:\/\/www.pharmacie-guillaume.be\/wp-content\/uploads\/2025\/10\/Avene-Cleanance-Comedomed-300x185.jpg 300w, https:\/\/www.pharmacie-guillaume.be\/wp-content\/uploads\/2025\/10\/Avene-Cleanance-Comedomed-1024x631.jpg 1024w, https:\/\/www.pharmacie-guillaume.be\/wp-content\/uploads\/2025\/10\/Avene-Cleanance-Comedomed-768x473.jpg 768w, https:\/\/www.pharmacie-guillaume.be\/wp-content\/uploads\/2025\/10\/Avene-Cleanance-Comedomed-600x369.jpg 600w, https:\/\/www.pharmacie-guillaume.be\/wp-content\/uploads\/2025\/10\/Avene-Cleanance-Comedomed.jpg 1140w\" sizes=\"auto, (max-width: 300px) 100vw, 300px\" \/><\/p>\n<p>_______________________________________________<\/p>\n<p><span style=\"font-size: 16px\"><span style=\"font-size: 18px\"><strong>Lipikar Baume AP+M <\/strong><\/span>: baume relipidant pour peau avec tendance \u00e0 l'ecz\u00e9ma atopique<br \/>\nAnti-grattage, anti-rechute, apaisement imm\u00e9diat<\/span><\/p>\n<p><img loading=\"lazy\" decoding=\"async\" class=\"alignnone size-medium wp-image-11594\" src=\"https:\/\/www.pharmacie-guillaume.be\/wp-content\/uploads\/2026\/01\/Lipikar-Baume-215x300.jpg\" alt=\"\" width=\"215\" height=\"300\" srcset=\"https:\/\/www.pharmacie-guillaume.be\/wp-content\/uploads\/2026\/01\/Lipikar-Baume-215x300.jpg 215w, https:\/\/www.pharmacie-guillaume.be\/wp-content\/uploads\/2026\/01\/Lipikar-Baume.jpg 516w\" sizes=\"auto, (max-width: 215px) 100vw, 215px\" \/><\/p>\n<p>_______________________________________________<\/p>\n<p><span style=\"font-size: 16px\"><span style=\"font-size: 18px\"><strong>A-Derma<br \/>\n<\/strong><\/span><\/span><\/p>\n<p><span style=\"font-size: 16px\"><span style=\"font-size: 18px\"><span style=\"text-decoration: underline\">Gamme compl\u00e8te<\/span> de soins pour peaux alt\u00e9r\u00e9es, fragilis\u00e9es, acn\u00e9iques, d\u00e9cap\u00e9es, rugueuses, dess\u00e9ch\u00e9es, irrit\u00e9es, ecz\u00e9mateuses, etc.<\/span><br \/>\n<\/span><\/p>\n<p><img loading=\"lazy\" decoding=\"async\" class=\"alignnone size-medium wp-image-11211\" src=\"https:\/\/www.pharmacie-guillaume.be\/wp-content\/uploads\/2025\/02\/A-Derma-gamme-300x176.jpg\" alt=\"\" width=\"300\" height=\"176\" srcset=\"https:\/\/www.pharmacie-guillaume.be\/wp-content\/uploads\/2025\/02\/A-Derma-gamme-300x176.jpg 300w, https:\/\/www.pharmacie-guillaume.be\/wp-content\/uploads\/2025\/02\/A-Derma-gamme-1024x601.jpg 1024w, https:\/\/www.pharmacie-guillaume.be\/wp-content\/uploads\/2025\/02\/A-Derma-gamme-768x451.jpg 768w, https:\/\/www.pharmacie-guillaume.be\/wp-content\/uploads\/2025\/02\/A-Derma-gamme.jpg 1226w, https:\/\/www.pharmacie-guillaume.be\/wp-content\/uploads\/2025\/02\/A-Derma-gamme-600x352.jpg 600w\" sizes=\"auto, (max-width: 300px) 100vw, 300px\" \/><\/p>\n<p><span style=\"font-size: 16px\"><span style=\"font-size: 18px\"><span style=\"text-decoration: underline\">EXOMEGA Huile lavante \u00e9molliente anti-grattage<\/span> : apaise les irritations et r\u00e9duit la s\u00e9cheresse des peaux s\u00e8ches \u00e0 tendance \u00e0 ecz\u00e9ma atopique<br \/>\n<\/span><\/span><\/p>\n<p><img loading=\"lazy\" decoding=\"async\" class=\"alignnone size-medium wp-image-11530\" src=\"https:\/\/www.pharmacie-guillaume.be\/wp-content\/uploads\/2025\/11\/A-Derma-huile-lavante-282x300.jpg\" alt=\"\" width=\"282\" height=\"300\" srcset=\"https:\/\/www.pharmacie-guillaume.be\/wp-content\/uploads\/2025\/11\/A-Derma-huile-lavante-282x300.jpg 282w, https:\/\/www.pharmacie-guillaume.be\/wp-content\/uploads\/2025\/11\/A-Derma-huile-lavante-600x638.jpg 600w, https:\/\/www.pharmacie-guillaume.be\/wp-content\/uploads\/2025\/11\/A-Derma-huile-lavante.jpg 677w\" sizes=\"auto, (max-width: 282px) 100vw, 282px\" \/><\/p>\n<p>_______________________________________________<\/p>\n<p><span style=\"font-size: 18px\"><strong>Une s\u00e9lection de soins Vichy<\/strong><\/span><\/p>\n<p><a href=\"https:\/\/www.pharmacie-guillaume.be\/wp-content\/uploads\/2024\/10\/Vichy.jpg\"><img loading=\"lazy\" decoding=\"async\" class=\"alignnone wp-image-11045 size-medium\" src=\"https:\/\/www.pharmacie-guillaume.be\/wp-content\/uploads\/2024\/10\/Vichy-300x292.jpg\" alt=\"\" width=\"300\" height=\"292\" srcset=\"https:\/\/www.pharmacie-guillaume.be\/wp-content\/uploads\/2024\/10\/Vichy-300x292.jpg 300w, https:\/\/www.pharmacie-guillaume.be\/wp-content\/uploads\/2024\/10\/Vichy-600x584.jpg 600w, https:\/\/www.pharmacie-guillaume.be\/wp-content\/uploads\/2024\/10\/Vichy.jpg 699w\" sizes=\"auto, (max-width: 300px) 100vw, 300px\" \/><\/a><\/p>\n<p>_______________________________________________<\/p>\n<p><span style=\"font-size: 16px\"><span style=\"font-size: 18px\"><strong>CeraVe <\/strong><\/span>gel moussant sans parfum pour peaux normales \u00e0 grasses, aux 3 c\u00e9ramides essentiels, niacinamide et acide hyaluronique<br \/>\nNettoie et \u00e9limine l'exc\u00e8s de s\u00e9bum sans alt\u00e9rer la barri\u00e8re protectrice de la peau (lot de 2 x 470 ml)<\/span><\/p>\n<p><img loading=\"lazy\" decoding=\"async\" class=\"alignnone size-medium wp-image-11447\" src=\"https:\/\/www.pharmacie-guillaume.be\/wp-content\/uploads\/2025\/10\/Cerave-foaming-cleanser-300x283.jpg\" alt=\"\" width=\"300\" height=\"283\" srcset=\"https:\/\/www.pharmacie-guillaume.be\/wp-content\/uploads\/2025\/10\/Cerave-foaming-cleanser-300x283.jpg 300w, https:\/\/www.pharmacie-guillaume.be\/wp-content\/uploads\/2025\/10\/Cerave-foaming-cleanser-600x567.jpg 600w, https:\/\/www.pharmacie-guillaume.be\/wp-content\/uploads\/2025\/10\/Cerave-foaming-cleanser.jpg 762w\" sizes=\"auto, (max-width: 300px) 100vw, 300px\" \/><\/p>\n<p>_______________________________________________<\/p>\n<p><span style=\"font-size: 16px\"><span style=\"font-size: 18px\"><strong>Cr\u00e8mes et soins pour les mains <\/strong>(<\/span><\/span><span style=\"font-size: 16px\"><span style=\"font-size: 18px\">Urgo, Neutrogena, Av\u00e8ne)<\/span><br \/>\n<\/span><\/p>\n<p><img loading=\"lazy\" decoding=\"async\" class=\"alignnone size-medium wp-image-11219\" src=\"https:\/\/www.pharmacie-guillaume.be\/wp-content\/uploads\/2025\/02\/Cremes-mains-300x169.jpg\" alt=\"\" width=\"300\" height=\"169\" srcset=\"https:\/\/www.pharmacie-guillaume.be\/wp-content\/uploads\/2025\/02\/Cremes-mains-300x169.jpg 300w, https:\/\/www.pharmacie-guillaume.be\/wp-content\/uploads\/2025\/02\/Cremes-mains-1024x576.jpg 1024w, https:\/\/www.pharmacie-guillaume.be\/wp-content\/uploads\/2025\/02\/Cremes-mains-768x432.jpg 768w, https:\/\/www.pharmacie-guillaume.be\/wp-content\/uploads\/2025\/02\/Cremes-mains.jpg 1280w, https:\/\/www.pharmacie-guillaume.be\/wp-content\/uploads\/2025\/02\/Cremes-mains-600x338.jpg 600w\" sizes=\"auto, (max-width: 300px) 100vw, 300px\" \/><\/p>\n<p>_______________________________________________<\/p>\n<p><span style=\"font-size: 16px\"><span style=\"font-size: 18px\"><strong>S\u00e9lection de protections anti-moustiques, <\/strong><\/span><\/span><span style=\"font-size: 16px\"><span style=\"font-size: 18px\">\u00e0 base d'huiles essentielles<\/span><br \/>\n<\/span><\/p>\n<p><span style=\"font-size: 16px\"><span style=\"font-size: 18px\"><strong>PureEssentiel<\/strong><\/span><\/span><\/p>\n<p><img loading=\"lazy\" decoding=\"async\" class=\"alignnone size-medium wp-image-11387\" src=\"https:\/\/www.pharmacie-guillaume.be\/wp-content\/uploads\/2025\/08\/Anti-moustiques-huiles-ess-300x186.jpg\" alt=\"\" width=\"300\" height=\"186\" srcset=\"https:\/\/www.pharmacie-guillaume.be\/wp-content\/uploads\/2025\/08\/Anti-moustiques-huiles-ess-300x186.jpg 300w, https:\/\/www.pharmacie-guillaume.be\/wp-content\/uploads\/2025\/08\/Anti-moustiques-huiles-ess-768x476.jpg 768w, https:\/\/www.pharmacie-guillaume.be\/wp-content\/uploads\/2025\/08\/Anti-moustiques-huiles-ess-600x371.jpg 600w, https:\/\/www.pharmacie-guillaume.be\/wp-content\/uploads\/2025\/08\/Anti-moustiques-huiles-ess.jpg 982w\" sizes=\"auto, (max-width: 300px) 100vw, 300px\" \/><\/p>\n<p><span style=\"font-size: 16px\"><span style=\"font-size: 18px\">Anti-pique Bio <\/span><\/span><span style=\"font-size: 16px\"><span style=\"font-size: 18px\">Duopack : spray r\u00e9pulsif et apaisant + roller multi-apaisant en cas de d\u00e9mangeaisons\/irritations<\/span><br \/>\n<\/span><\/p>\n<p><img loading=\"lazy\" decoding=\"async\" class=\"alignnone size-medium wp-image-11383\" src=\"https:\/\/www.pharmacie-guillaume.be\/wp-content\/uploads\/2025\/08\/PureEssentiel-Anti-pique-duo-220x300.jpg\" alt=\"\" width=\"220\" height=\"300\" srcset=\"https:\/\/www.pharmacie-guillaume.be\/wp-content\/uploads\/2025\/08\/PureEssentiel-Anti-pique-duo-220x300.jpg 220w, https:\/\/www.pharmacie-guillaume.be\/wp-content\/uploads\/2025\/08\/PureEssentiel-Anti-pique-duo.jpg 528w\" sizes=\"auto, (max-width: 220px) 100vw, 220px\" \/><\/p>\n<p><span style=\"font-size: 16px\"><span style=\"font-size: 18px\">Bracelets anti-moustiques<\/span><\/span><\/p>\n<p><img loading=\"lazy\" decoding=\"async\" class=\"alignnone size-medium wp-image-11386\" src=\"https:\/\/www.pharmacie-guillaume.be\/wp-content\/uploads\/2025\/08\/Bracelets-anti-moustiques-300x162.jpg\" alt=\"\" width=\"300\" height=\"162\" srcset=\"https:\/\/www.pharmacie-guillaume.be\/wp-content\/uploads\/2025\/08\/Bracelets-anti-moustiques-300x162.jpg 300w, https:\/\/www.pharmacie-guillaume.be\/wp-content\/uploads\/2025\/08\/Bracelets-anti-moustiques-1024x553.jpg 1024w, https:\/\/www.pharmacie-guillaume.be\/wp-content\/uploads\/2025\/08\/Bracelets-anti-moustiques-768x415.jpg 768w, https:\/\/www.pharmacie-guillaume.be\/wp-content\/uploads\/2025\/08\/Bracelets-anti-moustiques-600x324.jpg 600w, https:\/\/www.pharmacie-guillaume.be\/wp-content\/uploads\/2025\/08\/Bracelets-anti-moustiques.jpg 1130w\" sizes=\"auto, (max-width: 300px) 100vw, 300px\" \/><\/p>\n<p>_______________________________________________<\/p>\n<p><span style=\"font-size: 18px\"><strong>Cr\u00e8mes solaires <\/strong>: large gamme de marques\u00a0<\/span><\/p>\n<p><img loading=\"lazy\" decoding=\"async\" class=\"alignnone size-medium wp-image-10623\" src=\"https:\/\/www.pharmacie-guillaume.be\/wp-content\/uploads\/2024\/06\/Promo-temporaire4-300x300.jpg\" alt=\"\" width=\"300\" height=\"300\" srcset=\"https:\/\/www.pharmacie-guillaume.be\/wp-content\/uploads\/2024\/06\/Promo-temporaire4-300x300.jpg 300w, https:\/\/www.pharmacie-guillaume.be\/wp-content\/uploads\/2024\/06\/Promo-temporaire4-150x150.jpg 150w, https:\/\/www.pharmacie-guillaume.be\/wp-content\/uploads\/2024\/06\/Promo-temporaire4-600x600.jpg 600w, https:\/\/www.pharmacie-guillaume.be\/wp-content\/uploads\/2024\/06\/Promo-temporaire4-100x100.jpg 100w, https:\/\/www.pharmacie-guillaume.be\/wp-content\/uploads\/2024\/06\/Promo-temporaire4.jpg 750w\" sizes=\"auto, (max-width: 300px) 100vw, 300px\" \/><br \/>\n______________________________________________<\/p>\n<p><strong><em><span style=\"text-decoration: underline\"><span style=\"font-size: 18px\">COSMETIQUES<\/span><\/span><\/em><\/strong><\/p>\n<p><span style=\"font-size: 18px\"><strong>Gamme compl\u00e8te XANTHO <\/strong>\u00e0 base de houblon<\/span><\/p>\n<p><a href=\"https:\/\/www.pharmacie-guillaume.be\/wp-content\/uploads\/2024\/06\/Xanto.jpg\"><img loading=\"lazy\" decoding=\"async\" class=\"alignnone wp-image-10637 size-medium\" src=\"https:\/\/www.pharmacie-guillaume.be\/wp-content\/uploads\/2024\/06\/Xanto-300x157.jpg\" alt=\"\" width=\"300\" height=\"157\" srcset=\"https:\/\/www.pharmacie-guillaume.be\/wp-content\/uploads\/2024\/06\/Xanto-300x157.jpg 300w, https:\/\/www.pharmacie-guillaume.be\/wp-content\/uploads\/2024\/06\/Xanto-1024x537.jpg 1024w, https:\/\/www.pharmacie-guillaume.be\/wp-content\/uploads\/2024\/06\/Xanto-768x402.jpg 768w, https:\/\/www.pharmacie-guillaume.be\/wp-content\/uploads\/2024\/06\/Xanto-848x448.jpg 848w, https:\/\/www.pharmacie-guillaume.be\/wp-content\/uploads\/2024\/06\/Xanto-600x314.jpg 600w, https:\/\/www.pharmacie-guillaume.be\/wp-content\/uploads\/2024\/06\/Xanto.jpg 1250w\" sizes=\"auto, (max-width: 300px) 100vw, 300px\" \/><\/a><\/p>\n<p>_______________________________________________<\/p>\n<p><span style=\"font-size: 18px\"><strong>Gamme compl\u00e8te Louis Widmer<\/strong><\/span><\/p>\n<p><img loading=\"lazy\" decoding=\"async\" class=\"alignnone size-medium wp-image-10639\" src=\"https:\/\/www.pharmacie-guillaume.be\/wp-content\/uploads\/2024\/06\/Witmer-300x300.jpg\" alt=\"\" width=\"300\" height=\"300\" srcset=\"https:\/\/www.pharmacie-guillaume.be\/wp-content\/uploads\/2024\/06\/Witmer-300x300.jpg 300w, https:\/\/www.pharmacie-guillaume.be\/wp-content\/uploads\/2024\/06\/Witmer-150x150.jpg 150w, https:\/\/www.pharmacie-guillaume.be\/wp-content\/uploads\/2024\/06\/Witmer-600x600.jpg 600w, https:\/\/www.pharmacie-guillaume.be\/wp-content\/uploads\/2024\/06\/Witmer-100x100.jpg 100w, https:\/\/www.pharmacie-guillaume.be\/wp-content\/uploads\/2024\/06\/Witmer.jpg 750w\" sizes=\"auto, (max-width: 300px) 100vw, 300px\" \/><br \/>\n_____________________________________________<\/p>\n<\/div>\n<\/div><\/div><\/div><\/div><\/div>","protected":false},"excerpt":{"rendered":"<p>&nbsp; VISAGE ET CORPS Av\u00e8ne XERACALM Gamme compl\u00e8te de soins pour peaux sensibles, s\u00e8ches ou tr\u00e8s s\u00e8ches, \u00e0 tendance atopique &#8230; dont une nouveaut\u00e9, le gel lact\u00e9 relipidant : texture douce et effet frais, id\u00e9al pour l&#8217;\u00e9t\u00e9 ; anti-d\u00e9mangeaisons, apaisement imm\u00e9diat (\u00e9galement pour femmes enceintes ou allaitantes). Cr\u00e8me de douche duo : nettoie et nourrit [&hellip;]<\/p>\n","protected":false},"author":14,"featured_media":0,"parent":10346,"menu_order":0,"comment_status":"closed","ping_status":"closed","template":"","meta":{"_themeisle_gutenberg_block_has_review":false,"footnotes":""},"class_list":["post-11118","page","type-page","status-publish","hentry"],"jetpack_sharing_enabled":true,"_links":{"self":[{"href":"https:\/\/www.pharmacie-guillaume.be\/index.php\/wp-json\/wp\/v2\/pages\/11118","targetHints":{"allow":["GET"]}}],"collection":[{"href":"https:\/\/www.pharmacie-guillaume.be\/index.php\/wp-json\/wp\/v2\/pages"}],"about":[{"href":"https:\/\/www.pharmacie-guillaume.be\/index.php\/wp-json\/wp\/v2\/types\/page"}],"author":[{"embeddable":true,"href":"https:\/\/www.pharmacie-guillaume.be\/index.php\/wp-json\/wp\/v2\/users\/14"}],"replies":[{"embeddable":true,"href":"https:\/\/www.pharmacie-guillaume.be\/index.php\/wp-json\/wp\/v2\/comments?post=11118"}],"version-history":[{"count":37,"href":"https:\/\/www.pharmacie-guillaume.be\/index.php\/wp-json\/wp\/v2\/pages\/11118\/revisions"}],"predecessor-version":[{"id":11673,"href":"https:\/\/www.pharmacie-guillaume.be\/index.php\/wp-json\/wp\/v2\/pages\/11118\/revisions\/11673"}],"up":[{"embeddable":true,"href":"https:\/\/www.pharmacie-guillaume.be\/index.php\/wp-json\/wp\/v2\/pages\/10346"}],"wp:attachment":[{"href":"https:\/\/www.pharmacie-guillaume.be\/index.php\/wp-json\/wp\/v2\/media?parent=11118"}],"curies":[{"name":"wp","href":"https:\/\/api.w.org\/{rel}","templated":true}]}}