{"id":11116,"date":"2024-12-14T21:02:51","date_gmt":"2024-12-14T20:02:51","guid":{"rendered":"https:\/\/www.pharmacie-guillaume.be\/?page_id=11116"},"modified":"2026-04-09T18:16:21","modified_gmt":"2026-04-09T16:16:21","slug":"soins-des-articulations-muscles-tendons-et-os","status":"publish","type":"page","link":"https:\/\/www.pharmacie-guillaume.be\/index.php\/promos-temporaires-et-ristournes\/soins-des-articulations-muscles-tendons-et-os\/","title":{"rendered":"Soins des articulations, muscles, tendons et os"},"content":{"rendered":"<div id=\"pl-11116\"  class=\"panel-layout\" ><div id=\"pg-11116-0\"  class=\"panel-grid panel-no-style\" ><div id=\"pgc-11116-0-0\"  class=\"panel-grid-cell\" ><div id=\"panel-11116-0-0-0\" class=\"so-panel widget widget_sow-editor panel-first-child panel-last-child\" data-index=\"0\" ><div\n\t\t\t\n\t\t\tclass=\"so-widget-sow-editor so-widget-sow-editor-base\"\n\t\t\t\n\t\t>\n<div class=\"siteorigin-widget-tinymce textwidget\">\n\t<h4><span style=\"text-decoration: underline\"><span style=\"font-size: 18px\"><strong>SOINS DES ARTICULATIONS, MUSCLES, TENDONS ET OS<\/strong><\/span><\/span><\/h4>\n<p><span style=\"font-size: 18px\"><strong>Biocondil Cartilage <\/strong>(Trenker) \u00e0 base de glucosamine HCl, chondro\u00eftine SO4 et vitamine C (180 comprim\u00e9s)<\/span><\/p>\n<p><img loading=\"lazy\" decoding=\"async\" class=\"alignnone size-medium wp-image-11596\" src=\"https:\/\/www.pharmacie-guillaume.be\/wp-content\/uploads\/2026\/01\/Biocondil-cartilages2-300x203.jpg\" alt=\"\" width=\"300\" height=\"203\" srcset=\"https:\/\/www.pharmacie-guillaume.be\/wp-content\/uploads\/2026\/01\/Biocondil-cartilages2-300x203.jpg 300w, https:\/\/www.pharmacie-guillaume.be\/wp-content\/uploads\/2026\/01\/Biocondil-cartilages2-768x519.jpg 768w, https:\/\/www.pharmacie-guillaume.be\/wp-content\/uploads\/2026\/01\/Biocondil-cartilages2.jpg 844w, https:\/\/www.pharmacie-guillaume.be\/wp-content\/uploads\/2026\/01\/Biocondil-cartilages2-600x405.jpg 600w\" sizes=\"auto, (max-width: 300px) 100vw, 300px\" \/><\/p>\n<p>_______________________________________________<\/p>\n<p><span style=\"font-size: 18px\"><strong>NC2 <\/strong>(Trenker) \u00e0 base de Curcuma longa et Boswellia serrat (90 g\u00e9lules) <\/span><\/p>\n<p><span style=\"font-size: 18px\">Soutient les cartilages<\/span><\/p>\n<p><img loading=\"lazy\" decoding=\"async\" class=\"alignnone size-medium wp-image-11597\" src=\"https:\/\/www.pharmacie-guillaume.be\/wp-content\/uploads\/2026\/01\/NC2-300x177.jpg\" alt=\"\" width=\"300\" height=\"177\" srcset=\"https:\/\/www.pharmacie-guillaume.be\/wp-content\/uploads\/2026\/01\/NC2-300x177.jpg 300w, https:\/\/www.pharmacie-guillaume.be\/wp-content\/uploads\/2026\/01\/NC2-768x454.jpg 768w, https:\/\/www.pharmacie-guillaume.be\/wp-content\/uploads\/2026\/01\/NC2-600x355.jpg 600w, https:\/\/www.pharmacie-guillaume.be\/wp-content\/uploads\/2026\/01\/NC2.jpg 998w\" sizes=\"auto, (max-width: 300px) 100vw, 300px\" \/><\/p>\n<p>_______________________________________________<\/p>\n<p><span style=\"font-size: 18px\"><strong>Curcufen Forte <\/strong>\u00e0 base de Curcuma longa et Boswellia serrat (90 g\u00e9lules)<\/span><\/p>\n<p><span style=\"font-size: 18px\">Pour les articulations et les muscles<\/span><\/p>\n<p><img loading=\"lazy\" decoding=\"async\" class=\"alignnone size-medium wp-image-11598\" src=\"https:\/\/www.pharmacie-guillaume.be\/wp-content\/uploads\/2026\/01\/Curcufen-forte-300x208.jpg\" alt=\"\" width=\"300\" height=\"208\" srcset=\"https:\/\/www.pharmacie-guillaume.be\/wp-content\/uploads\/2026\/01\/Curcufen-forte-300x208.jpg 300w, https:\/\/www.pharmacie-guillaume.be\/wp-content\/uploads\/2026\/01\/Curcufen-forte-768x532.jpg 768w, https:\/\/www.pharmacie-guillaume.be\/wp-content\/uploads\/2026\/01\/Curcufen-forte-600x415.jpg 600w, https:\/\/www.pharmacie-guillaume.be\/wp-content\/uploads\/2026\/01\/Curcufen-forte.jpg 968w\" sizes=\"auto, (max-width: 300px) 100vw, 300px\" \/><\/p>\n<p>_______________________________________________<\/p>\n<p><span style=\"font-size: 18px\"><strong>Curcudyn Forte <\/strong>(Metagenics) \u00e0 base de Curcuma longa, Boswellia, gingembre, vitamines C et D<\/span><\/p>\n<p><span style=\"font-size: 18px\">Souplesse des articulations et muscles<\/span><\/p>\n<p><img loading=\"lazy\" decoding=\"async\" class=\"alignnone size-medium wp-image-11404\" src=\"https:\/\/www.pharmacie-guillaume.be\/wp-content\/uploads\/2025\/09\/Curcudyn-Forte-300x172.jpg\" alt=\"\" width=\"300\" height=\"172\" srcset=\"https:\/\/www.pharmacie-guillaume.be\/wp-content\/uploads\/2025\/09\/Curcudyn-Forte-300x172.jpg 300w, https:\/\/www.pharmacie-guillaume.be\/wp-content\/uploads\/2025\/09\/Curcudyn-Forte-1024x588.jpg 1024w, https:\/\/www.pharmacie-guillaume.be\/wp-content\/uploads\/2025\/09\/Curcudyn-Forte-768x441.jpg 768w, https:\/\/www.pharmacie-guillaume.be\/wp-content\/uploads\/2025\/09\/Curcudyn-Forte-600x344.jpg 600w, https:\/\/www.pharmacie-guillaume.be\/wp-content\/uploads\/2025\/09\/Curcudyn-Forte.jpg 1045w\" sizes=\"auto, (max-width: 300px) 100vw, 300px\" \/><\/p>\n<p>_______________________________________________<\/p>\n<p><span style=\"font-size: 18px\"><strong>Magnepamyl <\/strong>\u00e0 base de magn\u00e9sium<\/span><\/p>\n<p><span style=\"font-size: 18px\"> R\u00e9duction du stress et de la fatigue ; contraction musculaire normale<\/span><\/p>\n<p><img loading=\"lazy\" decoding=\"async\" class=\"alignnone size-medium wp-image-11686\" src=\"https:\/\/www.pharmacie-guillaume.be\/wp-content\/uploads\/2026\/04\/Magnepanyl-9015-300x209.jpg\" alt=\"\" width=\"300\" height=\"209\" srcset=\"https:\/\/www.pharmacie-guillaume.be\/wp-content\/uploads\/2026\/04\/Magnepanyl-9015-300x209.jpg 300w, https:\/\/www.pharmacie-guillaume.be\/wp-content\/uploads\/2026\/04\/Magnepanyl-9015-768x535.jpg 768w, https:\/\/www.pharmacie-guillaume.be\/wp-content\/uploads\/2026\/04\/Magnepanyl-9015-600x418.jpg 600w, https:\/\/www.pharmacie-guillaume.be\/wp-content\/uploads\/2026\/04\/Magnepanyl-9015.jpg 945w\" sizes=\"auto, (max-width: 300px) 100vw, 300px\" \/><\/p>\n<\/div>\n<\/div><\/div><\/div><\/div><\/div>","protected":false},"excerpt":{"rendered":"<p>SOINS DES ARTICULATIONS, MUSCLES, TENDONS ET OS Biocondil Cartilage (Trenker) \u00e0 base de glucosamine HCl, chondro\u00eftine SO4 et vitamine C (180 comprim\u00e9s) _______________________________________________ NC2 (Trenker) \u00e0 base de Curcuma longa et Boswellia serrat (90 g\u00e9lules) Soutient les cartilages _______________________________________________ Curcufen Forte \u00e0 base de Curcuma longa et Boswellia serrat (90 g\u00e9lules) Pour les articulations et [&hellip;]<\/p>\n","protected":false},"author":14,"featured_media":0,"parent":10346,"menu_order":0,"comment_status":"closed","ping_status":"closed","template":"","meta":{"_themeisle_gutenberg_block_has_review":false,"footnotes":""},"class_list":["post-11116","page","type-page","status-publish","hentry"],"jetpack_sharing_enabled":true,"_links":{"self":[{"href":"https:\/\/www.pharmacie-guillaume.be\/index.php\/wp-json\/wp\/v2\/pages\/11116","targetHints":{"allow":["GET"]}}],"collection":[{"href":"https:\/\/www.pharmacie-guillaume.be\/index.php\/wp-json\/wp\/v2\/pages"}],"about":[{"href":"https:\/\/www.pharmacie-guillaume.be\/index.php\/wp-json\/wp\/v2\/types\/page"}],"author":[{"embeddable":true,"href":"https:\/\/www.pharmacie-guillaume.be\/index.php\/wp-json\/wp\/v2\/users\/14"}],"replies":[{"embeddable":true,"href":"https:\/\/www.pharmacie-guillaume.be\/index.php\/wp-json\/wp\/v2\/comments?post=11116"}],"version-history":[{"count":20,"href":"https:\/\/www.pharmacie-guillaume.be\/index.php\/wp-json\/wp\/v2\/pages\/11116\/revisions"}],"predecessor-version":[{"id":11688,"href":"https:\/\/www.pharmacie-guillaume.be\/index.php\/wp-json\/wp\/v2\/pages\/11116\/revisions\/11688"}],"up":[{"embeddable":true,"href":"https:\/\/www.pharmacie-guillaume.be\/index.php\/wp-json\/wp\/v2\/pages\/10346"}],"wp:attachment":[{"href":"https:\/\/www.pharmacie-guillaume.be\/index.php\/wp-json\/wp\/v2\/media?parent=11116"}],"curies":[{"name":"wp","href":"https:\/\/api.w.org\/{rel}","templated":true}]}}