{"id":11114,"date":"2024-12-14T21:01:22","date_gmt":"2024-12-14T20:01:22","guid":{"rendered":"https:\/\/www.pharmacie-guillaume.be\/?page_id=11114"},"modified":"2026-04-09T18:15:24","modified_gmt":"2026-04-09T16:15:24","slug":"stress-et-fatigue","status":"publish","type":"page","link":"https:\/\/www.pharmacie-guillaume.be\/index.php\/promos-temporaires-et-ristournes\/stress-et-fatigue\/","title":{"rendered":"Stress, fatigue, sommeil, immunit\u00e9, m\u00e9moire"},"content":{"rendered":"<div id=\"pl-11114\"  class=\"panel-layout\" ><div id=\"pg-11114-0\"  class=\"panel-grid panel-no-style\" ><div id=\"pgc-11114-0-0\"  class=\"panel-grid-cell\" ><div id=\"panel-11114-0-0-0\" class=\"so-panel widget widget_sow-editor panel-first-child panel-last-child\" data-index=\"0\" ><div\n\t\t\t\n\t\t\tclass=\"so-widget-sow-editor so-widget-sow-editor-base\"\n\t\t\t\n\t\t>\n<div class=\"siteorigin-widget-tinymce textwidget\">\n\t<h4><span style=\"text-decoration: underline\"><span style=\"font-size: 18px\"><strong>STRESS, FATIGUE, SOMMEIL, IMMUNITE, MEMOIRE<\/strong><\/span><\/span><\/h4>\n<p><span style=\"font-size: 18px\"><strong>Zaffranax Sleep <\/strong>: \u00e0 base de safran, m\u00e9lisse officinale, GABA, vitamines C et B3, et zinc<\/span><\/p>\n<p><span style=\"font-size: 18px\">Pour s'endormir relax\u00e9, avoir un sommeil de qualit\u00e9, sans accoutumance ni somnolence au r\u00e9veil<\/span><\/p>\n<p><img loading=\"lazy\" decoding=\"async\" class=\"alignnone size-medium wp-image-11657\" src=\"https:\/\/www.pharmacie-guillaume.be\/wp-content\/uploads\/2026\/03\/Zaffranax-Sleep-300x176.jpg\" alt=\"\" width=\"300\" height=\"176\" srcset=\"https:\/\/www.pharmacie-guillaume.be\/wp-content\/uploads\/2026\/03\/Zaffranax-Sleep-300x176.jpg 300w, https:\/\/www.pharmacie-guillaume.be\/wp-content\/uploads\/2026\/03\/Zaffranax-Sleep-1024x600.jpg 1024w, https:\/\/www.pharmacie-guillaume.be\/wp-content\/uploads\/2026\/03\/Zaffranax-Sleep-768x450.jpg 768w, https:\/\/www.pharmacie-guillaume.be\/wp-content\/uploads\/2026\/03\/Zaffranax-Sleep-600x352.jpg 600w, https:\/\/www.pharmacie-guillaume.be\/wp-content\/uploads\/2026\/03\/Zaffranax-Sleep.jpg 1148w\" sizes=\"auto, (max-width: 300px) 100vw, 300px\" \/><\/p>\n<p>_______________________________________________<\/p>\n<p><span style=\"font-size: 18px\"><strong>SLEEPYL Forte (Therabel) <\/strong>: \u00e0 base de val\u00e9riane, houblon et m\u00e9latonine<\/span><\/p>\n<p><span style=\"font-size: 18px\">Pour un sommeil de qualit\u00e9 sans accoutumance ni somnolence au r\u00e9veil<\/span><\/p>\n<p><img loading=\"lazy\" decoding=\"async\" class=\"alignnone size-medium wp-image-11653\" src=\"https:\/\/www.pharmacie-guillaume.be\/wp-content\/uploads\/2026\/03\/Sleepyl-300x163.jpg\" alt=\"\" width=\"300\" height=\"163\" srcset=\"https:\/\/www.pharmacie-guillaume.be\/wp-content\/uploads\/2026\/03\/Sleepyl-300x163.jpg 300w, https:\/\/www.pharmacie-guillaume.be\/wp-content\/uploads\/2026\/03\/Sleepyl-1024x556.jpg 1024w, https:\/\/www.pharmacie-guillaume.be\/wp-content\/uploads\/2026\/03\/Sleepyl-768x417.jpg 768w, https:\/\/www.pharmacie-guillaume.be\/wp-content\/uploads\/2026\/03\/Sleepyl-600x326.jpg 600w, https:\/\/www.pharmacie-guillaume.be\/wp-content\/uploads\/2026\/03\/Sleepyl.jpg 1055w\" sizes=\"auto, (max-width: 300px) 100vw, 300px\" \/><\/p>\n<p>_______________________________________________<\/p>\n<p><span style=\"font-size: 18px\"><strong>ArkoVital Bio Acerola 1000 (Arko Pharma) <\/strong>: vitamine C 100% v\u00e9g\u00e9tales (pack de 2x30)<\/span><\/p>\n<p><span style=\"font-size: 18px\">Contribue au bon fonctionnement du syst\u00e8me immunitaire et aide \u00e0 r\u00e9duire la fatigue<\/span><\/p>\n<p><img loading=\"lazy\" decoding=\"async\" class=\"alignnone size-medium wp-image-11494\" src=\"https:\/\/www.pharmacie-guillaume.be\/wp-content\/uploads\/2025\/10\/ArkoVital-Acerola-family-250x300.jpg\" alt=\"\" width=\"250\" height=\"300\" srcset=\"https:\/\/www.pharmacie-guillaume.be\/wp-content\/uploads\/2025\/10\/ArkoVital-Acerola-family-250x300.jpg 250w, https:\/\/www.pharmacie-guillaume.be\/wp-content\/uploads\/2025\/10\/ArkoVital-Acerola-family.jpg 599w\" sizes=\"auto, (max-width: 250px) 100vw, 250px\" \/><\/p>\n<p>_______________________________________________<\/p>\n<p><span style=\"font-size: 18px\"><strong>Metarelax<\/strong> (Metagenics) \u00e0 base de magn\u00e9sium, folate et vitamines B6, B12 et D (105+15 comprim\u00e9s)<\/span><\/p>\n<p><span style=\"font-size: 18px\">R\u00e9sistance au stress, \u00e9nergie et d\u00e9tente musculaire<\/span><\/p>\n<p><img loading=\"lazy\" decoding=\"async\" class=\"alignnone size-medium wp-image-11639\" src=\"https:\/\/www.pharmacie-guillaume.be\/wp-content\/uploads\/2026\/02\/Metarelax-10515-300x172.jpg\" alt=\"\" width=\"300\" height=\"172\" srcset=\"https:\/\/www.pharmacie-guillaume.be\/wp-content\/uploads\/2026\/02\/Metarelax-10515-300x172.jpg 300w, https:\/\/www.pharmacie-guillaume.be\/wp-content\/uploads\/2026\/02\/Metarelax-10515-1024x588.jpg 1024w, https:\/\/www.pharmacie-guillaume.be\/wp-content\/uploads\/2026\/02\/Metarelax-10515-768x441.jpg 768w, https:\/\/www.pharmacie-guillaume.be\/wp-content\/uploads\/2026\/02\/Metarelax-10515-600x345.jpg 600w, https:\/\/www.pharmacie-guillaume.be\/wp-content\/uploads\/2026\/02\/Metarelax-10515.jpg 1166w\" sizes=\"auto, (max-width: 300px) 100vw, 300px\" \/><\/p>\n<p>_______________________________________________<\/p>\n<p><span style=\"font-size: 18px\"><strong>Formag<\/strong> \u00e0 base de magn\u00e9sium marin, vitamine B6 et taurine<\/span><\/p>\n<p><img loading=\"lazy\" decoding=\"async\" class=\"alignnone size-medium wp-image-11637\" src=\"https:\/\/www.pharmacie-guillaume.be\/wp-content\/uploads\/2026\/02\/Formag-150co-243x300.jpg\" alt=\"\" width=\"243\" height=\"300\" srcset=\"https:\/\/www.pharmacie-guillaume.be\/wp-content\/uploads\/2026\/02\/Formag-150co-243x300.jpg 243w, https:\/\/www.pharmacie-guillaume.be\/wp-content\/uploads\/2026\/02\/Formag-150co.jpg 547w\" sizes=\"auto, (max-width: 243px) 100vw, 243px\" \/><\/p>\n<p>_______________________________________________<\/p>\n<p><span style=\"font-size: 18px\"><strong>Defatyl Energy Plus (Melisana) <\/strong>\u00e0 base de magn\u00e9sium, L-carnitine, taurine et vitamines B<\/span><\/p>\n<p><span style=\"font-size: 18px\"> Energie et immunit\u00e9<\/span><\/p>\n<p><img loading=\"lazy\" decoding=\"async\" class=\"alignnone size-medium wp-image-11470\" src=\"https:\/\/www.pharmacie-guillaume.be\/wp-content\/uploads\/2025\/10\/Defatyl-300x178.jpg\" alt=\"\" width=\"300\" height=\"178\" srcset=\"https:\/\/www.pharmacie-guillaume.be\/wp-content\/uploads\/2025\/10\/Defatyl-300x178.jpg 300w, https:\/\/www.pharmacie-guillaume.be\/wp-content\/uploads\/2025\/10\/Defatyl-1024x609.jpg 1024w, https:\/\/www.pharmacie-guillaume.be\/wp-content\/uploads\/2025\/10\/Defatyl-768x457.jpg 768w, https:\/\/www.pharmacie-guillaume.be\/wp-content\/uploads\/2025\/10\/Defatyl-600x357.jpg 600w, https:\/\/www.pharmacie-guillaume.be\/wp-content\/uploads\/2025\/10\/Defatyl.jpg 1073w\" sizes=\"auto, (max-width: 300px) 100vw, 300px\" \/><\/p>\n<p>_______________________________________________<\/p>\n<p><span style=\"font-size: 18px\"><strong>Magnepamyl <\/strong>\u00e0 base de magn\u00e9sium<\/span><\/p>\n<p><span style=\"font-size: 18px\"> R\u00e9duction du stress et de la fatigue ; contraction musculaire normale<\/span><\/p>\n<p><img loading=\"lazy\" decoding=\"async\" class=\"alignnone size-medium wp-image-11686\" src=\"https:\/\/www.pharmacie-guillaume.be\/wp-content\/uploads\/2026\/04\/Magnepanyl-9015-300x209.jpg\" alt=\"\" width=\"300\" height=\"209\" srcset=\"https:\/\/www.pharmacie-guillaume.be\/wp-content\/uploads\/2026\/04\/Magnepanyl-9015-300x209.jpg 300w, https:\/\/www.pharmacie-guillaume.be\/wp-content\/uploads\/2026\/04\/Magnepanyl-9015-768x535.jpg 768w, https:\/\/www.pharmacie-guillaume.be\/wp-content\/uploads\/2026\/04\/Magnepanyl-9015-600x418.jpg 600w, https:\/\/www.pharmacie-guillaume.be\/wp-content\/uploads\/2026\/04\/Magnepanyl-9015.jpg 945w\" sizes=\"auto, (max-width: 300px) 100vw, 300px\" \/><\/p>\n<p>_______________________________________________<\/p>\n<\/div>\n<\/div><\/div><\/div><\/div><\/div>","protected":false},"excerpt":{"rendered":"<p>STRESS, FATIGUE, SOMMEIL, IMMUNITE, MEMOIRE Zaffranax Sleep : \u00e0 base de safran, m\u00e9lisse officinale, GABA, vitamines C et B3, et zinc Pour s&#8217;endormir relax\u00e9, avoir un sommeil de qualit\u00e9, sans accoutumance ni somnolence au r\u00e9veil _______________________________________________ SLEEPYL Forte (Therabel) : \u00e0 base de val\u00e9riane, houblon et m\u00e9latonine Pour un sommeil de qualit\u00e9 sans accoutumance ni [&hellip;]<\/p>\n","protected":false},"author":14,"featured_media":0,"parent":10346,"menu_order":0,"comment_status":"closed","ping_status":"closed","template":"","meta":{"_themeisle_gutenberg_block_has_review":false,"footnotes":""},"class_list":["post-11114","page","type-page","status-publish","hentry"],"jetpack_sharing_enabled":true,"_links":{"self":[{"href":"https:\/\/www.pharmacie-guillaume.be\/index.php\/wp-json\/wp\/v2\/pages\/11114","targetHints":{"allow":["GET"]}}],"collection":[{"href":"https:\/\/www.pharmacie-guillaume.be\/index.php\/wp-json\/wp\/v2\/pages"}],"about":[{"href":"https:\/\/www.pharmacie-guillaume.be\/index.php\/wp-json\/wp\/v2\/types\/page"}],"author":[{"embeddable":true,"href":"https:\/\/www.pharmacie-guillaume.be\/index.php\/wp-json\/wp\/v2\/users\/14"}],"replies":[{"embeddable":true,"href":"https:\/\/www.pharmacie-guillaume.be\/index.php\/wp-json\/wp\/v2\/comments?post=11114"}],"version-history":[{"count":36,"href":"https:\/\/www.pharmacie-guillaume.be\/index.php\/wp-json\/wp\/v2\/pages\/11114\/revisions"}],"predecessor-version":[{"id":11687,"href":"https:\/\/www.pharmacie-guillaume.be\/index.php\/wp-json\/wp\/v2\/pages\/11114\/revisions\/11687"}],"up":[{"embeddable":true,"href":"https:\/\/www.pharmacie-guillaume.be\/index.php\/wp-json\/wp\/v2\/pages\/10346"}],"wp:attachment":[{"href":"https:\/\/www.pharmacie-guillaume.be\/index.php\/wp-json\/wp\/v2\/media?parent=11114"}],"curies":[{"name":"wp","href":"https:\/\/api.w.org\/{rel}","templated":true}]}}