{"id":11111,"date":"2024-12-14T20:59:59","date_gmt":"2024-12-14T19:59:59","guid":{"rendered":"https:\/\/www.pharmacie-guillaume.be\/?page_id=11111"},"modified":"2025-11-27T17:56:06","modified_gmt":"2025-11-27T16:56:06","slug":"bebes-et-jeunes-enfants","status":"publish","type":"page","link":"https:\/\/www.pharmacie-guillaume.be\/index.php\/promos-temporaires-et-ristournes\/bebes-et-jeunes-enfants\/","title":{"rendered":"B\u00e9b\u00e9s et jeunes enfants"},"content":{"rendered":"<div id=\"pl-11111\"  class=\"panel-layout\" ><div id=\"pg-11111-0\"  class=\"panel-grid panel-no-style\" ><div id=\"pgc-11111-0-0\"  class=\"panel-grid-cell\" ><div id=\"panel-11111-0-0-0\" class=\"so-panel widget widget_sow-editor panel-first-child panel-last-child\" data-index=\"0\" ><div\n\t\t\t\n\t\t\tclass=\"so-widget-sow-editor so-widget-sow-editor-base\"\n\t\t\t\n\t\t>\n<div class=\"siteorigin-widget-tinymce textwidget\">\n\t<p><span style=\"font-size: 18px\"><strong>Mult-ixX Gummies (Aragan) <\/strong>: complexe de 7 vitamines (B, C, D, E), inositol, zinc et iode, pour enfants \u00e0 partir de 3 ans (gommes go\u00fbt cerise)<br \/>\n<strong>Mult-ixX Kidz (Aragan) <\/strong>: vitamine C pour enfants \u00e0 partir de 3 ans (comprim\u00e9s \u00e0 croquer, ar\u00f4me naturel tutti frutti)<br \/>\n<\/span><\/p>\n<p><img loading=\"lazy\" decoding=\"async\" class=\"alignnone size-medium wp-image-11464\" src=\"https:\/\/www.pharmacie-guillaume.be\/wp-content\/uploads\/2025\/10\/Mult-ixX-Gummies-Kids-300x234.jpg\" alt=\"\" width=\"300\" height=\"234\" srcset=\"https:\/\/www.pharmacie-guillaume.be\/wp-content\/uploads\/2025\/10\/Mult-ixX-Gummies-Kids-300x234.jpg 300w, https:\/\/www.pharmacie-guillaume.be\/wp-content\/uploads\/2025\/10\/Mult-ixX-Gummies-Kids-768x598.jpg 768w, https:\/\/www.pharmacie-guillaume.be\/wp-content\/uploads\/2025\/10\/Mult-ixX-Gummies-Kids-600x467.jpg 600w, https:\/\/www.pharmacie-guillaume.be\/wp-content\/uploads\/2025\/10\/Mult-ixX-Gummies-Kids.jpg 904w\" sizes=\"auto, (max-width: 300px) 100vw, 300px\" \/><br \/>\n_______________________________________________<\/p>\n<p><span style=\"font-size: 18px\"><strong>Arko Vitamines Junior (Arko Pharma) <\/strong>: 9 vitamines pour enfants \u00e0 partir de 3 ans (gommes sans sucre au go\u00fbt fruit\u00e9)<\/span><\/p>\n<p><img loading=\"lazy\" decoding=\"async\" class=\"alignnone size-medium wp-image-11467\" src=\"https:\/\/www.pharmacie-guillaume.be\/wp-content\/uploads\/2025\/10\/Arko-Junior-vitam-233x300.jpg\" alt=\"\" width=\"233\" height=\"300\" srcset=\"https:\/\/www.pharmacie-guillaume.be\/wp-content\/uploads\/2025\/10\/Arko-Junior-vitam-233x300.jpg 233w, https:\/\/www.pharmacie-guillaume.be\/wp-content\/uploads\/2025\/10\/Arko-Junior-vitam.jpg 533w\" sizes=\"auto, (max-width: 233px) 100vw, 233px\" \/><br \/>\n_______________________________________________<\/p>\n<p><span style=\"font-size: 18px\"><strong>PhysioLogica isonasal BABY<br \/>\n<\/strong>60 Dosettes de s\u00e9rum physiologique pour l'hygi\u00e8ne quotidienne du nez et des yeux des b\u00e9b\u00e9s et enfants ; et pour les a\u00e9rosolth\u00e9rapies<\/span><\/p>\n<p><img loading=\"lazy\" decoding=\"async\" class=\"alignnone size-medium wp-image-11456\" src=\"https:\/\/www.pharmacie-guillaume.be\/wp-content\/uploads\/2025\/10\/PhysioLogica-Isonasal-baby2-300x171.jpg\" alt=\"\" width=\"300\" height=\"171\" srcset=\"https:\/\/www.pharmacie-guillaume.be\/wp-content\/uploads\/2025\/10\/PhysioLogica-Isonasal-baby2-300x171.jpg 300w, https:\/\/www.pharmacie-guillaume.be\/wp-content\/uploads\/2025\/10\/PhysioLogica-Isonasal-baby2-1024x584.jpg 1024w, https:\/\/www.pharmacie-guillaume.be\/wp-content\/uploads\/2025\/10\/PhysioLogica-Isonasal-baby2-768x438.jpg 768w, https:\/\/www.pharmacie-guillaume.be\/wp-content\/uploads\/2025\/10\/PhysioLogica-Isonasal-baby2-600x342.jpg 600w, https:\/\/www.pharmacie-guillaume.be\/wp-content\/uploads\/2025\/10\/PhysioLogica-Isonasal-baby2.jpg 1211w\" sizes=\"auto, (max-width: 300px) 100vw, 300px\" \/><\/p>\n<p>_______________________________________________<\/p>\n<p><span style=\"font-size: 18px\"><strong>Mustella <\/strong>: gamme compl\u00e8te de soins pour b\u00e9b\u00e9s<\/span><\/p>\n<p><a href=\"https:\/\/www.pharmacie-guillaume.be\/wp-content\/uploads\/2024\/06\/mustella.jpg\"><img loading=\"lazy\" decoding=\"async\" class=\"alignnone wp-image-10640 size-medium\" src=\"https:\/\/www.pharmacie-guillaume.be\/wp-content\/uploads\/2024\/06\/mustella-300x300.jpg\" alt=\"\" width=\"300\" height=\"300\" srcset=\"https:\/\/www.pharmacie-guillaume.be\/wp-content\/uploads\/2024\/06\/mustella-300x300.jpg 300w, https:\/\/www.pharmacie-guillaume.be\/wp-content\/uploads\/2024\/06\/mustella-150x150.jpg 150w, https:\/\/www.pharmacie-guillaume.be\/wp-content\/uploads\/2024\/06\/mustella-600x600.jpg 600w, https:\/\/www.pharmacie-guillaume.be\/wp-content\/uploads\/2024\/06\/mustella-100x100.jpg 100w, https:\/\/www.pharmacie-guillaume.be\/wp-content\/uploads\/2024\/06\/mustella.jpg 750w\" sizes=\"auto, (max-width: 300px) 100vw, 300px\" \/><\/a><br \/>\n_______________________________________________<\/p>\n<p><span style=\"font-size: 18px\"><strong>Laits en poudre<\/strong><\/span><br \/>\n<span style=\"font-size: 16px\">(NAN, Nutrilon, Jun\u00e9o, Enfamil, Nutramigen)<\/span><\/p>\n<p><a href=\"https:\/\/www.pharmacie-guillaume.be\/wp-content\/uploads\/2024\/06\/NAN.jpg\"><img loading=\"lazy\" decoding=\"async\" class=\"alignnone wp-image-10642\" src=\"https:\/\/www.pharmacie-guillaume.be\/wp-content\/uploads\/2024\/06\/NAN-300x300.jpg\" alt=\"\" width=\"300\" height=\"300\" srcset=\"https:\/\/www.pharmacie-guillaume.be\/wp-content\/uploads\/2024\/06\/NAN-300x300.jpg 300w, https:\/\/www.pharmacie-guillaume.be\/wp-content\/uploads\/2024\/06\/NAN-150x150.jpg 150w, https:\/\/www.pharmacie-guillaume.be\/wp-content\/uploads\/2024\/06\/NAN-600x600.jpg 600w, https:\/\/www.pharmacie-guillaume.be\/wp-content\/uploads\/2024\/06\/NAN-100x100.jpg 100w, https:\/\/www.pharmacie-guillaume.be\/wp-content\/uploads\/2024\/06\/NAN.jpg 750w\" sizes=\"auto, (max-width: 300px) 100vw, 300px\" \/><\/a><br \/>\n_______________________________________________<\/p>\n<p>&nbsp;<\/p>\n<\/div>\n<\/div><\/div><\/div><\/div><\/div>","protected":false},"excerpt":{"rendered":"<p>Mult-ixX Gummies (Aragan) : complexe de 7 vitamines (B, C, D, E), inositol, zinc et iode, pour enfants \u00e0 partir de 3 ans (gommes go\u00fbt cerise) Mult-ixX Kidz (Aragan) : vitamine C pour enfants \u00e0 partir de 3 ans (comprim\u00e9s \u00e0 croquer, ar\u00f4me naturel tutti frutti) _______________________________________________ Arko Vitamines Junior (Arko Pharma) : 9 vitamines [&hellip;]<\/p>\n","protected":false},"author":14,"featured_media":0,"parent":10346,"menu_order":0,"comment_status":"closed","ping_status":"closed","template":"","meta":{"_themeisle_gutenberg_block_has_review":false,"footnotes":""},"class_list":["post-11111","page","type-page","status-publish","hentry"],"jetpack_sharing_enabled":true,"_links":{"self":[{"href":"https:\/\/www.pharmacie-guillaume.be\/index.php\/wp-json\/wp\/v2\/pages\/11111","targetHints":{"allow":["GET"]}}],"collection":[{"href":"https:\/\/www.pharmacie-guillaume.be\/index.php\/wp-json\/wp\/v2\/pages"}],"about":[{"href":"https:\/\/www.pharmacie-guillaume.be\/index.php\/wp-json\/wp\/v2\/types\/page"}],"author":[{"embeddable":true,"href":"https:\/\/www.pharmacie-guillaume.be\/index.php\/wp-json\/wp\/v2\/users\/14"}],"replies":[{"embeddable":true,"href":"https:\/\/www.pharmacie-guillaume.be\/index.php\/wp-json\/wp\/v2\/comments?post=11111"}],"version-history":[{"count":11,"href":"https:\/\/www.pharmacie-guillaume.be\/index.php\/wp-json\/wp\/v2\/pages\/11111\/revisions"}],"predecessor-version":[{"id":11562,"href":"https:\/\/www.pharmacie-guillaume.be\/index.php\/wp-json\/wp\/v2\/pages\/11111\/revisions\/11562"}],"up":[{"embeddable":true,"href":"https:\/\/www.pharmacie-guillaume.be\/index.php\/wp-json\/wp\/v2\/pages\/10346"}],"wp:attachment":[{"href":"https:\/\/www.pharmacie-guillaume.be\/index.php\/wp-json\/wp\/v2\/media?parent=11111"}],"curies":[{"name":"wp","href":"https:\/\/api.w.org\/{rel}","templated":true}]}}