{"id":10665,"date":"2024-06-08T10:16:12","date_gmt":"2024-06-08T08:16:12","guid":{"rendered":"https:\/\/www.pharmacie-guillaume.be\/?page_id=10665"},"modified":"2024-11-26T21:13:10","modified_gmt":"2024-11-26T20:13:10","slug":"nos-preparations-maison","status":"publish","type":"page","link":"https:\/\/www.pharmacie-guillaume.be\/index.php\/nos-preparations-maison\/","title":{"rendered":"Nos pr\u00e9parations maison"},"content":{"rendered":"<div id=\"pl-10665\"  class=\"panel-layout\" ><div id=\"pg-10665-0\"  class=\"panel-grid panel-no-style\" ><div id=\"pgc-10665-0-0\"  class=\"panel-grid-cell\" ><div id=\"panel-10665-0-0-0\" class=\"so-panel widget widget_sow-editor panel-first-child panel-last-child\" data-index=\"0\" ><div\n\t\t\t\n\t\t\tclass=\"so-widget-sow-editor so-widget-sow-editor-base\"\n\t\t\t\n\t\t>\n<div class=\"siteorigin-widget-tinymce textwidget\">\n\t<h3><a href=\"https:\/\/testpharmacieguillaume.mimaandcs.be\/wp-content\/uploads\/2024\/04\/Produit-maison-3.jpg\"><img loading=\"lazy\" decoding=\"async\" class=\"alignnone wp-image-10479\" src=\"https:\/\/testpharmacieguillaume.mimaandcs.be\/wp-content\/uploads\/2024\/04\/Produit-maison-3-150x150.jpg\" alt=\"\" width=\"300\" height=\"300\" srcset=\"https:\/\/www.pharmacie-guillaume.be\/wp-content\/uploads\/2024\/04\/Produit-maison-3-150x150.jpg 150w, https:\/\/www.pharmacie-guillaume.be\/wp-content\/uploads\/2024\/04\/Produit-maison-3-300x300.jpg 300w, https:\/\/www.pharmacie-guillaume.be\/wp-content\/uploads\/2024\/04\/Produit-maison-3-1024x1024.jpg 1024w, https:\/\/www.pharmacie-guillaume.be\/wp-content\/uploads\/2024\/04\/Produit-maison-3-768x768.jpg 768w, https:\/\/www.pharmacie-guillaume.be\/wp-content\/uploads\/2024\/04\/Produit-maison-3-600x600.jpg 600w, https:\/\/www.pharmacie-guillaume.be\/wp-content\/uploads\/2024\/04\/Produit-maison-3-100x100.jpg 100w, https:\/\/www.pharmacie-guillaume.be\/wp-content\/uploads\/2024\/04\/Produit-maison-3.jpg 1250w\" sizes=\"auto, (max-width: 300px) 100vw, 300px\" \/><\/a><br \/>\nAllergies solaires<\/h3>\n<p>G\u00e9lules en pr\u00e9vention des allergies solaires<\/p>\n<\/div>\n<\/div><\/div><\/div><div id=\"pgc-10665-0-1\"  class=\"panel-grid-cell\" ><div id=\"panel-10665-0-1-0\" class=\"so-panel widget widget_sow-editor panel-first-child panel-last-child\" data-index=\"1\" ><div\n\t\t\t\n\t\t\tclass=\"so-widget-sow-editor so-widget-sow-editor-base\"\n\t\t\t\n\t\t>\n<div class=\"siteorigin-widget-tinymce textwidget\">\n\t<h3><a href=\"https:\/\/testpharmacieguillaume.mimaandcs.be\/wp-content\/uploads\/2024\/04\/Produit-maison6.jpg\"><img loading=\"lazy\" decoding=\"async\" class=\"alignnone wp-image-10459 size-medium\" src=\"https:\/\/testpharmacieguillaume.mimaandcs.be\/wp-content\/uploads\/2024\/04\/Produit-maison6-300x300.jpg\" alt=\"\" width=\"300\" height=\"300\" srcset=\"https:\/\/www.pharmacie-guillaume.be\/wp-content\/uploads\/2024\/04\/Produit-maison6-300x300.jpg 300w, https:\/\/www.pharmacie-guillaume.be\/wp-content\/uploads\/2024\/04\/Produit-maison6-100x100.jpg 100w, https:\/\/www.pharmacie-guillaume.be\/wp-content\/uploads\/2024\/04\/Produit-maison6-600x600.jpg 600w, https:\/\/www.pharmacie-guillaume.be\/wp-content\/uploads\/2024\/04\/Produit-maison6-1024x1024.jpg 1024w, https:\/\/www.pharmacie-guillaume.be\/wp-content\/uploads\/2024\/04\/Produit-maison6-150x150.jpg 150w, https:\/\/www.pharmacie-guillaume.be\/wp-content\/uploads\/2024\/04\/Produit-maison6-768x768.jpg 768w, https:\/\/www.pharmacie-guillaume.be\/wp-content\/uploads\/2024\/04\/Produit-maison6.jpg 1250w\" sizes=\"auto, (max-width: 300px) 100vw, 300px\" \/><\/a><br \/>\nB\u00e9b\u00e9<\/h3>\n<p>Cr\u00e8me de change pour les b\u00e9b\u00e9s (Patapet)<\/p>\n<\/div>\n<\/div><\/div><\/div><div id=\"pgc-10665-0-2\"  class=\"panel-grid-cell\" ><div id=\"panel-10665-0-2-0\" class=\"so-panel widget widget_sow-editor panel-first-child panel-last-child\" data-index=\"2\" ><div\n\t\t\t\n\t\t\tclass=\"so-widget-sow-editor so-widget-sow-editor-base\"\n\t\t\t\n\t\t>\n<div class=\"siteorigin-widget-tinymce textwidget\">\n\t<h3><a href=\"https:\/\/testpharmacieguillaume.mimaandcs.be\/wp-content\/uploads\/2024\/04\/Produit-maison5.jpg\"><img loading=\"lazy\" decoding=\"async\" class=\"alignnone wp-image-10460 size-medium\" src=\"https:\/\/testpharmacieguillaume.mimaandcs.be\/wp-content\/uploads\/2024\/04\/Produit-maison5-300x300.jpg\" alt=\"\" width=\"300\" height=\"300\" srcset=\"https:\/\/www.pharmacie-guillaume.be\/wp-content\/uploads\/2024\/04\/Produit-maison5-300x300.jpg 300w, https:\/\/www.pharmacie-guillaume.be\/wp-content\/uploads\/2024\/04\/Produit-maison5-100x100.jpg 100w, https:\/\/www.pharmacie-guillaume.be\/wp-content\/uploads\/2024\/04\/Produit-maison5-600x600.jpg 600w, https:\/\/www.pharmacie-guillaume.be\/wp-content\/uploads\/2024\/04\/Produit-maison5-1024x1024.jpg 1024w, https:\/\/www.pharmacie-guillaume.be\/wp-content\/uploads\/2024\/04\/Produit-maison5-150x150.jpg 150w, https:\/\/www.pharmacie-guillaume.be\/wp-content\/uploads\/2024\/04\/Produit-maison5-768x768.jpg 768w, https:\/\/www.pharmacie-guillaume.be\/wp-content\/uploads\/2024\/04\/Produit-maison5.jpg 1250w\" sizes=\"auto, (max-width: 300px) 100vw, 300px\" \/><\/a><br \/>\nBouche<\/h3>\n<p>Gouttes buccales d\u00e9sinfectantes (aphtes, l\u00e9sions des gencives)<\/p>\n<\/div>\n<\/div><\/div><\/div><div id=\"pgc-10665-0-3\"  class=\"panel-grid-cell\" ><div id=\"panel-10665-0-3-0\" class=\"so-panel widget widget_sow-editor panel-first-child panel-last-child\" data-index=\"3\" ><div\n\t\t\t\n\t\t\tclass=\"so-widget-sow-editor so-widget-sow-editor-base\"\n\t\t\t\n\t\t>\n<div class=\"siteorigin-widget-tinymce textwidget\">\n\t<h3><a href=\"https:\/\/www.pharmacie-guillaume.be\/wp-content\/uploads\/2024\/06\/Produit-maison11.jpg\"><img loading=\"lazy\" decoding=\"async\" class=\"alignnone wp-image-10728 size-medium\" src=\"https:\/\/www.pharmacie-guillaume.be\/wp-content\/uploads\/2024\/06\/Produit-maison11-300x300.jpg\" alt=\"\" width=\"300\" height=\"300\" srcset=\"https:\/\/www.pharmacie-guillaume.be\/wp-content\/uploads\/2024\/06\/Produit-maison11-300x300.jpg 300w, https:\/\/www.pharmacie-guillaume.be\/wp-content\/uploads\/2024\/06\/Produit-maison11-1024x1024.jpg 1024w, https:\/\/www.pharmacie-guillaume.be\/wp-content\/uploads\/2024\/06\/Produit-maison11-150x150.jpg 150w, https:\/\/www.pharmacie-guillaume.be\/wp-content\/uploads\/2024\/06\/Produit-maison11-768x768.jpg 768w, https:\/\/www.pharmacie-guillaume.be\/wp-content\/uploads\/2024\/06\/Produit-maison11-600x600.jpg 600w, https:\/\/www.pharmacie-guillaume.be\/wp-content\/uploads\/2024\/06\/Produit-maison11-100x100.jpg 100w, https:\/\/www.pharmacie-guillaume.be\/wp-content\/uploads\/2024\/06\/Produit-maison11.jpg 1250w\" sizes=\"auto, (max-width: 300px) 100vw, 300px\" \/><\/a><br \/>\nConstipation<\/h3>\n<p>Sirop laxatif au lactulose<\/p>\n<\/div>\n<\/div><\/div><\/div><\/div><div id=\"pg-10665-1\"  class=\"panel-grid panel-no-style\" ><div id=\"pgc-10665-1-0\"  class=\"panel-grid-cell\" ><div id=\"panel-10665-1-0-0\" class=\"so-panel widget widget_sow-editor panel-first-child panel-last-child\" data-index=\"4\" ><div\n\t\t\t\n\t\t\tclass=\"so-widget-sow-editor so-widget-sow-editor-base\"\n\t\t\t\n\t\t>\n<div class=\"siteorigin-widget-tinymce textwidget\">\n\t<h3><a href=\"https:\/\/testpharmacieguillaume.mimaandcs.be\/wp-content\/uploads\/2024\/04\/Produit-maison8.jpg\"><img loading=\"lazy\" decoding=\"async\" class=\"alignnone wp-image-10457 size-medium\" src=\"https:\/\/testpharmacieguillaume.mimaandcs.be\/wp-content\/uploads\/2024\/04\/Produit-maison8-300x300.jpg\" alt=\"\" width=\"300\" height=\"300\" srcset=\"https:\/\/www.pharmacie-guillaume.be\/wp-content\/uploads\/2024\/04\/Produit-maison8-300x300.jpg 300w, https:\/\/www.pharmacie-guillaume.be\/wp-content\/uploads\/2024\/04\/Produit-maison8-100x100.jpg 100w, https:\/\/www.pharmacie-guillaume.be\/wp-content\/uploads\/2024\/04\/Produit-maison8-600x600.jpg 600w, https:\/\/www.pharmacie-guillaume.be\/wp-content\/uploads\/2024\/04\/Produit-maison8-1024x1024.jpg 1024w, https:\/\/www.pharmacie-guillaume.be\/wp-content\/uploads\/2024\/04\/Produit-maison8-150x150.jpg 150w, https:\/\/www.pharmacie-guillaume.be\/wp-content\/uploads\/2024\/04\/Produit-maison8-768x768.jpg 768w, https:\/\/www.pharmacie-guillaume.be\/wp-content\/uploads\/2024\/04\/Produit-maison8.jpg 1250w\" sizes=\"auto, (max-width: 300px) 100vw, 300px\" \/><\/a><br \/>\nMains<\/h3>\n<p>Cr\u00e8me vitamin\u00e9e pour prot\u00e9ger et hydrater vos mains<\/p>\n<\/div>\n<\/div><\/div><\/div><div id=\"pgc-10665-1-1\"  class=\"panel-grid-cell\" ><div id=\"panel-10665-1-1-0\" class=\"so-panel widget widget_sow-editor panel-first-child panel-last-child\" data-index=\"5\" ><div\n\t\t\t\n\t\t\tclass=\"so-widget-sow-editor so-widget-sow-editor-base\"\n\t\t\t\n\t\t>\n<div class=\"siteorigin-widget-tinymce textwidget\">\n\t<h3><a href=\"https:\/\/testpharmacieguillaume.mimaandcs.be\/wp-content\/uploads\/2024\/04\/Produit-maison4.jpg\"><img loading=\"lazy\" decoding=\"async\" class=\"alignnone wp-image-10461 size-medium\" src=\"https:\/\/testpharmacieguillaume.mimaandcs.be\/wp-content\/uploads\/2024\/04\/Produit-maison4-300x300.jpg\" alt=\"\" width=\"300\" height=\"300\" srcset=\"https:\/\/www.pharmacie-guillaume.be\/wp-content\/uploads\/2024\/04\/Produit-maison4-300x300.jpg 300w, https:\/\/www.pharmacie-guillaume.be\/wp-content\/uploads\/2024\/04\/Produit-maison4-100x100.jpg 100w, https:\/\/www.pharmacie-guillaume.be\/wp-content\/uploads\/2024\/04\/Produit-maison4-600x600.jpg 600w, https:\/\/www.pharmacie-guillaume.be\/wp-content\/uploads\/2024\/04\/Produit-maison4-1024x1024.jpg 1024w, https:\/\/www.pharmacie-guillaume.be\/wp-content\/uploads\/2024\/04\/Produit-maison4-150x150.jpg 150w, https:\/\/www.pharmacie-guillaume.be\/wp-content\/uploads\/2024\/04\/Produit-maison4-768x768.jpg 768w, https:\/\/www.pharmacie-guillaume.be\/wp-content\/uploads\/2024\/04\/Produit-maison4.jpg 1250w\" sizes=\"auto, (max-width: 300px) 100vw, 300px\" \/><\/a><br \/>\nNez et sinus<\/h3>\n<p>Spray nasal d\u00e9congestionnant<\/p>\n<\/div>\n<\/div><\/div><\/div><div id=\"pgc-10665-1-2\"  class=\"panel-grid-cell\" ><div id=\"panel-10665-1-2-0\" class=\"so-panel widget widget_sow-editor panel-first-child panel-last-child\" data-index=\"6\" ><div\n\t\t\t\n\t\t\tclass=\"so-widget-sow-editor so-widget-sow-editor-base\"\n\t\t\t\n\t\t>\n<div class=\"siteorigin-widget-tinymce textwidget\">\n\t<h3><a href=\"https:\/\/testpharmacieguillaume.mimaandcs.be\/wp-content\/uploads\/2024\/04\/Produit-maison2.jpg\"><img loading=\"lazy\" decoding=\"async\" class=\"alignnone wp-image-10463 size-medium\" src=\"https:\/\/testpharmacieguillaume.mimaandcs.be\/wp-content\/uploads\/2024\/04\/Produit-maison2-300x300.jpg\" alt=\"\" width=\"300\" height=\"300\" srcset=\"https:\/\/www.pharmacie-guillaume.be\/wp-content\/uploads\/2024\/04\/Produit-maison2-300x300.jpg 300w, https:\/\/www.pharmacie-guillaume.be\/wp-content\/uploads\/2024\/04\/Produit-maison2-100x100.jpg 100w, https:\/\/www.pharmacie-guillaume.be\/wp-content\/uploads\/2024\/04\/Produit-maison2-600x600.jpg 600w, https:\/\/www.pharmacie-guillaume.be\/wp-content\/uploads\/2024\/04\/Produit-maison2-1024x1024.jpg 1024w, https:\/\/www.pharmacie-guillaume.be\/wp-content\/uploads\/2024\/04\/Produit-maison2-150x150.jpg 150w, https:\/\/www.pharmacie-guillaume.be\/wp-content\/uploads\/2024\/04\/Produit-maison2-768x768.jpg 768w, https:\/\/www.pharmacie-guillaume.be\/wp-content\/uploads\/2024\/04\/Produit-maison2.jpg 1250w\" sizes=\"auto, (max-width: 300px) 100vw, 300px\" \/><\/a><br \/>\nOngles et cheveux<\/h3>\n<p>G\u00e9lules pour fortifier et ralentir la chute des cheveux ; renforce \u00e9galement les ongles<\/p>\n<\/div>\n<\/div><\/div><\/div><div id=\"pgc-10665-1-3\"  class=\"panel-grid-cell\" ><div id=\"panel-10665-1-3-0\" class=\"so-panel widget widget_sow-editor panel-first-child panel-last-child\" data-index=\"7\" ><div\n\t\t\t\n\t\t\tclass=\"so-widget-sow-editor so-widget-sow-editor-base\"\n\t\t\t\n\t\t>\n<div class=\"siteorigin-widget-tinymce textwidget\">\n\t<h3><a href=\"https:\/\/testpharmacieguillaume.mimaandcs.be\/wp-content\/uploads\/2024\/04\/Produit-maison7.jpg\"><img loading=\"lazy\" decoding=\"async\" class=\"alignnone wp-image-10458 size-medium\" src=\"https:\/\/testpharmacieguillaume.mimaandcs.be\/wp-content\/uploads\/2024\/04\/Produit-maison7-300x300.jpg\" alt=\"\" width=\"300\" height=\"300\" srcset=\"https:\/\/www.pharmacie-guillaume.be\/wp-content\/uploads\/2024\/04\/Produit-maison7-300x300.jpg 300w, https:\/\/www.pharmacie-guillaume.be\/wp-content\/uploads\/2024\/04\/Produit-maison7-100x100.jpg 100w, https:\/\/www.pharmacie-guillaume.be\/wp-content\/uploads\/2024\/04\/Produit-maison7-600x600.jpg 600w, https:\/\/www.pharmacie-guillaume.be\/wp-content\/uploads\/2024\/04\/Produit-maison7-1024x1024.jpg 1024w, https:\/\/www.pharmacie-guillaume.be\/wp-content\/uploads\/2024\/04\/Produit-maison7-150x150.jpg 150w, https:\/\/www.pharmacie-guillaume.be\/wp-content\/uploads\/2024\/04\/Produit-maison7-768x768.jpg 768w, https:\/\/www.pharmacie-guillaume.be\/wp-content\/uploads\/2024\/04\/Produit-maison7.jpg 1250w\" sizes=\"auto, (max-width: 300px) 100vw, 300px\" \/><\/a><br \/>\nPiq\u00fbres\/allergies<\/h3>\n<p>Cr\u00e8me pour les piq\u00fbres d'insectes et les irritations de la peau<\/p>\n<\/div>\n<\/div><\/div><\/div><\/div><div id=\"pg-10665-2\"  class=\"panel-grid panel-no-style\" ><div id=\"pgc-10665-2-0\"  class=\"panel-grid-cell\" ><div id=\"panel-10665-2-0-0\" class=\"so-panel widget widget_sow-editor panel-first-child panel-last-child\" data-index=\"8\" ><div\n\t\t\t\n\t\t\tclass=\"so-widget-sow-editor so-widget-sow-editor-base\"\n\t\t\t\n\t\t>\n<div class=\"siteorigin-widget-tinymce textwidget\">\n\t<h3><a href=\"https:\/\/testpharmacieguillaume.mimaandcs.be\/wp-content\/uploads\/2024\/04\/Produit-maison10.jpg\"><img loading=\"lazy\" decoding=\"async\" class=\"alignnone wp-image-10455 size-medium\" src=\"https:\/\/testpharmacieguillaume.mimaandcs.be\/wp-content\/uploads\/2024\/04\/Produit-maison10-300x300.jpg\" alt=\"\" width=\"300\" height=\"300\" srcset=\"https:\/\/www.pharmacie-guillaume.be\/wp-content\/uploads\/2024\/04\/Produit-maison10-300x300.jpg 300w, https:\/\/www.pharmacie-guillaume.be\/wp-content\/uploads\/2024\/04\/Produit-maison10-100x100.jpg 100w, https:\/\/www.pharmacie-guillaume.be\/wp-content\/uploads\/2024\/04\/Produit-maison10-600x600.jpg 600w, https:\/\/www.pharmacie-guillaume.be\/wp-content\/uploads\/2024\/04\/Produit-maison10-1024x1024.jpg 1024w, https:\/\/www.pharmacie-guillaume.be\/wp-content\/uploads\/2024\/04\/Produit-maison10-150x150.jpg 150w, https:\/\/www.pharmacie-guillaume.be\/wp-content\/uploads\/2024\/04\/Produit-maison10-768x768.jpg 768w, https:\/\/www.pharmacie-guillaume.be\/wp-content\/uploads\/2024\/04\/Produit-maison10.jpg 1250w\" sizes=\"auto, (max-width: 300px) 100vw, 300px\" \/><\/a><br \/>\nPoux<\/h3>\n<p>Shampooing anti-poux \u00e0 la perm\u00e9thrine (insecticide naturel)<\/p>\n<\/div>\n<\/div><\/div><\/div><div id=\"pgc-10665-2-1\"  class=\"panel-grid-cell\" ><div id=\"panel-10665-2-1-0\" class=\"so-panel widget widget_sow-editor panel-first-child panel-last-child\" data-index=\"9\" ><div\n\t\t\t\n\t\t\tclass=\"so-widget-sow-editor so-widget-sow-editor-base\"\n\t\t\t\n\t\t>\n<div class=\"siteorigin-widget-tinymce textwidget\">\n\t<h3><a href=\"https:\/\/testpharmacieguillaume.mimaandcs.be\/wp-content\/uploads\/2024\/04\/Produit-maison9.jpg\"><img loading=\"lazy\" decoding=\"async\" class=\"alignnone wp-image-10456 size-medium\" src=\"https:\/\/testpharmacieguillaume.mimaandcs.be\/wp-content\/uploads\/2024\/04\/Produit-maison9-300x300.jpg\" alt=\"\" width=\"300\" height=\"300\" srcset=\"https:\/\/www.pharmacie-guillaume.be\/wp-content\/uploads\/2024\/04\/Produit-maison9-300x300.jpg 300w, https:\/\/www.pharmacie-guillaume.be\/wp-content\/uploads\/2024\/04\/Produit-maison9-100x100.jpg 100w, https:\/\/www.pharmacie-guillaume.be\/wp-content\/uploads\/2024\/04\/Produit-maison9-600x600.jpg 600w, https:\/\/www.pharmacie-guillaume.be\/wp-content\/uploads\/2024\/04\/Produit-maison9-1024x1024.jpg 1024w, https:\/\/www.pharmacie-guillaume.be\/wp-content\/uploads\/2024\/04\/Produit-maison9-150x150.jpg 150w, https:\/\/www.pharmacie-guillaume.be\/wp-content\/uploads\/2024\/04\/Produit-maison9-768x768.jpg 768w, https:\/\/www.pharmacie-guillaume.be\/wp-content\/uploads\/2024\/04\/Produit-maison9.jpg 1250w\" sizes=\"auto, (max-width: 300px) 100vw, 300px\" \/><\/a><br \/>\nVerrues et cors<\/h3>\n<p>Solution contre les verrues et les cors<\/p>\n<\/div>\n<\/div><\/div><\/div><div id=\"pgc-10665-2-2\"  class=\"panel-grid-cell panel-grid-cell-mobile-last\" ><div id=\"panel-10665-2-2-0\" class=\"so-panel widget widget_sow-editor panel-first-child panel-last-child\" data-index=\"10\" ><div\n\t\t\t\n\t\t\tclass=\"so-widget-sow-editor so-widget-sow-editor-base\"\n\t\t\t\n\t\t>\n<div class=\"siteorigin-widget-tinymce textwidget\">\n\t<h3><a href=\"https:\/\/testpharmacieguillaume.mimaandcs.be\/wp-content\/uploads\/2024\/04\/Produit-maison3.jpg\"><img loading=\"lazy\" decoding=\"async\" class=\"alignnone wp-image-10462 size-medium\" src=\"https:\/\/testpharmacieguillaume.mimaandcs.be\/wp-content\/uploads\/2024\/04\/Produit-maison3-300x300.jpg\" alt=\"\" width=\"300\" height=\"300\" srcset=\"https:\/\/www.pharmacie-guillaume.be\/wp-content\/uploads\/2024\/04\/Produit-maison3-300x300.jpg 300w, https:\/\/www.pharmacie-guillaume.be\/wp-content\/uploads\/2024\/04\/Produit-maison3-100x100.jpg 100w, https:\/\/www.pharmacie-guillaume.be\/wp-content\/uploads\/2024\/04\/Produit-maison3-600x600.jpg 600w, https:\/\/www.pharmacie-guillaume.be\/wp-content\/uploads\/2024\/04\/Produit-maison3-1024x1024.jpg 1024w, https:\/\/www.pharmacie-guillaume.be\/wp-content\/uploads\/2024\/04\/Produit-maison3-150x150.jpg 150w, https:\/\/www.pharmacie-guillaume.be\/wp-content\/uploads\/2024\/04\/Produit-maison3-768x768.jpg 768w, https:\/\/www.pharmacie-guillaume.be\/wp-content\/uploads\/2024\/04\/Produit-maison3.jpg 1250w\" sizes=\"auto, (max-width: 300px) 100vw, 300px\" \/><\/a><br \/>\nVerrues et durillons<\/h3>\n<p>Pommade anti-verrues et contre les durillons<\/p>\n<\/div>\n<\/div><\/div><\/div><div id=\"pgc-10665-2-3\"  class=\"panel-grid-cell panel-grid-cell-empty\" ><\/div><\/div><\/div>","protected":false},"excerpt":{"rendered":"<p>Allergies solaires G\u00e9lules en pr\u00e9vention des allergies solaires B\u00e9b\u00e9 Cr\u00e8me de change pour les b\u00e9b\u00e9s (Patapet) Bouche Gouttes buccales d\u00e9sinfectantes (aphtes, l\u00e9sions des gencives) Constipation Sirop laxatif au lactulose Mains Cr\u00e8me vitamin\u00e9e pour prot\u00e9ger et hydrater vos mains Nez et sinus Spray nasal d\u00e9congestionnant Ongles et cheveux G\u00e9lules pour fortifier et ralentir la chute des [&hellip;]<\/p>\n","protected":false},"author":1,"featured_media":10430,"parent":0,"menu_order":0,"comment_status":"closed","ping_status":"closed","template":"","meta":{"_themeisle_gutenberg_block_has_review":false,"footnotes":""},"class_list":["post-10665","page","type-page","status-publish","has-post-thumbnail","hentry"],"jetpack_sharing_enabled":true,"_links":{"self":[{"href":"https:\/\/www.pharmacie-guillaume.be\/index.php\/wp-json\/wp\/v2\/pages\/10665","targetHints":{"allow":["GET"]}}],"collection":[{"href":"https:\/\/www.pharmacie-guillaume.be\/index.php\/wp-json\/wp\/v2\/pages"}],"about":[{"href":"https:\/\/www.pharmacie-guillaume.be\/index.php\/wp-json\/wp\/v2\/types\/page"}],"author":[{"embeddable":true,"href":"https:\/\/www.pharmacie-guillaume.be\/index.php\/wp-json\/wp\/v2\/users\/1"}],"replies":[{"embeddable":true,"href":"https:\/\/www.pharmacie-guillaume.be\/index.php\/wp-json\/wp\/v2\/comments?post=10665"}],"version-history":[{"count":17,"href":"https:\/\/www.pharmacie-guillaume.be\/index.php\/wp-json\/wp\/v2\/pages\/10665\/revisions"}],"predecessor-version":[{"id":11056,"href":"https:\/\/www.pharmacie-guillaume.be\/index.php\/wp-json\/wp\/v2\/pages\/10665\/revisions\/11056"}],"wp:featuredmedia":[{"embeddable":true,"href":"https:\/\/www.pharmacie-guillaume.be\/index.php\/wp-json\/wp\/v2\/media\/10430"}],"wp:attachment":[{"href":"https:\/\/www.pharmacie-guillaume.be\/index.php\/wp-json\/wp\/v2\/media?parent=10665"}],"curies":[{"name":"wp","href":"https:\/\/api.w.org\/{rel}","templated":true}]}}