{"id":10323,"date":"2024-04-29T09:50:57","date_gmt":"2024-04-29T07:50:57","guid":{"rendered":"https:\/\/www.pharmacie-guillaume.be\/?page_id=10323"},"modified":"2024-09-17T14:11:44","modified_gmt":"2024-09-17T12:11:44","slug":"recyclage-et-perimes","status":"publish","type":"page","link":"https:\/\/www.pharmacie-guillaume.be\/index.php\/services\/recyclage-et-perimes\/","title":{"rendered":"Recyclage et p\u00e9rim\u00e9s"},"content":{"rendered":"<div id=\"pl-10323\"  class=\"panel-layout\" ><div id=\"pg-10323-0\"  class=\"panel-grid panel-no-style\" ><div id=\"pgc-10323-0-0\"  class=\"panel-grid-cell\" ><div id=\"panel-10323-0-0-0\" class=\"so-panel widget widget_sow-editor panel-first-child panel-last-child\" data-index=\"0\" ><div\n\t\t\t\n\t\t\tclass=\"so-widget-sow-editor so-widget-sow-editor-base\"\n\t\t\t\n\t\t>\n<div class=\"siteorigin-widget-tinymce textwidget\">\n\t<p><strong>Les m\u00e9dicaments ne sont pas des produits comme les autres et les m\u00e9dicaments non utilis\u00e9s ou p\u00e9rim\u00e9s ne sont donc pas non plus des d\u00e9chets comme les\u00a0autres !<\/strong><\/p>\n<p>Il est interdit de jeter des m\u00e9dicaments dans les toilettes, \u00e9viers et poubelles m\u00e9nag\u00e8res : rapportez-les nous en retirant les notices et emballages en carton.<br \/>\nLaisser les m\u00e9dicaments dans leur conditionnement primaire d'origine (blister, flacon, \u2026)<br \/>\nNous nous chargerons de la destruction de ces m\u00e9dicaments par une soci\u00e9t\u00e9 agr\u00e9\u00e9e en respectant les r\u00e8gles d'environnement.<\/p>\n<p>Les bouteilles vides en verre (sirop ...)\u00a0\u00a0Bulle \u00e0 verres (vides et propres)<\/p>\n<p>Les notices et emballages cartons des m\u00e9dicaments\u00a0\u00a0Recy-parc ou tri s\u00e9lectif papier-carton<\/p>\n<p>Les blisters et emballages plastiques vides\u00a0\u00a0Sac poubelle ordures m\u00e9nag\u00e8res r\u00e9siduelles<\/p>\n<p>Les seringues\u00a0\u00a0les placer dans une bouteille plastique et les d\u00e9poser au recy-parc<\/p>\n<p>Les restes de produits cosm\u00e9tiques Sac poubelle ordures m\u00e9nag\u00e8res r\u00e9siduelles<\/p>\n<p>Les alimentations particuli\u00e8res, adultes et b\u00e9b\u00e9s\u00a0\u00a0Sac poubelle ordures m\u00e9nag\u00e8res r\u00e9siduelles, ou compost<\/p>\n<\/div>\n<\/div><\/div><\/div><\/div><\/div>","protected":false},"excerpt":{"rendered":"<p>Les m\u00e9dicaments ne sont pas des produits comme les autres et les m\u00e9dicaments non utilis\u00e9s ou p\u00e9rim\u00e9s ne sont donc pas non plus des d\u00e9chets comme les\u00a0autres ! Il est interdit de jeter des m\u00e9dicaments dans les toilettes, \u00e9viers et poubelles m\u00e9nag\u00e8res : rapportez-les nous en retirant les notices et emballages en carton. Laisser les [&hellip;]<\/p>\n","protected":false},"author":1,"featured_media":10662,"parent":110,"menu_order":0,"comment_status":"closed","ping_status":"closed","template":"","meta":{"_themeisle_gutenberg_block_has_review":false,"footnotes":""},"class_list":["post-10323","page","type-page","status-publish","has-post-thumbnail","hentry"],"jetpack_sharing_enabled":true,"_links":{"self":[{"href":"https:\/\/www.pharmacie-guillaume.be\/index.php\/wp-json\/wp\/v2\/pages\/10323","targetHints":{"allow":["GET"]}}],"collection":[{"href":"https:\/\/www.pharmacie-guillaume.be\/index.php\/wp-json\/wp\/v2\/pages"}],"about":[{"href":"https:\/\/www.pharmacie-guillaume.be\/index.php\/wp-json\/wp\/v2\/types\/page"}],"author":[{"embeddable":true,"href":"https:\/\/www.pharmacie-guillaume.be\/index.php\/wp-json\/wp\/v2\/users\/1"}],"replies":[{"embeddable":true,"href":"https:\/\/www.pharmacie-guillaume.be\/index.php\/wp-json\/wp\/v2\/comments?post=10323"}],"version-history":[{"count":5,"href":"https:\/\/www.pharmacie-guillaume.be\/index.php\/wp-json\/wp\/v2\/pages\/10323\/revisions"}],"predecessor-version":[{"id":10704,"href":"https:\/\/www.pharmacie-guillaume.be\/index.php\/wp-json\/wp\/v2\/pages\/10323\/revisions\/10704"}],"up":[{"embeddable":true,"href":"https:\/\/www.pharmacie-guillaume.be\/index.php\/wp-json\/wp\/v2\/pages\/110"}],"wp:featuredmedia":[{"embeddable":true,"href":"https:\/\/www.pharmacie-guillaume.be\/index.php\/wp-json\/wp\/v2\/media\/10662"}],"wp:attachment":[{"href":"https:\/\/www.pharmacie-guillaume.be\/index.php\/wp-json\/wp\/v2\/media?parent=10323"}],"curies":[{"name":"wp","href":"https:\/\/api.w.org\/{rel}","templated":true}]}}