{"id":10320,"date":"2024-04-29T09:46:50","date_gmt":"2024-04-29T07:46:50","guid":{"rendered":"https:\/\/www.pharmacie-guillaume.be\/?page_id=10320"},"modified":"2024-09-17T14:01:33","modified_gmt":"2024-09-17T12:01:33","slug":"location-de-materiel","status":"publish","type":"page","link":"https:\/\/www.pharmacie-guillaume.be\/index.php\/services\/location-de-materiel\/","title":{"rendered":"Location de mat\u00e9riel"},"content":{"rendered":"<div id=\"pl-10320\"  class=\"panel-layout\" ><div id=\"pg-10320-0\"  class=\"panel-grid panel-no-style\" ><div id=\"pgc-10320-0-0\"  class=\"panel-grid-cell\" ><div id=\"panel-10320-0-0-0\" class=\"so-panel widget widget_sow-editor panel-first-child panel-last-child\" data-index=\"0\" ><div\n\t\t\t\n\t\t\tclass=\"so-widget-sow-editor so-widget-sow-editor-base\"\n\t\t\t\n\t\t>\n<div class=\"siteorigin-widget-tinymce textwidget\">\n\t<p><span style=\"color: #000000;\"><strong>Nous vous proposons la location de mat\u00e9riel suivant :<\/strong><\/span><\/p>\n<p><span style=\"color: #000000;\">\u00a0A\u00e9rosols pour enfants et\u00a0adultes<\/span><br \/>\n<span style=\"color: #000000;\">P\u00e8ses-b\u00e9b\u00e9s \u00e9lectroniques<\/span><br \/>\n<span style=\"color: #000000;\">\u00a0Tire-laits<\/span><br \/>\n<span style=\"color: #000000;\">\u00a0B\u00e9quilles et canes de marche<\/span><br \/>\n<span style=\"color: #000000;\">\u00a0Chaises roulantes<\/span><br \/>\n<span style=\"color: #000000;\">\u00a0D\u00e9ambulateurs<\/span><br \/>\n<span style=\"color: #000000;\">\u00a0Porte-perfusions<\/span><br \/>\n<span style=\"color: #000000;\">\u00a0Lits m\u00e9dicalis\u00e9s<\/span><br \/>\n<span style=\"color: #000000;\">\u00a0Chaises perc\u00e9es<\/span><\/p>\n<p><span style=\"color: #000000;\">Ces produits sont de stock \u00e0 la pharmacie ou livrables rapidement.<\/span><br \/>\n<span style=\"color: #000000;\">Ils sont nettoy\u00e9s compl\u00e8tement et d\u00e9sinfect\u00e9s \u00e0 l'alcool apr\u00e8s chaque utilisation.<\/span><\/p>\n<p><strong><span style=\"color: #000000;\">Toutes ces r\u00e9f\u00e9rences sont \u00e9galement disponibles \u00e0 la vente \u00e0 prix tr\u00e8s comp\u00e9titifs.<\/span><\/strong><\/p>\n<p><span style=\"color: #000000;\">\u00a0N'h\u00e9sitez pas \u00e0 nous contacter<\/span><\/p>\n<p><span style=\"color: #000000;\"> <strong><a href=\"https:\/\/www.pharmacie-guillaume.be\/index.php\/contactez-nous\/\"><img loading=\"lazy\" decoding=\"async\" class=\"alignnone wp-image-10699\" src=\"https:\/\/testpharmacieguillaume.mimaandcs.be\/wp-content\/uploads\/2024\/06\/AdobeStock_33637810-150x150.jpeg\" alt=\"\" width=\"74\" height=\"74\" srcset=\"https:\/\/www.pharmacie-guillaume.be\/wp-content\/uploads\/2024\/06\/AdobeStock_33637810-150x150.jpeg 150w, https:\/\/www.pharmacie-guillaume.be\/wp-content\/uploads\/2024\/06\/AdobeStock_33637810-295x300.jpeg 295w, https:\/\/www.pharmacie-guillaume.be\/wp-content\/uploads\/2024\/06\/AdobeStock_33637810-1005x1024.jpeg 1005w, https:\/\/www.pharmacie-guillaume.be\/wp-content\/uploads\/2024\/06\/AdobeStock_33637810-768x782.jpeg 768w, https:\/\/www.pharmacie-guillaume.be\/wp-content\/uploads\/2024\/06\/AdobeStock_33637810-1508x1536.jpeg 1508w, https:\/\/www.pharmacie-guillaume.be\/wp-content\/uploads\/2024\/06\/AdobeStock_33637810-2011x2048.jpeg 2011w, https:\/\/www.pharmacie-guillaume.be\/wp-content\/uploads\/2024\/06\/AdobeStock_33637810-300x300.jpeg 300w, https:\/\/www.pharmacie-guillaume.be\/wp-content\/uploads\/2024\/06\/AdobeStock_33637810-600x611.jpeg 600w, https:\/\/www.pharmacie-guillaume.be\/wp-content\/uploads\/2024\/06\/AdobeStock_33637810-100x100.jpeg 100w\" sizes=\"auto, (max-width: 74px) 100vw, 74px\" \/><\/a><\/strong><\/span><\/p>\n<\/div>\n<\/div><\/div><\/div><\/div><\/div>","protected":false},"excerpt":{"rendered":"<p>Nous vous proposons la location de mat\u00e9riel suivant : \u00a0A\u00e9rosols pour enfants et\u00a0adultes P\u00e8ses-b\u00e9b\u00e9s \u00e9lectroniques \u00a0Tire-laits \u00a0B\u00e9quilles et canes de marche \u00a0Chaises roulantes \u00a0D\u00e9ambulateurs \u00a0Porte-perfusions \u00a0Lits m\u00e9dicalis\u00e9s \u00a0Chaises perc\u00e9es Ces produits sont de stock \u00e0 la pharmacie ou livrables rapidement. Ils sont nettoy\u00e9s compl\u00e8tement et d\u00e9sinfect\u00e9s \u00e0 l&#8217;alcool apr\u00e8s chaque utilisation. Toutes ces r\u00e9f\u00e9rences sont [&hellip;]<\/p>\n","protected":false},"author":1,"featured_media":10659,"parent":110,"menu_order":0,"comment_status":"closed","ping_status":"closed","template":"","meta":{"_themeisle_gutenberg_block_has_review":false,"footnotes":""},"class_list":["post-10320","page","type-page","status-publish","has-post-thumbnail","hentry"],"jetpack_sharing_enabled":true,"_links":{"self":[{"href":"https:\/\/www.pharmacie-guillaume.be\/index.php\/wp-json\/wp\/v2\/pages\/10320","targetHints":{"allow":["GET"]}}],"collection":[{"href":"https:\/\/www.pharmacie-guillaume.be\/index.php\/wp-json\/wp\/v2\/pages"}],"about":[{"href":"https:\/\/www.pharmacie-guillaume.be\/index.php\/wp-json\/wp\/v2\/types\/page"}],"author":[{"embeddable":true,"href":"https:\/\/www.pharmacie-guillaume.be\/index.php\/wp-json\/wp\/v2\/users\/1"}],"replies":[{"embeddable":true,"href":"https:\/\/www.pharmacie-guillaume.be\/index.php\/wp-json\/wp\/v2\/comments?post=10320"}],"version-history":[{"count":7,"href":"https:\/\/www.pharmacie-guillaume.be\/index.php\/wp-json\/wp\/v2\/pages\/10320\/revisions"}],"predecessor-version":[{"id":10920,"href":"https:\/\/www.pharmacie-guillaume.be\/index.php\/wp-json\/wp\/v2\/pages\/10320\/revisions\/10920"}],"up":[{"embeddable":true,"href":"https:\/\/www.pharmacie-guillaume.be\/index.php\/wp-json\/wp\/v2\/pages\/110"}],"wp:featuredmedia":[{"embeddable":true,"href":"https:\/\/www.pharmacie-guillaume.be\/index.php\/wp-json\/wp\/v2\/media\/10659"}],"wp:attachment":[{"href":"https:\/\/www.pharmacie-guillaume.be\/index.php\/wp-json\/wp\/v2\/media?parent=10320"}],"curies":[{"name":"wp","href":"https:\/\/api.w.org\/{rel}","templated":true}]}}