{"id":10318,"date":"2024-04-29T09:46:01","date_gmt":"2024-04-29T07:46:01","guid":{"rendered":"https:\/\/www.pharmacie-guillaume.be\/?page_id=10318"},"modified":"2024-09-17T13:58:31","modified_gmt":"2024-09-17T11:58:31","slug":"tabacologie","status":"publish","type":"page","link":"https:\/\/www.pharmacie-guillaume.be\/index.php\/services\/tabacologie\/","title":{"rendered":"Arr\u00eater de fumer"},"content":{"rendered":"<div id=\"pl-10318\"  class=\"panel-layout\" ><div id=\"pg-10318-0\"  class=\"panel-grid panel-no-style\" ><div id=\"pgc-10318-0-0\"  class=\"panel-grid-cell\" ><div id=\"panel-10318-0-0-0\" class=\"so-panel widget widget_sow-editor panel-first-child panel-last-child\" data-index=\"0\" ><div\n\t\t\t\n\t\t\tclass=\"so-widget-sow-editor so-widget-sow-editor-base\"\n\t\t\t\n\t\t>\n<div class=\"siteorigin-widget-tinymce textwidget\">\n\t<p><strong>Arr\u00eater de fumer, et si votre pharmacien pouvait vous aider ?<\/strong><br \/>\nNous le savons tous, arr\u00eater de fumer n\u2019est pas chose ais\u00e9e\u00a0!<br \/>\nDe nombreux prestaires de soins peuvent vous conseiller dans votre cheminement notamment les tabacologues, les m\u00e9decins g\u00e9n\u00e9ralistes et \u00e9galement notre \u00e9quipe \u00e0 l'officine.<br \/>\n<strong>Nous vous consacrerons le temps n\u00e9cessaire pour une prise en charge optimale.<\/strong><\/p>\n<p><strong>Quinze bonnes raisons d'arr\u00eater de fumer :<\/strong><\/p>\n<p>Plus de libert\u00e9 !<br \/>\nLib\u00e9rez-vous de votre d\u00e9pendance physique, psychologique et comportementale au tabac !<\/p>\n<p>Mieux respirer\u00a0\u00a0!<br \/>\nLa capacit\u00e9 respiratoire des poumons se r\u00e9tablit rapidement d\u00e8s l'arr\u00eat du tabac. Arr\u00eater la cigarette r\u00e9duit de moiti\u00e9 le risque de cancer du poumon apr\u00e8s 5 ans.<\/p>\n<p>Un souffle \u00e0 r\u00e9cup\u00e9rer et de l'\u00e9nergie\u00a0\u00e0 revendre !<br \/>\nProfitez-en pour pratiquer votre activit\u00e9 sportive favorite, d\u00e9couvrir de nouvelles disciplines et renforcer vos capacit\u00e9s respiratoires et votre endurance !<\/p>\n<p>L'esp\u00e9rance de vie d'un non-fumeur !<br \/>\nEn arr\u00eatant de fumer, vous augmentez votre esp\u00e9rance de vie ! Au bout de 10 \u00e0 15 ans sans fumer, l\u2019esp\u00e9rance de vie d'un fumeur redevient identique \u00e0 celle des personnes n\u2019ayant jamais fum\u00e9.<\/p>\n<p>Un meilleur sommeil\u00a0!<br \/>\nArr\u00eatez de fumer pour retrouver un sommeil r\u00e9gulier et naturel ! En quelques jours seulement, le sommeil s'am\u00e9liore en qualit\u00e9 et quantit\u00e9.<\/p>\n<p>Un c\u0153ur\u00a0en forme !<br \/>\nLa circulation sanguine s'am\u00e9liore rapidement apr\u00e8s votre derni\u00e8re cigarette.<\/p>\n<p>Une peau plus ferme et plus lumineuse\u00a0!<br \/>\nArr\u00eater de fumer permet de b\u00e9n\u00e9ficier d'un meilleur teint et de rendre les rides moins apparentes.<\/p>\n<p>Des mains plus belles\u00a0et des dents plus blanches\u00a0!<\/p>\n<p>Un moral au z\u00e9nith !<\/p>\n<p>Une meilleure fertilit\u00e9 !<\/p>\n<p>Une meilleure vie sexuelle !<br \/>\nAugmentation de la libido gr\u00e2ce \u00e0 une meilleure irrigation sanguine, meilleure \u00e9rection chez l'homme et lubrification vaginale chez la femme.<\/p>\n<p>Un odorat retrouv\u00e9\u00a0!<br \/>\nL'odorat, alt\u00e9r\u00e9 par le tabagisme, revient d\u00e8s 1 \u00e0 2 semaines ... Profitez-en pour sentir la belle nature, de bons petits plats, vos parfums favoris...<\/p>\n<p>Tout aura un meilleur go\u00fbt\u00a0!<br \/>\nD\u00e8s 48h00 apr\u00e8s l\u2019arr\u00eat du tabac, les aliments vont retrouver leur bon go\u00fbt !<\/p>\n<p>Une famille au top\u00a0!<br \/>\nRespirer la fum\u00e9e de cigarette des autres est dangereux et tout particuli\u00e8rement pour votre famille et vos enfants.<\/p>\n<p>Plus d'argent\u00a0!<br \/>\nArr\u00eatez de fumer et r\u00e9alisez de belles \u00e9conomies ... Si vous fumez un paquet par jour, vous \u00e9pargnerez au moins 3500 \u20ac sur l\u2019ann\u00e9e ! Un beau cadeau \u00e0 s\u2019offrir avec cette somme.<\/p>\n<\/div>\n<\/div><\/div><\/div><\/div><\/div>","protected":false},"excerpt":{"rendered":"<p>Arr\u00eater de fumer, et si votre pharmacien pouvait vous aider ? Nous le savons tous, arr\u00eater de fumer n\u2019est pas chose ais\u00e9e\u00a0! De nombreux prestaires de soins peuvent vous conseiller dans votre cheminement notamment les tabacologues, les m\u00e9decins g\u00e9n\u00e9ralistes et \u00e9galement notre \u00e9quipe \u00e0 l&#8217;officine. Nous vous consacrerons le temps n\u00e9cessaire pour une prise en [&hellip;]<\/p>\n","protected":false},"author":1,"featured_media":10661,"parent":110,"menu_order":0,"comment_status":"closed","ping_status":"closed","template":"","meta":{"_themeisle_gutenberg_block_has_review":false,"footnotes":""},"class_list":["post-10318","page","type-page","status-publish","has-post-thumbnail","hentry"],"jetpack_sharing_enabled":true,"_links":{"self":[{"href":"https:\/\/www.pharmacie-guillaume.be\/index.php\/wp-json\/wp\/v2\/pages\/10318","targetHints":{"allow":["GET"]}}],"collection":[{"href":"https:\/\/www.pharmacie-guillaume.be\/index.php\/wp-json\/wp\/v2\/pages"}],"about":[{"href":"https:\/\/www.pharmacie-guillaume.be\/index.php\/wp-json\/wp\/v2\/types\/page"}],"author":[{"embeddable":true,"href":"https:\/\/www.pharmacie-guillaume.be\/index.php\/wp-json\/wp\/v2\/users\/1"}],"replies":[{"embeddable":true,"href":"https:\/\/www.pharmacie-guillaume.be\/index.php\/wp-json\/wp\/v2\/comments?post=10318"}],"version-history":[{"count":6,"href":"https:\/\/www.pharmacie-guillaume.be\/index.php\/wp-json\/wp\/v2\/pages\/10318\/revisions"}],"predecessor-version":[{"id":10713,"href":"https:\/\/www.pharmacie-guillaume.be\/index.php\/wp-json\/wp\/v2\/pages\/10318\/revisions\/10713"}],"up":[{"embeddable":true,"href":"https:\/\/www.pharmacie-guillaume.be\/index.php\/wp-json\/wp\/v2\/pages\/110"}],"wp:featuredmedia":[{"embeddable":true,"href":"https:\/\/www.pharmacie-guillaume.be\/index.php\/wp-json\/wp\/v2\/media\/10661"}],"wp:attachment":[{"href":"https:\/\/www.pharmacie-guillaume.be\/index.php\/wp-json\/wp\/v2\/media?parent=10318"}],"curies":[{"name":"wp","href":"https:\/\/api.w.org\/{rel}","templated":true}]}}