{"id":10312,"date":"2024-04-29T09:44:06","date_gmt":"2024-04-29T07:44:06","guid":{"rendered":"https:\/\/www.pharmacie-guillaume.be\/?page_id=10312"},"modified":"2024-09-17T14:12:05","modified_gmt":"2024-09-17T12:12:05","slug":"schema-de-medication","status":"publish","type":"page","link":"https:\/\/www.pharmacie-guillaume.be\/index.php\/services\/schema-de-medication\/","title":{"rendered":"Sch\u00e9ma de m\u00e9dication"},"content":{"rendered":"<div id=\"pl-10312\"  class=\"panel-layout\" ><div id=\"pg-10312-0\"  class=\"panel-grid panel-no-style\" ><div id=\"pgc-10312-0-0\"  class=\"panel-grid-cell\" ><div id=\"panel-10312-0-0-0\" class=\"so-panel widget widget_sow-editor panel-first-child panel-last-child\" data-index=\"0\" ><div\n\t\t\t\n\t\t\tclass=\"so-widget-sow-editor so-widget-sow-editor-base\"\n\t\t\t\n\t\t>\n<div class=\"siteorigin-widget-tinymce textwidget\">\n\t<p><span style=\"color: #000000; font-size: 16px;\"><strong>Nous vous proposons d'assurer la mission de\u00a0pharmacien de r\u00e9f\u00e9rence\u00a0afin de vous offrir\u00a0un suivi personnalis\u00e9 de votre traitement et vous accompagner\u00a0dans le bon usage de vos m\u00e9dicaments.<\/strong><\/span><\/p>\n<p><strong><span style=\"color: #000000;\">Les atouts du sch\u00e9ma de m\u00e9dication :<\/span><\/strong><\/p>\n<p><span style=\"color: #0000ff;\">1. Une vue d\u00e9taill\u00e9e de vos traitements :<\/span><br \/>\n<span style=\"color: #000000;\">Tous les m\u00e9dicaments prescrits par votre g\u00e9n\u00e9raliste, votre dentiste, vos m\u00e9decins sp\u00e9cialistes ainsi que les autres produits de sant\u00e9 achet\u00e9s sans prescription et susceptibles d\u2019interf\u00e9rer avec votre traitement sont enregistr\u00e9s dans votre sch\u00e9ma de m\u00e9dication.<\/span><br \/>\n<span style=\"color: #000000;\">Votre\u00a0pharmacien de r\u00e9f\u00e9rence\u00a0int\u00e8gre toutes ces informations dans votre\u00a0sch\u00e9ma de m\u00e9dication personnel\u00a0et le met \u00e0 jour d\u00e8s qu\u2019une adaptation survient.<\/span><\/p>\n<p><span style=\"color: #0000ff;\">2. Le bon m\u00e9dicament, au bon moment, \u00e0 la bonne dose :<\/span><br \/>\n<span style=\"color: #000000;\">A la fois r\u00e9sum\u00e9 et aide-m\u00e9moire, votre sch\u00e9ma de m\u00e9dication vous permet donc de savoir pr\u00e9cis\u00e9ment quand, comment et \u00e0 quelle dose prendre chacun de vos m\u00e9dicaments.<\/span><\/p>\n<p><span style=\"color: #0000ff;\">3. Une pr\u00e9paration facilit\u00e9e de vos m\u00e9dicaments<\/span><\/p>\n<p><span style=\"color: #0000ff;\">4. Vos donn\u00e9es de sant\u00e9 compl\u00e8tes et \u00e0 jour pour vos prestataires de soins de sant\u00e9 :<\/span><br \/>\n<span style=\"color: #000000;\">C'est une garantie pour b\u00e9n\u00e9ficier des meilleurs soins, le plus adapt\u00e9s \u00e0 vos besoins.<\/span><\/p>\n<p><span style=\"color: #0000ff;\">5. L\u2019information toujours accessible, m\u00eame en cas d\u2019hospitalisation ou d\u2019un voyage \u00e0 l\u2019\u00e9tranger\u00a0:<\/span><br \/>\n<span style=\"color: #000000;\">Avec un sch\u00e9ma de m\u00e9dication, vous n\u2019avez plus besoin d\u2019expliquer ou de noter les m\u00e9dicaments que vous prenez : vous avez tout sous la main !<\/span><br \/>\n<span style=\"color: #000000;\">C'est tout b\u00e9n\u00e9fice pour VOTRE sant\u00e9<\/span><\/p>\n<p><span style=\"color: #0000ff;\">6. Un service enti\u00e8rement gratuit pour le patient.<\/span><\/p>\n<p>&nbsp;<\/p>\n<\/div>\n<\/div><\/div><\/div><\/div><\/div>","protected":false},"excerpt":{"rendered":"<p>Nous vous proposons d&#8217;assurer la mission de\u00a0pharmacien de r\u00e9f\u00e9rence\u00a0afin de vous offrir\u00a0un suivi personnalis\u00e9 de votre traitement et vous accompagner\u00a0dans le bon usage de vos m\u00e9dicaments. Les atouts du sch\u00e9ma de m\u00e9dication : 1. Une vue d\u00e9taill\u00e9e de vos traitements : Tous les m\u00e9dicaments prescrits par votre g\u00e9n\u00e9raliste, votre dentiste, vos m\u00e9decins sp\u00e9cialistes ainsi que [&hellip;]<\/p>\n","protected":false},"author":1,"featured_media":10658,"parent":110,"menu_order":0,"comment_status":"closed","ping_status":"closed","template":"","meta":{"_themeisle_gutenberg_block_has_review":false,"footnotes":""},"class_list":["post-10312","page","type-page","status-publish","has-post-thumbnail","hentry"],"jetpack_sharing_enabled":true,"_links":{"self":[{"href":"https:\/\/www.pharmacie-guillaume.be\/index.php\/wp-json\/wp\/v2\/pages\/10312","targetHints":{"allow":["GET"]}}],"collection":[{"href":"https:\/\/www.pharmacie-guillaume.be\/index.php\/wp-json\/wp\/v2\/pages"}],"about":[{"href":"https:\/\/www.pharmacie-guillaume.be\/index.php\/wp-json\/wp\/v2\/types\/page"}],"author":[{"embeddable":true,"href":"https:\/\/www.pharmacie-guillaume.be\/index.php\/wp-json\/wp\/v2\/users\/1"}],"replies":[{"embeddable":true,"href":"https:\/\/www.pharmacie-guillaume.be\/index.php\/wp-json\/wp\/v2\/comments?post=10312"}],"version-history":[{"count":4,"href":"https:\/\/www.pharmacie-guillaume.be\/index.php\/wp-json\/wp\/v2\/pages\/10312\/revisions"}],"predecessor-version":[{"id":10698,"href":"https:\/\/www.pharmacie-guillaume.be\/index.php\/wp-json\/wp\/v2\/pages\/10312\/revisions\/10698"}],"up":[{"embeddable":true,"href":"https:\/\/www.pharmacie-guillaume.be\/index.php\/wp-json\/wp\/v2\/pages\/110"}],"wp:featuredmedia":[{"embeddable":true,"href":"https:\/\/www.pharmacie-guillaume.be\/index.php\/wp-json\/wp\/v2\/media\/10658"}],"wp:attachment":[{"href":"https:\/\/www.pharmacie-guillaume.be\/index.php\/wp-json\/wp\/v2\/media?parent=10312"}],"curies":[{"name":"wp","href":"https:\/\/api.w.org\/{rel}","templated":true}]}}