{"id":10310,"date":"2024-04-29T09:43:14","date_gmt":"2024-04-29T07:43:14","guid":{"rendered":"https:\/\/www.pharmacie-guillaume.be\/?page_id=10310"},"modified":"2024-09-17T14:00:41","modified_gmt":"2024-09-17T12:00:41","slug":"entretien-personnalise","status":"publish","type":"page","link":"https:\/\/www.pharmacie-guillaume.be\/index.php\/services\/entretien-personnalise\/","title":{"rendered":"Entretien personnalis\u00e9"},"content":{"rendered":"<div id=\"pl-10310\"  class=\"panel-layout\" ><div id=\"pg-10310-0\"  class=\"panel-grid panel-no-style\" ><div id=\"pgc-10310-0-0\"  class=\"panel-grid-cell\" ><div id=\"panel-10310-0-0-0\" class=\"so-panel widget widget_sow-editor panel-first-child panel-last-child\" data-index=\"0\" ><div\n\t\t\t\n\t\t\tclass=\"so-widget-sow-editor so-widget-sow-editor-base\"\n\t\t\t\n\t\t>\n<div class=\"siteorigin-widget-tinymce textwidget\">\n\t<p><strong>En nos qualit\u00e9s de pharmaciens de proximit\u00e9 et de r\u00e9f\u00e9rence, nous sommes r\u00e9guli\u00e8rement amen\u00e9s \u00e0 \u00e9couter, conseiller et aider nos patients pour des questions priv\u00e9es d\u2019ordre pharmaceutique.<\/strong> C\u2019est notre savoir-faire scientifique que nous mettons au service de VOTRE sant\u00e9.<\/p>\n<p>A votre demande, nous pouvons mettre en place une aide la plus appropri\u00e9e lors de votre sortie d\u2019une hospitalisation, en collaboration avec votre m\u00e9decin g\u00e9n\u00e9raliste et votre famille : location de mat\u00e9riel de soin \u00e0 domicile, oxyg\u00e9noth\u00e9rapie et mise en place \u00e9ventuelle de toute autre solution au service de votre sant\u00e9 et votre bien-\u00eatre.<\/p>\n<\/div>\n<\/div><\/div><\/div><\/div><\/div>","protected":false},"excerpt":{"rendered":"<p>En nos qualit\u00e9s de pharmaciens de proximit\u00e9 et de r\u00e9f\u00e9rence, nous sommes r\u00e9guli\u00e8rement amen\u00e9s \u00e0 \u00e9couter, conseiller et aider nos patients pour des questions priv\u00e9es d\u2019ordre pharmaceutique. C\u2019est notre savoir-faire scientifique que nous mettons au service de VOTRE sant\u00e9. A votre demande, nous pouvons mettre en place une aide la plus appropri\u00e9e lors de votre [&hellip;]<\/p>\n","protected":false},"author":1,"featured_media":10657,"parent":110,"menu_order":0,"comment_status":"closed","ping_status":"closed","template":"","meta":{"_themeisle_gutenberg_block_has_review":false,"footnotes":""},"class_list":["post-10310","page","type-page","status-publish","has-post-thumbnail","hentry"],"jetpack_sharing_enabled":true,"_links":{"self":[{"href":"https:\/\/www.pharmacie-guillaume.be\/index.php\/wp-json\/wp\/v2\/pages\/10310","targetHints":{"allow":["GET"]}}],"collection":[{"href":"https:\/\/www.pharmacie-guillaume.be\/index.php\/wp-json\/wp\/v2\/pages"}],"about":[{"href":"https:\/\/www.pharmacie-guillaume.be\/index.php\/wp-json\/wp\/v2\/types\/page"}],"author":[{"embeddable":true,"href":"https:\/\/www.pharmacie-guillaume.be\/index.php\/wp-json\/wp\/v2\/users\/1"}],"replies":[{"embeddable":true,"href":"https:\/\/www.pharmacie-guillaume.be\/index.php\/wp-json\/wp\/v2\/comments?post=10310"}],"version-history":[{"count":3,"href":"https:\/\/www.pharmacie-guillaume.be\/index.php\/wp-json\/wp\/v2\/pages\/10310\/revisions"}],"predecessor-version":[{"id":10691,"href":"https:\/\/www.pharmacie-guillaume.be\/index.php\/wp-json\/wp\/v2\/pages\/10310\/revisions\/10691"}],"up":[{"embeddable":true,"href":"https:\/\/www.pharmacie-guillaume.be\/index.php\/wp-json\/wp\/v2\/pages\/110"}],"wp:featuredmedia":[{"embeddable":true,"href":"https:\/\/www.pharmacie-guillaume.be\/index.php\/wp-json\/wp\/v2\/media\/10657"}],"wp:attachment":[{"href":"https:\/\/www.pharmacie-guillaume.be\/index.php\/wp-json\/wp\/v2\/media?parent=10310"}],"curies":[{"name":"wp","href":"https:\/\/api.w.org\/{rel}","templated":true}]}}